{"id":8138,"date":"2024-11-28T12:38:03","date_gmt":"2024-11-28T12:38:03","guid":{"rendered":"https:\/\/whitelip.com\/lundgrens-ang\/"},"modified":"2026-05-06T10:11:35","modified_gmt":"2026-05-06T10:11:35","slug":"lundgrens-ang","status":"publish","type":"product","link":"https:\/\/whitelip.com\/de\/lundgrens\/lundgrens-ang\/","title":{"rendered":"LUNDGRENS \u00c4ng"},"content":{"rendered":"<h2><b>LUNDGRENS \u00c4ng<\/b><\/h2>\n<p><span style=\"font-weight: 400;\">LUNDGRENS \u00c4ng Nikotinbeutel bieten einen frischen und blumigen Geschmack, der von schwedischen Wiesen inspiriert ist und ein einzigartiges und aromatisches Erlebnis bietet. Diese schlanken, ganz wei\u00dfen Beutel bieten einen diskreten und bequemen Sitz unter der Lippe und gew\u00e4hrleisten eine saubere Freisetzung von Geschmack und Nikotin. Perfekt f\u00fcr alle, die ein mildes und doch erfrischendes Gef\u00fchl suchen. LUNDGRENS \u00c4ng wurde entwickelt, um eine nat\u00fcrliche und ausgewogene Nikotinabgabe zu bieten, ohne die Z\u00e4hne zu verf\u00e4rben.<\/span><\/p>\n<table>\n<tbody>\n<tr>\n<td><b>Attribut<\/b><\/td>\n<td><b>Einzelheiten<\/b><\/td>\n<\/tr>\n<tr>\n<td><span style=\"font-weight: 400;\">Inhalt pro Dose<\/span><\/td>\n<td><span style=\"font-weight: 400;\">21.6g<\/span><\/td>\n<\/tr>\n<tr>\n<td><span style=\"font-weight: 400;\">Nikotingehalt<\/span><\/td>\n<td><span style=\"font-weight: 400;\">10 mg\/g (8 mg pro Beutel)<\/span><\/td>\n<\/tr>\n<tr>\n<td><span style=\"font-weight: 400;\">Format der Tasche<\/span><\/td>\n<td><span style=\"font-weight: 400;\">Schlank<\/span><\/td>\n<\/tr>\n<tr>\n<td><span style=\"font-weight: 400;\">Produzent<\/span><\/td>\n<td><span style=\"font-weight: 400;\">Fiedler &amp; Lundgren<\/span><\/td>\n<\/tr>\n<tr>\n<td><span style=\"font-weight: 400;\">Geschmack<\/span><\/td>\n<td><span style=\"font-weight: 400;\">Blumig und frisch<\/span><\/td>\n<\/tr>\n<tr>\n<td><span style=\"font-weight: 400;\">Typ<\/span><\/td>\n<td><span style=\"font-weight: 400;\">Wei\u00dfe Beutel, tabakfrei<\/span><\/td>\n<\/tr>\n<\/tbody>\n<\/table>","protected":false},"excerpt":{"rendered":"<p>Lundgrens \u00c4ng <strong data-start=\"14\" data-end=\"44\">frische, blumige Wiesennoten<\/strong> liefern ein einzigartiges, aromatisches Erlebnis. Die <strong data-start=\"88\" data-end=\"107\">schlank,<\/strong> Die ganz wei\u00dfen Beutel sitzen diskret unter der Lippe und sorgen f\u00fcr eine saubere, bequeme Anwendung und eine nat\u00fcrliche, ausgewogene Nikotinabgabe ohne Verf\u00e4rbung der Z\u00e4hne. Ideal f\u00fcr alle, die ein mildes, erfrischendes Gef\u00fchl suchen.<\/p>","protected":false},"featured_media":2968,"comment_status":"open","ping_status":"closed","template":"","format":[204],"meta":{"_acf_changed":false},"product_brand":[],"product_cat":[59],"product_tag":[16583],"flavours":[196],"nicotine":[207,236],"class_list":{"0":"post-8138","1":"product","2":"type-product","3":"status-publish","4":"has-post-thumbnail","6":"product_cat-lundgrens","7":"product_tag-8-mg-pouch","8":"pa_quantity-1-pack","9":"pa_quantity-10-pack","10":"pa_quantity-3-pack","11":"pa_quantity-30-pack","12":"pa_quantity-5-pack","13":"pa_quantity-60-pack","14":"flavours-fruits-berries","15":"format-large","16":"nicotine-10-mg-g","17":"nicotine-strong","19":"first","20":"outofstock","21":"taxable","22":"shipping-taxable","23":"purchasable","24":"product-type-variable"},"acf":[],"_links":{"self":[{"href":"https:\/\/whitelip.com\/de\/wp-json\/wp\/v2\/product\/8138","targetHints":{"allow":["GET"]}}],"collection":[{"href":"https:\/\/whitelip.com\/de\/wp-json\/wp\/v2\/product"}],"about":[{"href":"https:\/\/whitelip.com\/de\/wp-json\/wp\/v2\/types\/product"}],"replies":[{"embeddable":true,"href":"https:\/\/whitelip.com\/de\/wp-json\/wp\/v2\/comments?post=8138"}],"wp:featuredmedia":[{"embeddable":true,"href":"https:\/\/whitelip.com\/de\/wp-json\/wp\/v2\/media\/2968"}],"wp:attachment":[{"href":"https:\/\/whitelip.com\/de\/wp-json\/wp\/v2\/media?parent=8138"}],"wp:term":[{"taxonomy":"product_brand","embeddable":true,"href":"https:\/\/whitelip.com\/de\/wp-json\/wp\/v2\/product_brand?post=8138"},{"taxonomy":"product_cat","embeddable":true,"href":"https:\/\/whitelip.com\/de\/wp-json\/wp\/v2\/product_cat?post=8138"},{"taxonomy":"product_tag","embeddable":true,"href":"https:\/\/whitelip.com\/de\/wp-json\/wp\/v2\/product_tag?post=8138"},{"taxonomy":"flavours","embeddable":true,"href":"https:\/\/whitelip.com\/de\/wp-json\/wp\/v2\/flavours?post=8138"},{"taxonomy":"format","embeddable":true,"href":"https:\/\/whitelip.com\/de\/wp-json\/wp\/v2\/format?post=8138"},{"taxonomy":"nicotine","embeddable":true,"href":"https:\/\/whitelip.com\/de\/wp-json\/wp\/v2\/nicotine?post=8138"}],"curies":[{"name":"wp","href":"https:\/\/api.w.org\/{rel}","templated":true}]}}