{"id":8130,"date":"2024-11-28T12:38:02","date_gmt":"2024-11-28T12:38:02","guid":{"rendered":"https:\/\/whitelip.com\/siberia-80-all-white-super-slim\/"},"modified":"2026-04-29T16:53:40","modified_gmt":"2026-04-29T16:53:40","slug":"siberia-80-all-white-super-slim","status":"publish","type":"product","link":"https:\/\/whitelip.com\/de\/siberia\/siberia-80-all-white-super-slim\/","title":{"rendered":"Siberia -80 All White Super Slim"},"content":{"rendered":"<h2><b>Siberia -80 All White Super Slim<\/b><\/h2>\n<p><span style=\"font-weight: 400;\">Siberia -80 All White Super Slim Nikotinbeutel bieten ein au\u00dfergew\u00f6hnlich starkes Nikotinerlebnis mit einem knackigen und erfrischenden eisigen Minzgeschmack. Diese superschlanken, tabakfreien Beutel sind f\u00fcr maximale Diskretion und Komfort ausgelegt und passen nahtlos unter die Lippe. Ma\u00dfgeschneidert f\u00fcr erfahrene Nutzer, bietet Siberia -80 All White Super Slim eine saubere, intensive Freisetzung von Geschmack und Nikotin ohne Verf\u00e4rbung der Z\u00e4hne.<\/span><\/p>\n<table>\n<tbody>\n<tr>\n<td><b>Attribut<\/b><\/td>\n<td><b>Einzelheiten<\/b><\/td>\n<\/tr>\n<tr>\n<td><span style=\"font-weight: 400;\">Inhalt pro Dose<\/span><\/td>\n<td><span style=\"font-weight: 400;\">15g (20 Beutel)<\/span><\/td>\n<\/tr>\n<tr>\n<td><span style=\"font-weight: 400;\">Nikotingehalt<\/span><\/td>\n<td><span style=\"font-weight: 400;\">33 mg\/g (16,5 mg pro Beutel)<\/span><\/td>\n<\/tr>\n<tr>\n<td><span style=\"font-weight: 400;\">Format der Tasche<\/span><\/td>\n<td><span style=\"font-weight: 400;\">Super Schlank<\/span><\/td>\n<\/tr>\n<tr>\n<td><span style=\"font-weight: 400;\">Produzent<\/span><\/td>\n<td><span style=\"font-weight: 400;\">SIBERIEN<\/span><\/td>\n<\/tr>\n<tr>\n<td><span style=\"font-weight: 400;\">Geschmack<\/span><\/td>\n<td><span style=\"font-weight: 400;\">Eiskalte Minze<\/span><\/td>\n<\/tr>\n<tr>\n<td><span style=\"font-weight: 400;\">Typ<\/span><\/td>\n<td><span style=\"font-weight: 400;\">Wei\u00dfe Beutel, tabakfrei<\/span><\/td>\n<\/tr>\n<\/tbody>\n<\/table>","protected":false},"excerpt":{"rendered":"<p>Siberia -80 All White Super Slim Nikotinbeutel liefern einen au\u00dfergew\u00f6hnlich starken <strong data-start=\"82\" data-end=\"94\">Eiskalte Minze<\/strong> Geschmack mit einer knackigen, erfrischenden K\u00fchle. <strong data-start=\"134\" data-end=\"142\">Schlank<\/strong>, Das tabakfreie Format sorgt f\u00fcr maximale Diskretion und Komfort unter der Lippe. Jeder Beutel enth\u00e4lt <strong data-start=\"234\" data-end=\"254\">16,5 mg Nikotin<\/strong>. Saubere, intensive Freisetzung ohne Verf\u00e4rbung der Z\u00e4hne.<\/p>","protected":false},"featured_media":8131,"comment_status":"open","ping_status":"closed","template":"","format":[206],"meta":{"_acf_changed":false},"product_brand":[],"product_cat":[61],"product_tag":[16701],"flavours":[199],"nicotine":[222,233],"class_list":{"0":"post-8130","1":"product","2":"type-product","3":"status-publish","4":"has-post-thumbnail","6":"product_cat-siberia","7":"product_tag-16-5-mg-pouch","8":"pa_quantity-1-pack","9":"pa_quantity-10-pack","10":"pa_quantity-3-pack","11":"pa_quantity-30-pack","12":"pa_quantity-5-pack","13":"pa_quantity-60-pack","14":"flavours-mint","15":"format-slim","16":"nicotine-33-mg-g","17":"nicotine-extreme","19":"first","20":"instock","21":"taxable","22":"shipping-taxable","23":"purchasable","24":"product-type-variable"},"acf":[],"_links":{"self":[{"href":"https:\/\/whitelip.com\/de\/wp-json\/wp\/v2\/product\/8130","targetHints":{"allow":["GET"]}}],"collection":[{"href":"https:\/\/whitelip.com\/de\/wp-json\/wp\/v2\/product"}],"about":[{"href":"https:\/\/whitelip.com\/de\/wp-json\/wp\/v2\/types\/product"}],"replies":[{"embeddable":true,"href":"https:\/\/whitelip.com\/de\/wp-json\/wp\/v2\/comments?post=8130"}],"wp:featuredmedia":[{"embeddable":true,"href":"https:\/\/whitelip.com\/de\/wp-json\/wp\/v2\/media\/8131"}],"wp:attachment":[{"href":"https:\/\/whitelip.com\/de\/wp-json\/wp\/v2\/media?parent=8130"}],"wp:term":[{"taxonomy":"product_brand","embeddable":true,"href":"https:\/\/whitelip.com\/de\/wp-json\/wp\/v2\/product_brand?post=8130"},{"taxonomy":"product_cat","embeddable":true,"href":"https:\/\/whitelip.com\/de\/wp-json\/wp\/v2\/product_cat?post=8130"},{"taxonomy":"product_tag","embeddable":true,"href":"https:\/\/whitelip.com\/de\/wp-json\/wp\/v2\/product_tag?post=8130"},{"taxonomy":"flavours","embeddable":true,"href":"https:\/\/whitelip.com\/de\/wp-json\/wp\/v2\/flavours?post=8130"},{"taxonomy":"format","embeddable":true,"href":"https:\/\/whitelip.com\/de\/wp-json\/wp\/v2\/format?post=8130"},{"taxonomy":"nicotine","embeddable":true,"href":"https:\/\/whitelip.com\/de\/wp-json\/wp\/v2\/nicotine?post=8130"}],"curies":[{"name":"wp","href":"https:\/\/api.w.org\/{rel}","templated":true}]}}