{"id":8124,"date":"2024-11-28T12:38:02","date_gmt":"2024-11-28T12:38:02","guid":{"rendered":"https:\/\/whitelip.com\/killa-cold-mint-xxl\/"},"modified":"2026-04-08T04:06:20","modified_gmt":"2026-04-08T04:06:20","slug":"killa-cold-mint-xxl","status":"publish","type":"product","link":"https:\/\/whitelip.com\/de\/killa\/killa-cold-mint-xxl\/","title":{"rendered":"KILLA Kalte Minze XXL"},"content":{"rendered":"<h2><b>KILLA Kalte Minze XXL<\/b><\/h2>\n<p><span style=\"font-weight: 400;\">KILLA Cold Mint XXL Nikotinbeutel bieten eine belebende Mischung aus eisigem Minz- und Mentholgeschmack und sorgen f\u00fcr ein erfrischendes und intensives Erlebnis. Diese tabakfreien Beutel sind eine diskrete und bequeme Alternative zu herk\u00f6mmlichen Nikotinprodukten und wurden f\u00fcr Benutzer entwickelt, die einen starken Nikotinsto\u00df w\u00fcnschen. Das schlanke Format sorgt f\u00fcr einen bequemen Sitz unter der Lippe, so dass sie jederzeit und \u00fcberall verwendet werden k\u00f6nnen. Mit 30 Beuteln pro Dose - 10 mehr als bei der Standard-KILLA Cold Mint - bietet diese XXL-Edition einen l\u00e4ngeren Genuss f\u00fcr alle, die einen starken und belebenden Geschmack sch\u00e4tzen.<\/span><\/p>\n<table>\n<tbody>\n<tr>\n<td><b>Attribut<\/b><\/td>\n<td><b>Einzelheiten<\/b><\/td>\n<\/tr>\n<tr>\n<td><span style=\"font-weight: 400;\">Inhalt pro Dose<\/span><\/td>\n<td><span style=\"font-weight: 400;\">24 g (30 Beutel)<\/span><\/td>\n<\/tr>\n<tr>\n<td><span style=\"font-weight: 400;\">Nikotingehalt<\/span><\/td>\n<td><span style=\"font-weight: 400;\">16 mg\/g (16 mg pro Beutel)<\/span><\/td>\n<\/tr>\n<tr>\n<td><span style=\"font-weight: 400;\">Format der Tasche<\/span><\/td>\n<td><span style=\"font-weight: 400;\">Schlank<\/span><\/td>\n<\/tr>\n<tr>\n<td><span style=\"font-weight: 400;\">Produzent<\/span><\/td>\n<td><span style=\"font-weight: 400;\">N.G.P. Empire<\/span><\/td>\n<\/tr>\n<tr>\n<td><span style=\"font-weight: 400;\">Geschmack<\/span><\/td>\n<td><span style=\"font-weight: 400;\">Eiskalte Minze, Menthol<\/span><\/td>\n<\/tr>\n<tr>\n<td><span style=\"font-weight: 400;\">Typ<\/span><\/td>\n<td><span style=\"font-weight: 400;\">Wei\u00dfe Beutel, tabakfrei<\/span><\/td>\n<\/tr>\n<\/tbody>\n<\/table>","protected":false},"excerpt":{"rendered":"<p>Belebend <strong data-start=\"13\" data-end=\"26\">Kalte Minze<\/strong> mit eisiger Minze und Menthol f\u00fcr einen erfrischenden, intensiven Auftrieb. <strong data-start=\"85\" data-end=\"93\">Schlank<\/strong>, Die tabakfreien Beutel passen diskret unter die Lippe; <strong data-start=\"146\" data-end=\"168\">30 Beutel pro Dose<\/strong> f\u00fcr l\u00e4ngeren Genuss. Jeder Beutel enth\u00e4lt <strong data-start=\"213\" data-end=\"233\">12,8 mg Nikotin<\/strong>, und sorgt f\u00fcr einen starken, belebenden Kick.<\/p>","protected":false},"featured_media":8125,"comment_status":"open","ping_status":"closed","template":"","format":[206],"meta":{"_acf_changed":false},"product_brand":[],"product_cat":[64],"product_tag":[16569],"flavours":[199],"nicotine":[213,232],"class_list":{"0":"post-8124","1":"product","2":"type-product","3":"status-publish","4":"has-post-thumbnail","6":"product_cat-killa","7":"product_tag-16-mg-pouch","8":"pa_quantity-1-pack","9":"pa_quantity-10-pack","10":"pa_quantity-3-pack","11":"pa_quantity-30-pack","12":"pa_quantity-5-pack","13":"pa_quantity-60-pack","14":"flavours-mint","15":"format-slim","16":"nicotine-16-mg-g","17":"nicotine-extra-strong","19":"first","20":"instock","21":"taxable","22":"shipping-taxable","23":"purchasable","24":"product-type-variable"},"acf":[],"_links":{"self":[{"href":"https:\/\/whitelip.com\/de\/wp-json\/wp\/v2\/product\/8124","targetHints":{"allow":["GET"]}}],"collection":[{"href":"https:\/\/whitelip.com\/de\/wp-json\/wp\/v2\/product"}],"about":[{"href":"https:\/\/whitelip.com\/de\/wp-json\/wp\/v2\/types\/product"}],"replies":[{"embeddable":true,"href":"https:\/\/whitelip.com\/de\/wp-json\/wp\/v2\/comments?post=8124"}],"wp:featuredmedia":[{"embeddable":true,"href":"https:\/\/whitelip.com\/de\/wp-json\/wp\/v2\/media\/8125"}],"wp:attachment":[{"href":"https:\/\/whitelip.com\/de\/wp-json\/wp\/v2\/media?parent=8124"}],"wp:term":[{"taxonomy":"product_brand","embeddable":true,"href":"https:\/\/whitelip.com\/de\/wp-json\/wp\/v2\/product_brand?post=8124"},{"taxonomy":"product_cat","embeddable":true,"href":"https:\/\/whitelip.com\/de\/wp-json\/wp\/v2\/product_cat?post=8124"},{"taxonomy":"product_tag","embeddable":true,"href":"https:\/\/whitelip.com\/de\/wp-json\/wp\/v2\/product_tag?post=8124"},{"taxonomy":"flavours","embeddable":true,"href":"https:\/\/whitelip.com\/de\/wp-json\/wp\/v2\/flavours?post=8124"},{"taxonomy":"format","embeddable":true,"href":"https:\/\/whitelip.com\/de\/wp-json\/wp\/v2\/format?post=8124"},{"taxonomy":"nicotine","embeddable":true,"href":"https:\/\/whitelip.com\/de\/wp-json\/wp\/v2\/nicotine?post=8124"}],"curies":[{"name":"wp","href":"https:\/\/api.w.org\/{rel}","templated":true}]}}