{"id":8114,"date":"2024-11-28T12:37:40","date_gmt":"2024-11-28T12:37:40","guid":{"rendered":"https:\/\/whitelip.com\/siberia-80-all-white-portion\/"},"modified":"2026-04-17T19:39:49","modified_gmt":"2026-04-17T19:39:49","slug":"siberia-80-all-white-portion","status":"publish","type":"product","link":"https:\/\/whitelip.com\/de\/siberia\/siberia-80-all-white-portion\/","title":{"rendered":"Sibirien -80 All White Portion"},"content":{"rendered":"<h2><b>Sibirien -80 All White Portion<\/b><\/h2>\n<p><span style=\"font-weight: 400;\">Siberia -80 All White Portion Nikotinbeutel bieten ein intensives Nikotinerlebnis in Kombination mit einem erfrischenden, eisigen Minzgeschmack. Diese komplett wei\u00dfen, tabakfreien Portionen sind f\u00fcr einen bequemen und diskreten Gebrauch konzipiert und passen leicht unter die Lippe. Die Siberia -80 All White Portion wurde f\u00fcr erfahrene Raucher entwickelt und gew\u00e4hrleistet eine saubere, starke Freisetzung von Geschmack und Nikotin, ohne die Z\u00e4hne zu verf\u00e4rben. Die ausgewogene Portionsgr\u00f6\u00dfe bietet eine zufriedenstellende Option f\u00fcr alle, die ein extrem starkes Nikotinprodukt suchen.<\/span><\/p>\n<table>\n<tbody>\n<tr>\n<td><b>Attribut<\/b><\/td>\n<td><b>Einzelheiten<\/b><\/td>\n<\/tr>\n<tr>\n<td><span style=\"font-weight: 400;\">Inhalt pro Dose<\/span><\/td>\n<td><span style=\"font-weight: 400;\">15g (20 Beutel)<\/span><\/td>\n<\/tr>\n<tr>\n<td><span style=\"font-weight: 400;\">Nikotingehalt<\/span><\/td>\n<td><span style=\"font-weight: 400;\">33 mg\/g (25 mg pro Beutel)<\/span><\/td>\n<\/tr>\n<tr>\n<td><span style=\"font-weight: 400;\">Format der Tasche<\/span><\/td>\n<td><span style=\"font-weight: 400;\">Portion<\/span><\/td>\n<\/tr>\n<tr>\n<td><span style=\"font-weight: 400;\">Produzent<\/span><\/td>\n<td><span style=\"font-weight: 400;\">SIBERIEN<\/span><\/td>\n<\/tr>\n<tr>\n<td><span style=\"font-weight: 400;\">Geschmack<\/span><\/td>\n<td><span style=\"font-weight: 400;\">Eiskalte Minze<\/span><\/td>\n<\/tr>\n<tr>\n<td><span style=\"font-weight: 400;\">Typ<\/span><\/td>\n<td><span style=\"font-weight: 400;\">Wei\u00dfe Beutel, tabakfrei<\/span><\/td>\n<\/tr>\n<\/tbody>\n<\/table>","protected":false},"excerpt":{"rendered":"<p>Siberia -80 All White Portion Nikotinbeutel liefern einen intensiven <strong data-start=\"66\" data-end=\"78\">Eiskalte Minze<\/strong> Geschmack mit einer knackigen, erfrischenden Abk\u00fchlung. Die ganz wei\u00dfen, tabakfreien Portionen passen diskret unter die Lippe und sorgen f\u00fcr einen sauberen, kraftvollen Gebrauch. Jeder Beutel enth\u00e4lt <strong data-start=\"225\" data-end=\"243\">25 mg Nikotin<\/strong>.<\/p>","protected":false},"featured_media":8115,"comment_status":"open","ping_status":"closed","template":"","format":[204],"meta":{"_acf_changed":false},"product_brand":[],"product_cat":[61],"product_tag":[16589],"flavours":[199],"nicotine":[222,233],"class_list":{"0":"post-8114","1":"product","2":"type-product","3":"status-publish","4":"has-post-thumbnail","6":"product_cat-siberia","7":"product_tag-25-mg-pouch","8":"pa_quantity-1-pack","9":"pa_quantity-10-pack","10":"pa_quantity-3-pack","11":"pa_quantity-30-pack","12":"pa_quantity-5-pack","13":"pa_quantity-60-pack","14":"flavours-mint","15":"format-large","16":"nicotine-33-mg-g","17":"nicotine-extreme","19":"first","20":"instock","21":"taxable","22":"shipping-taxable","23":"purchasable","24":"product-type-variable"},"acf":[],"_links":{"self":[{"href":"https:\/\/whitelip.com\/de\/wp-json\/wp\/v2\/product\/8114","targetHints":{"allow":["GET"]}}],"collection":[{"href":"https:\/\/whitelip.com\/de\/wp-json\/wp\/v2\/product"}],"about":[{"href":"https:\/\/whitelip.com\/de\/wp-json\/wp\/v2\/types\/product"}],"replies":[{"embeddable":true,"href":"https:\/\/whitelip.com\/de\/wp-json\/wp\/v2\/comments?post=8114"}],"wp:featuredmedia":[{"embeddable":true,"href":"https:\/\/whitelip.com\/de\/wp-json\/wp\/v2\/media\/8115"}],"wp:attachment":[{"href":"https:\/\/whitelip.com\/de\/wp-json\/wp\/v2\/media?parent=8114"}],"wp:term":[{"taxonomy":"product_brand","embeddable":true,"href":"https:\/\/whitelip.com\/de\/wp-json\/wp\/v2\/product_brand?post=8114"},{"taxonomy":"product_cat","embeddable":true,"href":"https:\/\/whitelip.com\/de\/wp-json\/wp\/v2\/product_cat?post=8114"},{"taxonomy":"product_tag","embeddable":true,"href":"https:\/\/whitelip.com\/de\/wp-json\/wp\/v2\/product_tag?post=8114"},{"taxonomy":"flavours","embeddable":true,"href":"https:\/\/whitelip.com\/de\/wp-json\/wp\/v2\/flavours?post=8114"},{"taxonomy":"format","embeddable":true,"href":"https:\/\/whitelip.com\/de\/wp-json\/wp\/v2\/format?post=8114"},{"taxonomy":"nicotine","embeddable":true,"href":"https:\/\/whitelip.com\/de\/wp-json\/wp\/v2\/nicotine?post=8114"}],"curies":[{"name":"wp","href":"https:\/\/api.w.org\/{rel}","templated":true}]}}