{"id":8102,"date":"2024-11-28T12:37:17","date_gmt":"2024-11-28T12:37:17","guid":{"rendered":"https:\/\/whitelip.com\/iceberg-arasaka-extreme\/"},"modified":"2026-05-11T10:11:25","modified_gmt":"2026-05-11T10:11:25","slug":"iceberg-arasaka-extreme","status":"publish","type":"product","link":"https:\/\/whitelip.com\/de\/iceberg\/iceberg-arasaka-extreme\/","title":{"rendered":"ICEBERG Arasaka Extreme"},"content":{"rendered":"<h2><b>ICEBERG Arasaka Extreme<\/b><\/h2>\n<p><span style=\"font-weight: 400;\">ICEBERG Arasaka Extreme Nikotinbeutel vereinen modernste Innovation mit einem intensiven Nikotinkick und bieten ein k\u00fchnes und belebendes Erlebnis f\u00fcr erfahrene Raucher. Mit einem einzigartigen, modernen Geschmack, der von japanischen Zitrus- und Kr\u00e4uternoten inspiriert ist, liefern diese Beutel ein erfrischendes und starkes Gef\u00fchl. Das schlanke, tabakfreie Design sorgt f\u00fcr einen diskreten Gebrauch und macht sie zu einem perfekten Begleiter f\u00fcr einen aktiven Lebensstil. ICEBERG Arasaka Extreme zeichnet sich durch seinen unverwechselbaren Geschmack und die starke Nikotinabgabe aus.<\/span><\/p>\n<table>\n<tbody>\n<tr>\n<td><b>Attribut<\/b><\/td>\n<td><b>Einzelheiten<\/b><\/td>\n<\/tr>\n<tr>\n<td><span style=\"font-weight: 400;\">Inhalt pro Dose<\/span><\/td>\n<td><span style=\"font-weight: 400;\">12g (20 Beutel)<\/span><\/td>\n<\/tr>\n<tr>\n<td><span style=\"font-weight: 400;\">Nikotingehalt<\/span><\/td>\n<td><span style=\"font-weight: 400;\">50 mg\/g (35 mg pro Beutel)<\/span><\/td>\n<\/tr>\n<tr>\n<td><span style=\"font-weight: 400;\">Format der Tasche<\/span><\/td>\n<td><span style=\"font-weight: 400;\">Schlank<\/span><\/td>\n<\/tr>\n<tr>\n<td><span style=\"font-weight: 400;\">Produzent<\/span><\/td>\n<td><span style=\"font-weight: 400;\">ICEBERG<\/span><\/td>\n<\/tr>\n<tr>\n<td><span style=\"font-weight: 400;\">Geschmack<\/span><\/td>\n<td><span style=\"font-weight: 400;\">Japanische Zitrusfr\u00fcchte und Kr\u00e4uter<\/span><\/td>\n<\/tr>\n<tr>\n<td><span style=\"font-weight: 400;\">Typ<\/span><\/td>\n<td><span style=\"font-weight: 400;\">Wei\u00dfe Beutel, tabakfrei<\/span><\/td>\n<\/tr>\n<\/tbody>\n<\/table>\n<p>\u00a0<\/p>","protected":false},"excerpt":{"rendered":"<p>ICEBERG Arasaka Extreme bietet eine k\u00fchne, belebende <strong data-start=\"52\" data-end=\"63\">Arasaka<\/strong> Geschmack mit japanischen Zitrus- und Kr\u00e4uternoten. <strong data-start=\"110\" data-end=\"118\">Schlank<\/strong> Die tabakfreien Beutel sitzen diskret unter der Lippe und f\u00e4rben nicht ab. Jeder Beutel enth\u00e4lt <strong data-start=\"207\" data-end=\"225\">35 mg Nikotin<\/strong>, und liefert einen kraftvollen, erfrischenden Hit. Produziert von Neoptolem in Polen.<\/p>","protected":false},"featured_media":8103,"comment_status":"open","ping_status":"closed","template":"","format":[206],"meta":{"_acf_changed":false},"product_brand":[],"product_cat":[50],"product_tag":[16603],"flavours":[196],"nicotine":[226,233],"class_list":{"0":"post-8102","1":"product","2":"type-product","3":"status-publish","4":"has-post-thumbnail","6":"product_cat-iceberg","7":"product_tag-35-mg-pouch","8":"pa_quantity-1-pack","9":"pa_quantity-10-pack","10":"pa_quantity-3-pack","11":"pa_quantity-30-pack","12":"pa_quantity-5-pack","13":"pa_quantity-60-pack","14":"flavours-fruits-berries","15":"format-slim","16":"nicotine-50-mg-g","17":"nicotine-extreme","19":"first","20":"instock","21":"taxable","22":"shipping-taxable","23":"purchasable","24":"product-type-variable"},"acf":[],"_links":{"self":[{"href":"https:\/\/whitelip.com\/de\/wp-json\/wp\/v2\/product\/8102","targetHints":{"allow":["GET"]}}],"collection":[{"href":"https:\/\/whitelip.com\/de\/wp-json\/wp\/v2\/product"}],"about":[{"href":"https:\/\/whitelip.com\/de\/wp-json\/wp\/v2\/types\/product"}],"replies":[{"embeddable":true,"href":"https:\/\/whitelip.com\/de\/wp-json\/wp\/v2\/comments?post=8102"}],"wp:featuredmedia":[{"embeddable":true,"href":"https:\/\/whitelip.com\/de\/wp-json\/wp\/v2\/media\/8103"}],"wp:attachment":[{"href":"https:\/\/whitelip.com\/de\/wp-json\/wp\/v2\/media?parent=8102"}],"wp:term":[{"taxonomy":"product_brand","embeddable":true,"href":"https:\/\/whitelip.com\/de\/wp-json\/wp\/v2\/product_brand?post=8102"},{"taxonomy":"product_cat","embeddable":true,"href":"https:\/\/whitelip.com\/de\/wp-json\/wp\/v2\/product_cat?post=8102"},{"taxonomy":"product_tag","embeddable":true,"href":"https:\/\/whitelip.com\/de\/wp-json\/wp\/v2\/product_tag?post=8102"},{"taxonomy":"flavours","embeddable":true,"href":"https:\/\/whitelip.com\/de\/wp-json\/wp\/v2\/flavours?post=8102"},{"taxonomy":"format","embeddable":true,"href":"https:\/\/whitelip.com\/de\/wp-json\/wp\/v2\/format?post=8102"},{"taxonomy":"nicotine","embeddable":true,"href":"https:\/\/whitelip.com\/de\/wp-json\/wp\/v2\/nicotine?post=8102"}],"curies":[{"name":"wp","href":"https:\/\/api.w.org\/{rel}","templated":true}]}}