{"id":8088,"date":"2024-11-28T12:37:16","date_gmt":"2024-11-28T12:37:16","guid":{"rendered":"https:\/\/whitelip.com\/iceberg-raspberry-gum-extreme\/"},"modified":"2026-04-21T10:11:23","modified_gmt":"2026-04-21T10:11:23","slug":"iceberg-raspberry-gum-extreme","status":"publish","type":"product","link":"https:\/\/whitelip.com\/de\/iceberg\/iceberg-raspberry-gum-extreme\/","title":{"rendered":"ICEBERG Himbeerkaugummi Extrem"},"content":{"rendered":"<h2><b>ICEBERG Himbeerkaugummi Extrem<\/b><\/h2>\n<p><span style=\"font-weight: 400;\">ICEBERG Raspberry Gum Extreme Nikotinbeutel liefern einen spritzigen Himbeergeschmack mit einem weichen, kaugummiartigen Abgang und bieten ein einzigartiges und befriedigendes Erlebnis. Diese tabakfreien Beutel wurden f\u00fcr erfahrene Raucher entwickelt, die einen intensiven Nikotinkick in Kombination mit einem fruchtigen Geschmack bevorzugen. Das schlanke Beutelformat sorgt f\u00fcr eine diskrete und bequeme Anwendung und erm\u00f6glicht es Ihnen, eine erfrischende und geschmackvolle Nikotinoption zu genie\u00dfen, wo immer Sie sind. ICEBERG Raspberry Gum Extreme zeichnet sich durch seinen lebendigen Geschmack und seine robuste St\u00e4rke aus.<\/span><\/p>\n<table>\n<tbody>\n<tr>\n<td><b>Attribut<\/b><\/td>\n<td><b>Einzelheiten<\/b><\/td>\n<\/tr>\n<tr>\n<td><span style=\"font-weight: 400;\">Inhalt pro Dose<\/span><\/td>\n<td><span style=\"font-weight: 400;\">12g (20 Beutel)<\/span><\/td>\n<\/tr>\n<tr>\n<td><span style=\"font-weight: 400;\">Nikotingehalt<\/span><\/td>\n<td><span style=\"font-weight: 400;\">50 mg\/g (35 mg pro Beutel)<\/span><\/td>\n<\/tr>\n<tr>\n<td><span style=\"font-weight: 400;\">Format der Tasche<\/span><\/td>\n<td><span style=\"font-weight: 400;\">Schlank<\/span><\/td>\n<\/tr>\n<tr>\n<td><span style=\"font-weight: 400;\">Produzent<\/span><\/td>\n<td><span style=\"font-weight: 400;\">ICEBERG<\/span><\/td>\n<\/tr>\n<tr>\n<td><span style=\"font-weight: 400;\">Geschmack<\/span><\/td>\n<td><span style=\"font-weight: 400;\">Himbeerkaugummi<\/span><\/td>\n<\/tr>\n<tr>\n<td><span style=\"font-weight: 400;\">Typ<\/span><\/td>\n<td><span style=\"font-weight: 400;\">Wei\u00dfe Beutel, tabakfrei<\/span><\/td>\n<\/tr>\n<\/tbody>\n<\/table>\n<p>\u00a0<\/p>","protected":false},"excerpt":{"rendered":"<p>ICEBERG Himbeerkaugummi bietet einen spritzigen <strong data-start=\"37\" data-end=\"54\">Himbeerkaugummi<\/strong> Geschmack mit einem weichen Abgang. <strong data-start=\"84\" data-end=\"92\">Schlank<\/strong> Die tabakfreien Beutel sitzen diskret unter der Lippe und f\u00e4rben nicht ab. Jeder Beutel enth\u00e4lt <strong data-start=\"181\" data-end=\"199\">35 mg Nikotin<\/strong>, und liefert einen intensiven, befriedigenden Hit. Produziert von Neoptolem in Polen.<\/p>","protected":false},"featured_media":8089,"comment_status":"open","ping_status":"closed","template":"","format":[206],"meta":{"_acf_changed":false},"product_brand":[],"product_cat":[50],"product_tag":[16603],"flavours":[196],"nicotine":[226,233],"class_list":{"0":"post-8088","1":"product","2":"type-product","3":"status-publish","4":"has-post-thumbnail","6":"product_cat-iceberg","7":"product_tag-35-mg-pouch","8":"pa_quantity-1-pack","9":"pa_quantity-10-pack","10":"pa_quantity-3-pack","11":"pa_quantity-30-pack","12":"pa_quantity-5-pack","13":"pa_quantity-60-pack","14":"flavours-fruits-berries","15":"format-slim","16":"nicotine-50-mg-g","17":"nicotine-extreme","19":"first","20":"outofstock","21":"taxable","22":"shipping-taxable","23":"purchasable","24":"product-type-variable"},"acf":[],"_links":{"self":[{"href":"https:\/\/whitelip.com\/de\/wp-json\/wp\/v2\/product\/8088","targetHints":{"allow":["GET"]}}],"collection":[{"href":"https:\/\/whitelip.com\/de\/wp-json\/wp\/v2\/product"}],"about":[{"href":"https:\/\/whitelip.com\/de\/wp-json\/wp\/v2\/types\/product"}],"replies":[{"embeddable":true,"href":"https:\/\/whitelip.com\/de\/wp-json\/wp\/v2\/comments?post=8088"}],"wp:featuredmedia":[{"embeddable":true,"href":"https:\/\/whitelip.com\/de\/wp-json\/wp\/v2\/media\/8089"}],"wp:attachment":[{"href":"https:\/\/whitelip.com\/de\/wp-json\/wp\/v2\/media?parent=8088"}],"wp:term":[{"taxonomy":"product_brand","embeddable":true,"href":"https:\/\/whitelip.com\/de\/wp-json\/wp\/v2\/product_brand?post=8088"},{"taxonomy":"product_cat","embeddable":true,"href":"https:\/\/whitelip.com\/de\/wp-json\/wp\/v2\/product_cat?post=8088"},{"taxonomy":"product_tag","embeddable":true,"href":"https:\/\/whitelip.com\/de\/wp-json\/wp\/v2\/product_tag?post=8088"},{"taxonomy":"flavours","embeddable":true,"href":"https:\/\/whitelip.com\/de\/wp-json\/wp\/v2\/flavours?post=8088"},{"taxonomy":"format","embeddable":true,"href":"https:\/\/whitelip.com\/de\/wp-json\/wp\/v2\/format?post=8088"},{"taxonomy":"nicotine","embeddable":true,"href":"https:\/\/whitelip.com\/de\/wp-json\/wp\/v2\/nicotine?post=8088"}],"curies":[{"name":"wp","href":"https:\/\/api.w.org\/{rel}","templated":true}]}}