{"id":8082,"date":"2024-11-28T12:36:54","date_gmt":"2024-11-28T12:36:54","guid":{"rendered":"https:\/\/whitelip.com\/siberia-80-all-white-mini\/"},"modified":"2026-04-29T10:11:31","modified_gmt":"2026-04-29T10:11:31","slug":"siberia-80-all-white-mini","status":"publish","type":"product","link":"https:\/\/whitelip.com\/de\/siberia\/siberia-80-all-white-mini\/","title":{"rendered":"Sibirien -80 All White Mini"},"content":{"rendered":"<h2><b>Sibirien -80 All White Mini<\/b><\/h2>\n<p><span style=\"font-weight: 400;\">Siberia -80 All White Mini ist einer der st\u00e4rksten Nikotinbeutel auf dem Markt, entwickelt f\u00fcr erfahrene Raucher, die ein intensives Nikotinerlebnis suchen. Mit einem erfrischenden Minzgeschmack, der eisiges Menthol und nat\u00fcrliche Pfefferminze kombiniert, liefern diese diskreten Miniportionen einen starken und befriedigenden Zug. Die kompakte Gr\u00f6\u00dfe macht es einfach, sie unterwegs zu verwenden, w\u00e4hrend das kr\u00e4ftige Geschmacksprofil ein knackiges und belebendes Gef\u00fchl mit jedem Beutel gew\u00e4hrleistet. Siberia -80 All White Mini wurde entwickelt, um die Bed\u00fcrfnisse derjenigen zu erf\u00fcllen, die sowohl St\u00e4rke als auch einen erfrischenden Kick in einem diskreten Format w\u00fcnschen.<\/span><\/p>\n<table>\n<tbody>\n<tr>\n<td><b>Attribut<\/b><\/td>\n<td><b>Einzelheiten<\/b><\/td>\n<\/tr>\n<tr>\n<td><span style=\"font-weight: 400;\">Marke<\/span><\/td>\n<td><span style=\"font-weight: 400;\">Sibirien<\/span><\/td>\n<\/tr>\n<tr>\n<td><span style=\"font-weight: 400;\">Produkttyp<\/span><\/td>\n<td><span style=\"font-weight: 400;\">Alle wei\u00dfen Nikotinbeutel<\/span><\/td>\n<\/tr>\n<tr>\n<td><span style=\"font-weight: 400;\">Format<\/span><\/td>\n<td><span style=\"font-weight: 400;\">Mini<\/span><\/td>\n<\/tr>\n<tr>\n<td><span style=\"font-weight: 400;\">Geschmack<\/span><\/td>\n<td><span style=\"font-weight: 400;\">Minze (eisiges Menthol und nat\u00fcrliche Pfefferminze)<\/span><\/td>\n<\/tr>\n<tr>\n<td><span style=\"font-weight: 400;\">Nikotinst\u00e4rke<\/span><\/td>\n<td><span style=\"font-weight: 400;\">33 mg\/g<\/span><\/td>\n<\/tr>\n<tr>\n<td><span style=\"font-weight: 400;\">Portion Gewicht<\/span><\/td>\n<td><span style=\"font-weight: 400;\">0,56 Gramm<\/span><\/td>\n<\/tr>\n<tr>\n<td><span style=\"font-weight: 400;\">Anzahl der Portionen<\/span><\/td>\n<td><span style=\"font-weight: 400;\">20 pro Dose<\/span><\/td>\n<\/tr>\n<tr>\n<td><span style=\"font-weight: 400;\">Hersteller<\/span><\/td>\n<td><span style=\"font-weight: 400;\">SIBERIEN<\/span><\/td>\n<\/tr>\n<tr>\n<td><span style=\"font-weight: 400;\">Bemerkenswerte Merkmale<\/span><\/td>\n<td><span style=\"font-weight: 400;\">Tabakfreie, diskrete Miniportionen, feuchter Inhalt f\u00fcr schnelle Freisetzung<\/span><\/td>\n<\/tr>\n<\/tbody>\n<\/table>","protected":false},"excerpt":{"rendered":"<p>Siberia -80 All White Mini Nikotinbeutel liefern einen starken <strong data-start=\"63\" data-end=\"94\">Minze (Menthol &amp; Pfefferminz)<\/strong> Geschmack in einem kompakten, diskreten Format f\u00fcr einen knackigen, belebenden Zug f\u00fcr unterwegs. Die tabakfreien Portionen passen bequem unter die Lippe und sorgen f\u00fcr einen sauberen, starken Abgang.<\/p>","protected":false},"featured_media":8083,"comment_status":"open","ping_status":"closed","template":"","format":[205],"meta":{"_acf_changed":false},"product_brand":[],"product_cat":[61],"product_tag":[17001],"flavours":[199],"nicotine":[222,233],"class_list":{"0":"post-8082","1":"product","2":"type-product","3":"status-publish","4":"has-post-thumbnail","6":"product_cat-siberia","7":"product_tag-21-5-mg-pouch","8":"pa_quantity-1-pack","9":"pa_quantity-10-pack","10":"pa_quantity-3-pack","11":"pa_quantity-30-pack","12":"pa_quantity-5-pack","13":"pa_quantity-60-pack","14":"flavours-mint","15":"format-mini","16":"nicotine-33-mg-g","17":"nicotine-extreme","19":"first","20":"outofstock","21":"taxable","22":"shipping-taxable","23":"purchasable","24":"product-type-variable"},"acf":[],"_links":{"self":[{"href":"https:\/\/whitelip.com\/de\/wp-json\/wp\/v2\/product\/8082","targetHints":{"allow":["GET"]}}],"collection":[{"href":"https:\/\/whitelip.com\/de\/wp-json\/wp\/v2\/product"}],"about":[{"href":"https:\/\/whitelip.com\/de\/wp-json\/wp\/v2\/types\/product"}],"replies":[{"embeddable":true,"href":"https:\/\/whitelip.com\/de\/wp-json\/wp\/v2\/comments?post=8082"}],"wp:featuredmedia":[{"embeddable":true,"href":"https:\/\/whitelip.com\/de\/wp-json\/wp\/v2\/media\/8083"}],"wp:attachment":[{"href":"https:\/\/whitelip.com\/de\/wp-json\/wp\/v2\/media?parent=8082"}],"wp:term":[{"taxonomy":"product_brand","embeddable":true,"href":"https:\/\/whitelip.com\/de\/wp-json\/wp\/v2\/product_brand?post=8082"},{"taxonomy":"product_cat","embeddable":true,"href":"https:\/\/whitelip.com\/de\/wp-json\/wp\/v2\/product_cat?post=8082"},{"taxonomy":"product_tag","embeddable":true,"href":"https:\/\/whitelip.com\/de\/wp-json\/wp\/v2\/product_tag?post=8082"},{"taxonomy":"flavours","embeddable":true,"href":"https:\/\/whitelip.com\/de\/wp-json\/wp\/v2\/flavours?post=8082"},{"taxonomy":"format","embeddable":true,"href":"https:\/\/whitelip.com\/de\/wp-json\/wp\/v2\/format?post=8082"},{"taxonomy":"nicotine","embeddable":true,"href":"https:\/\/whitelip.com\/de\/wp-json\/wp\/v2\/nicotine?post=8082"}],"curies":[{"name":"wp","href":"https:\/\/api.w.org\/{rel}","templated":true}]}}