{"id":8078,"date":"2024-11-28T12:36:53","date_gmt":"2024-11-28T12:36:53","guid":{"rendered":"https:\/\/whitelip.com\/cuba-black-cheese\/"},"modified":"2026-05-09T10:10:58","modified_gmt":"2026-05-09T10:10:58","slug":"cuba-black-cheese","status":"publish","type":"product","link":"https:\/\/whitelip.com\/de\/cuba\/cuba-black-cheese\/","title":{"rendered":"CUBA Black Cheese"},"content":{"rendered":"<h2><b>CUBA Black Cheese<\/b><\/h2>\n<p><span style=\"font-weight: 400;\">Die CUBA Black Cheese Nikotinbeutel bieten einen unverwechselbaren und kr\u00e4ftigen K\u00e4segeschmack, der ein einzigartiges Erlebnis f\u00fcr alle bietet, die einen unkonventionellen Geschmack suchen. Jeder Beutel im schlanken Format enth\u00e4lt 43 mg Nikotin pro Gramm, was ungef\u00e4hr 43 mg pro Beutel entspricht und ein intensives Gef\u00fchl vermittelt, das f\u00fcr erfahrene Raucher geeignet ist. Die schwarz gef\u00e4rbten Beutel sind so konzipiert, dass sie diskret sind und die Z\u00e4hne nicht verf\u00e4rben. Jede Dose enth\u00e4lt 20 Beutel und bietet somit einen ausreichenden Vorrat f\u00fcr Ihren Genuss. Produziert von CUBA, einem polnischen Hersteller, der daf\u00fcr bekannt ist, moderne Methoden mit traditioneller Qualit\u00e4t zu verbinden, stehen diese Beutel f\u00fcr hohe Standards und innovative Geschmackskombinationen.<\/span><\/p>\n<table>\n<tbody>\n<tr>\n<td><b>Attribut<\/b><\/td>\n<td><b>Einzelheiten<\/b><\/td>\n<\/tr>\n<tr>\n<td><b>Inhalt pro Dose<\/b><\/td>\n<td><span style=\"font-weight: 400;\">13g (20 Beutel)<\/span><\/td>\n<\/tr>\n<tr>\n<td><b>Nikotingehalt<\/b><\/td>\n<td><span style=\"font-weight: 400;\">43 mg\/g (43 mg pro Beutel)<\/span><\/td>\n<\/tr>\n<tr>\n<td><b>Format des Beutels<\/b><\/td>\n<td><span style=\"font-weight: 400;\">Schlank<\/span><\/td>\n<\/tr>\n<tr>\n<td><b>Produzent<\/b><\/td>\n<td><span style=\"font-weight: 400;\">CUBA<\/span><\/td>\n<\/tr>\n<tr>\n<td><b>Geschmack<\/b><\/td>\n<td><span style=\"font-weight: 400;\">K\u00e4se<\/span><\/td>\n<\/tr>\n<tr>\n<td><b>Typ<\/b><\/td>\n<td><span style=\"font-weight: 400;\">Ganz wei\u00dfe Tasche<\/span><\/td>\n<\/tr>\n<\/tbody>\n<\/table>\n<p>\u00a0<\/p>","protected":false},"excerpt":{"rendered":"<p>Unverwechselbar, k\u00fchn <strong data-start=\"18\" data-end=\"28\">K\u00e4se<\/strong> f\u00fcr einen wirklich unkonventionellen Geschmack. Die <strong data-start=\"67\" data-end=\"82\">schlank, <\/strong>Die schwarzen Beutel sitzen diskret unter der Lippe und f\u00e4rben nicht auf die Z\u00e4hne ab. Jeder Beutel enth\u00e4lt <strong data-start=\"163\" data-end=\"192\">~43 mg Nikotin pro Beutel<\/strong> (43 mg\/g) und liefert einen intensiven Kick f\u00fcr erfahrene Konsumenten. Jede Dose enth\u00e4lt 20 Beutel, die von CUBA nach erstklassigen Standards hergestellt werden.<\/p>","protected":false},"featured_media":8079,"comment_status":"open","ping_status":"closed","template":"","format":[206],"meta":{"_acf_changed":false},"product_brand":[],"product_cat":[46],"product_tag":[16567],"flavours":[186],"nicotine":[227,233],"class_list":{"0":"post-8078","1":"product","2":"type-product","3":"status-publish","4":"has-post-thumbnail","6":"product_cat-cuba","7":"product_tag-43-mg-pouch","8":"pa_quantity-1-pack","9":"pa_quantity-10-pack","10":"pa_quantity-3-pack","11":"pa_quantity-30-pack","12":"pa_quantity-5-pack","13":"pa_quantity-60-pack","14":"flavours-cheese","15":"format-slim","16":"nicotine-43-mg-g","17":"nicotine-extreme","19":"first","20":"outofstock","21":"taxable","22":"shipping-taxable","23":"purchasable","24":"product-type-variable"},"acf":[],"_links":{"self":[{"href":"https:\/\/whitelip.com\/de\/wp-json\/wp\/v2\/product\/8078","targetHints":{"allow":["GET"]}}],"collection":[{"href":"https:\/\/whitelip.com\/de\/wp-json\/wp\/v2\/product"}],"about":[{"href":"https:\/\/whitelip.com\/de\/wp-json\/wp\/v2\/types\/product"}],"replies":[{"embeddable":true,"href":"https:\/\/whitelip.com\/de\/wp-json\/wp\/v2\/comments?post=8078"}],"wp:featuredmedia":[{"embeddable":true,"href":"https:\/\/whitelip.com\/de\/wp-json\/wp\/v2\/media\/8079"}],"wp:attachment":[{"href":"https:\/\/whitelip.com\/de\/wp-json\/wp\/v2\/media?parent=8078"}],"wp:term":[{"taxonomy":"product_brand","embeddable":true,"href":"https:\/\/whitelip.com\/de\/wp-json\/wp\/v2\/product_brand?post=8078"},{"taxonomy":"product_cat","embeddable":true,"href":"https:\/\/whitelip.com\/de\/wp-json\/wp\/v2\/product_cat?post=8078"},{"taxonomy":"product_tag","embeddable":true,"href":"https:\/\/whitelip.com\/de\/wp-json\/wp\/v2\/product_tag?post=8078"},{"taxonomy":"flavours","embeddable":true,"href":"https:\/\/whitelip.com\/de\/wp-json\/wp\/v2\/flavours?post=8078"},{"taxonomy":"format","embeddable":true,"href":"https:\/\/whitelip.com\/de\/wp-json\/wp\/v2\/format?post=8078"},{"taxonomy":"nicotine","embeddable":true,"href":"https:\/\/whitelip.com\/de\/wp-json\/wp\/v2\/nicotine?post=8078"}],"curies":[{"name":"wp","href":"https:\/\/api.w.org\/{rel}","templated":true}]}}