{"id":8066,"date":"2024-11-28T12:36:31","date_gmt":"2024-11-28T12:36:31","guid":{"rendered":"https:\/\/whitelip.com\/loop-habanero-mint-hyper-strong\/"},"modified":"2026-04-30T13:09:40","modified_gmt":"2026-04-30T13:09:40","slug":"loop-habanero-mint-hyper-strong","status":"publish","type":"product","link":"https:\/\/whitelip.com\/de\/loop\/loop-habanero-mint-hyper-strong\/","title":{"rendered":"LOOP Habanero Mint Hyper Strong"},"content":{"rendered":"<h2><b>LOOP Habanero Mint Hyper Strong<\/b><\/h2>\n<p><span style=\"font-weight: 400;\">LOOP Habanero Mint Hyper Strong bietet eine gewagte Kombination aus feuriger Habanero-Sch\u00e4rfe und k\u00fchler Minze, die ein gewagtes und belebendes Nikotinerlebnis schafft. Diese schlanken Nikotinbeutel sind f\u00fcr erfahrene Raucher gedacht, die eine hohe Nikotinst\u00e4rke gepaart mit einem abenteuerlichen Geschmacksprofil suchen. LOOP Habanero Mint Hyper Strong bietet ein sauberes und befriedigendes Gef\u00fchl und passt diskret unter die Lippe, um jederzeit und \u00fcberall verwendet werden zu k\u00f6nnen.<\/span><\/p>\n<table>\n<tbody>\n<tr>\n<td><b>Attribut<\/b><\/td>\n<td><b>Einzelheiten<\/b><\/td>\n<\/tr>\n<tr>\n<td><span style=\"font-weight: 400;\">Inhalt pro Dose<\/span><\/td>\n<td><span style=\"font-weight: 400;\">12g (20 Beutel)<\/span><\/td>\n<\/tr>\n<tr>\n<td><span style=\"font-weight: 400;\">Nikotingehalt<\/span><\/td>\n<td><span style=\"font-weight: 400;\">20 mg\/g<\/span><\/td>\n<\/tr>\n<tr>\n<td><span style=\"font-weight: 400;\">Format der Tasche<\/span><\/td>\n<td><span style=\"font-weight: 400;\">Schlank<\/span><\/td>\n<\/tr>\n<tr>\n<td><span style=\"font-weight: 400;\">Produzent<\/span><\/td>\n<td><span style=\"font-weight: 400;\">LOOP<\/span><\/td>\n<\/tr>\n<tr>\n<td><span style=\"font-weight: 400;\">Geschmack<\/span><\/td>\n<td><span style=\"font-weight: 400;\">Habanero und Minze<\/span><\/td>\n<\/tr>\n<tr>\n<td><span style=\"font-weight: 400;\">Typ<\/span><\/td>\n<td><span style=\"font-weight: 400;\">Wei\u00dfe Beutel, tabakfrei<\/span><\/td>\n<\/tr>\n<\/tbody>\n<\/table>","protected":false},"excerpt":{"rendered":"<p><span style=\"font-weight: 400;\">LOOP <strong data-start=\"0\" data-end=\"17\" data-is-only-node=\"\">Habanero-Minze<\/strong> kombiniert feurige Hitze mit k\u00fchler Minze f\u00fcr ein k\u00fchnes, belebendes Profil. F\u00fcr erfahrene Nutzer entwickelt, ist die <strong data-start=\"119\" data-end=\"127\">schlank<\/strong> Die Beutel sitzen diskret und bequem unter der Lippe und sorgen jederzeit f\u00fcr ein sauberes, befriedigendes Gef\u00fchl.<\/span><\/p>","protected":false},"featured_media":8067,"comment_status":"open","ping_status":"closed","template":"","format":[206],"meta":{"_acf_changed":false},"product_brand":[],"product_cat":[32],"product_tag":[17005],"flavours":[187,199],"nicotine":[219,232],"class_list":{"0":"post-8066","1":"product","2":"type-product","3":"status-publish","4":"has-post-thumbnail","6":"product_cat-loop","7":"product_tag-15-6-mg-pouch","8":"pa_quantity-1-pack","9":"pa_quantity-10-pack","10":"pa_quantity-3-pack","11":"pa_quantity-30-pack","12":"pa_quantity-5-pack","13":"pa_quantity-60-pack","14":"flavours-chili","15":"flavours-mint","16":"format-slim","17":"nicotine-25-mg-g","18":"nicotine-extra-strong","20":"first","21":"instock","22":"taxable","23":"shipping-taxable","24":"purchasable","25":"product-type-variable"},"acf":[],"_links":{"self":[{"href":"https:\/\/whitelip.com\/de\/wp-json\/wp\/v2\/product\/8066","targetHints":{"allow":["GET"]}}],"collection":[{"href":"https:\/\/whitelip.com\/de\/wp-json\/wp\/v2\/product"}],"about":[{"href":"https:\/\/whitelip.com\/de\/wp-json\/wp\/v2\/types\/product"}],"replies":[{"embeddable":true,"href":"https:\/\/whitelip.com\/de\/wp-json\/wp\/v2\/comments?post=8066"}],"wp:featuredmedia":[{"embeddable":true,"href":"https:\/\/whitelip.com\/de\/wp-json\/wp\/v2\/media\/8067"}],"wp:attachment":[{"href":"https:\/\/whitelip.com\/de\/wp-json\/wp\/v2\/media?parent=8066"}],"wp:term":[{"taxonomy":"product_brand","embeddable":true,"href":"https:\/\/whitelip.com\/de\/wp-json\/wp\/v2\/product_brand?post=8066"},{"taxonomy":"product_cat","embeddable":true,"href":"https:\/\/whitelip.com\/de\/wp-json\/wp\/v2\/product_cat?post=8066"},{"taxonomy":"product_tag","embeddable":true,"href":"https:\/\/whitelip.com\/de\/wp-json\/wp\/v2\/product_tag?post=8066"},{"taxonomy":"flavours","embeddable":true,"href":"https:\/\/whitelip.com\/de\/wp-json\/wp\/v2\/flavours?post=8066"},{"taxonomy":"format","embeddable":true,"href":"https:\/\/whitelip.com\/de\/wp-json\/wp\/v2\/format?post=8066"},{"taxonomy":"nicotine","embeddable":true,"href":"https:\/\/whitelip.com\/de\/wp-json\/wp\/v2\/nicotine?post=8066"}],"curies":[{"name":"wp","href":"https:\/\/api.w.org\/{rel}","templated":true}]}}