{"id":8050,"date":"2024-11-28T12:36:29","date_gmt":"2024-11-28T12:36:29","guid":{"rendered":"https:\/\/whitelip.com\/iceberg-bubblegum-extreme\/"},"modified":"2026-04-21T10:11:22","modified_gmt":"2026-04-21T10:11:22","slug":"iceberg-bubblegum-extreme","status":"publish","type":"product","link":"https:\/\/whitelip.com\/de\/iceberg\/iceberg-bubblegum-extreme\/","title":{"rendered":"ICEBERG Bubblegum Extreme"},"content":{"rendered":"<h2><b>ICEBERG Bubblegum Extreme<\/b><\/h2>\n<p><span style=\"font-weight: 400;\">ICEBERG Bubblegum Extreme Nikotinbeutel liefern einen nostalgischen und s\u00fc\u00dfen Bubblegum-Geschmack in Kombination mit einem starken Nikotinsto\u00df, der sich an erfahrene Konsumenten richtet. Der verspielte und befriedigende Geschmack wird durch einen kr\u00e4ftigen Kick ausgeglichen, was ihn zu einer unterhaltsamen und dennoch starken Option f\u00fcr diejenigen macht, die einzigartige Geschmacksprofile m\u00f6gen. Diese schlanken, tabakfreien Beutel sind f\u00fcr den diskreten und bequemen Gebrauch konzipiert und bieten eine geschmackvolle und unauff\u00e4llige M\u00f6glichkeit, Nikotin \u00fcberall zu genie\u00dfen.<\/span><\/p>\n<table>\n<tbody>\n<tr>\n<td><b>Attribut<\/b><\/td>\n<td><b>Einzelheiten<\/b><\/td>\n<\/tr>\n<tr>\n<td><span style=\"font-weight: 400;\">Inhalt pro Dose<\/span><\/td>\n<td><span style=\"font-weight: 400;\">12g (20 Beutel)<\/span><\/td>\n<\/tr>\n<tr>\n<td><span style=\"font-weight: 400;\">Nikotingehalt<\/span><\/td>\n<td><span style=\"font-weight: 400;\">50 mg\/g (35 mg pro Beutel)<\/span><\/td>\n<\/tr>\n<tr>\n<td><span style=\"font-weight: 400;\">Format der Tasche<\/span><\/td>\n<td><span style=\"font-weight: 400;\">Schlank<\/span><\/td>\n<\/tr>\n<tr>\n<td><span style=\"font-weight: 400;\">Produzent<\/span><\/td>\n<td><span style=\"font-weight: 400;\">ICEBERG<\/span><\/td>\n<\/tr>\n<tr>\n<td><span style=\"font-weight: 400;\">Geschmack<\/span><\/td>\n<td><span style=\"font-weight: 400;\">Kaugummi<\/span><\/td>\n<\/tr>\n<tr>\n<td><span style=\"font-weight: 400;\">Typ<\/span><\/td>\n<td><span style=\"font-weight: 400;\">Wei\u00dfe Beutel, tabakfrei<\/span><\/td>\n<\/tr>\n<\/tbody>\n<\/table>\n<p>\u00a0<\/p>","protected":false},"excerpt":{"rendered":"<p>ICEBERG Bubblegum bietet einen nostalgischen, s\u00fc\u00dfen <strong data-start=\"44\" data-end=\"57\">Kaugummi<\/strong> Geschmack mit einem spielerischen, befriedigenden Profil. <strong data-start=\"101\" data-end=\"109\">Schlank<\/strong> Die tabakfreien Beutel sitzen diskret unter der Lippe und f\u00e4rben nicht ab. Jeder Beutel enth\u00e4lt <strong data-start=\"198\" data-end=\"216\">35 mg Nikotin<\/strong>, und liefert einen starken Hit f\u00fcr erfahrene Nutzer. Produziert von Neoptolem in Polen.<\/p>","protected":false},"featured_media":8051,"comment_status":"open","ping_status":"closed","template":"","format":[206],"meta":{"_acf_changed":false},"product_brand":[],"product_cat":[50],"product_tag":[16603],"flavours":[185],"nicotine":[226,233],"class_list":{"0":"post-8050","1":"product","2":"type-product","3":"status-publish","4":"has-post-thumbnail","6":"product_cat-iceberg","7":"product_tag-35-mg-pouch","8":"pa_quantity-1-pack","9":"pa_quantity-10-pack","10":"pa_quantity-3-pack","11":"pa_quantity-30-pack","12":"pa_quantity-5-pack","13":"pa_quantity-60-pack","14":"flavours-candy","15":"format-slim","16":"nicotine-50-mg-g","17":"nicotine-extreme","19":"first","20":"instock","21":"taxable","22":"shipping-taxable","23":"purchasable","24":"product-type-variable"},"acf":[],"_links":{"self":[{"href":"https:\/\/whitelip.com\/de\/wp-json\/wp\/v2\/product\/8050","targetHints":{"allow":["GET"]}}],"collection":[{"href":"https:\/\/whitelip.com\/de\/wp-json\/wp\/v2\/product"}],"about":[{"href":"https:\/\/whitelip.com\/de\/wp-json\/wp\/v2\/types\/product"}],"replies":[{"embeddable":true,"href":"https:\/\/whitelip.com\/de\/wp-json\/wp\/v2\/comments?post=8050"}],"wp:featuredmedia":[{"embeddable":true,"href":"https:\/\/whitelip.com\/de\/wp-json\/wp\/v2\/media\/8051"}],"wp:attachment":[{"href":"https:\/\/whitelip.com\/de\/wp-json\/wp\/v2\/media?parent=8050"}],"wp:term":[{"taxonomy":"product_brand","embeddable":true,"href":"https:\/\/whitelip.com\/de\/wp-json\/wp\/v2\/product_brand?post=8050"},{"taxonomy":"product_cat","embeddable":true,"href":"https:\/\/whitelip.com\/de\/wp-json\/wp\/v2\/product_cat?post=8050"},{"taxonomy":"product_tag","embeddable":true,"href":"https:\/\/whitelip.com\/de\/wp-json\/wp\/v2\/product_tag?post=8050"},{"taxonomy":"flavours","embeddable":true,"href":"https:\/\/whitelip.com\/de\/wp-json\/wp\/v2\/flavours?post=8050"},{"taxonomy":"format","embeddable":true,"href":"https:\/\/whitelip.com\/de\/wp-json\/wp\/v2\/format?post=8050"},{"taxonomy":"nicotine","embeddable":true,"href":"https:\/\/whitelip.com\/de\/wp-json\/wp\/v2\/nicotine?post=8050"}],"curies":[{"name":"wp","href":"https:\/\/api.w.org\/{rel}","templated":true}]}}