{"id":8044,"date":"2024-12-20T19:39:03","date_gmt":"2024-12-20T19:39:03","guid":{"rendered":"https:\/\/whitelip.com\/velo-lime-flame\/"},"modified":"2026-04-15T12:20:10","modified_gmt":"2026-04-15T12:20:10","slug":"velo-lime-flame","status":"publish","type":"product","link":"https:\/\/whitelip.com\/de\/velo\/velo-lime-flame\/","title":{"rendered":"VELO Kalkflamme"},"content":{"rendered":"<h2><strong>VELO Kalkflamme\u00a0<\/strong><\/h2>\n<p>VELO Lime Flame &#8211; Diese diskreten Beutel kombinieren hochwertiges Nikotin mit intensiven frischen Aromen von Jalape\u00f1o und Limette f\u00fcr ein erfrischendes und langandauerndes Erlebnis. Die Beutel sind im schlanken Format erh\u00e4ltlich mit einer Nikotinst\u00e4rke von 14,3 mg\/g.<\/p>\n<ul>\n<li>Geschmacksrichtung: Jalape\u00f1o &amp; Limette<\/li>\n<li>Format: Schlank<\/li>\n<li>Nikotin: 14,3 mg\/g<\/li>\n<li>S\u00e4ckchen: 20 St\u00fcck<\/li>\n<li>Gewicht: 14 g<\/li>\n<li>Marke: <a href=\"https:\/\/whitelip.se\/en\/velo\/\" target=\"_blank\" rel=\"noopener\">VELO<\/a><\/li>\n<li>Hersteller: <a href=\"https:\/\/www.bat.com\/\" target=\"_blank\" rel=\"noopener\">BAT<\/a><\/li>\n<\/ul>\n<p><em><strong>\u00dcber die Marke: VELO<\/strong><\/em><\/p>\n<p>Entdecken Sie den Geschmack und die Beliebtheit von VELO Nikotinbeuteln &#8211; eine weltweit f\u00fchrende Marke, die au\u00dfergew\u00f6hnliche Geschmacksvielfalt und Komfort bietet. Mit seiner globalen Beliebtheit und verschiedenen aufregenden Aromen und Nikotinst\u00e4rken bietet VELO eine praktische und diskrete L\u00f6sung, um Ihre Nikotinbed\u00fcrfnisse zu erf\u00fcllen. Erkunden Sie die umfangreiche Palette von VELO Nikotinbeuteln und erfahren Sie, warum es eine der weltweit beliebtesten Optionen f\u00fcr ein angenehmes und praktisches Nikotinerlebnis jederzeit ist.<\/p>\n<p><em><strong>\u00dcber Whitelip.se:\u00a0<\/strong><\/em><\/p>\n<p><span data-contrast=\"auto\">Willkommen bei Whitelip.se, Ihrer ultimativen Anlaufstelle f\u00fcr hochwertige Nikotinbeutel. Entdecken Sie unser umfangreiches Angebot an Produkten, die auf Ihre Nikotinbed\u00fcrfnisse zugeschnitten sind, mit Lieferung in die Vereinigten Staaten und Europa, die Sie bequem mit kostenlosen Versandoptionen an der Kasse erhalten. Steigern Sie Ihre Zufriedenheit mit jedem Kauf, denn wir bieten Ihnen erstklassige Marken und eine nahtlose Lieferung bis an Ihre Haust\u00fcr. Erleben Sie die ultimative Bequemlichkeit und Premium-Qualit\u00e4t nur bei Whitelip.se. Kaufen Sie jetzt ein und g\u00f6nnen Sie sich das Vergn\u00fcgen von hochwertigen, wei\u00dfen Nikotinbeuteln.<\/span><\/p>","protected":false},"excerpt":{"rendered":"<p>VELO Lime Flame Nikotinbeutel liefern einen intensiven, erfrischenden <strong data-start=\"64\" data-end=\"83\">Jalape\u00f1o &amp; Limette<\/strong> Geschmack f\u00fcr ein lang anhaltendes Erlebnis. <strong data-start=\"122\" data-end=\"130\">Schlank<\/strong>, Das komplett wei\u00dfe Format erm\u00f6glicht eine diskrete und komfortable Nutzung.<\/p>","protected":false},"featured_media":8045,"comment_status":"open","ping_status":"closed","template":"","format":[206],"meta":{"_acf_changed":false},"product_brand":[],"product_cat":[48],"product_tag":[16583],"flavours":[187],"nicotine":[211,232],"class_list":{"0":"post-8044","1":"product","2":"type-product","3":"status-publish","4":"has-post-thumbnail","6":"product_cat-velo","7":"product_tag-8-mg-pouch","8":"pa_quantity-1-pack","9":"pa_quantity-10-pack","10":"pa_quantity-3-pack","11":"pa_quantity-30-pack","12":"pa_quantity-5-pack","13":"pa_quantity-60-pack","14":"flavours-chili","15":"format-slim","16":"nicotine-14-mg-g","17":"nicotine-extra-strong","19":"first","20":"instock","21":"taxable","22":"shipping-taxable","23":"product-type-variable","24":"has-default-attributes"},"acf":[],"_links":{"self":[{"href":"https:\/\/whitelip.com\/de\/wp-json\/wp\/v2\/product\/8044","targetHints":{"allow":["GET"]}}],"collection":[{"href":"https:\/\/whitelip.com\/de\/wp-json\/wp\/v2\/product"}],"about":[{"href":"https:\/\/whitelip.com\/de\/wp-json\/wp\/v2\/types\/product"}],"replies":[{"embeddable":true,"href":"https:\/\/whitelip.com\/de\/wp-json\/wp\/v2\/comments?post=8044"}],"wp:featuredmedia":[{"embeddable":true,"href":"https:\/\/whitelip.com\/de\/wp-json\/wp\/v2\/media\/8045"}],"wp:attachment":[{"href":"https:\/\/whitelip.com\/de\/wp-json\/wp\/v2\/media?parent=8044"}],"wp:term":[{"taxonomy":"product_brand","embeddable":true,"href":"https:\/\/whitelip.com\/de\/wp-json\/wp\/v2\/product_brand?post=8044"},{"taxonomy":"product_cat","embeddable":true,"href":"https:\/\/whitelip.com\/de\/wp-json\/wp\/v2\/product_cat?post=8044"},{"taxonomy":"product_tag","embeddable":true,"href":"https:\/\/whitelip.com\/de\/wp-json\/wp\/v2\/product_tag?post=8044"},{"taxonomy":"flavours","embeddable":true,"href":"https:\/\/whitelip.com\/de\/wp-json\/wp\/v2\/flavours?post=8044"},{"taxonomy":"format","embeddable":true,"href":"https:\/\/whitelip.com\/de\/wp-json\/wp\/v2\/format?post=8044"},{"taxonomy":"nicotine","embeddable":true,"href":"https:\/\/whitelip.com\/de\/wp-json\/wp\/v2\/nicotine?post=8044"}],"curies":[{"name":"wp","href":"https:\/\/api.w.org\/{rel}","templated":true}]}}