{"id":8042,"date":"2024-11-28T12:36:07","date_gmt":"2024-11-28T12:36:07","guid":{"rendered":"https:\/\/whitelip.com\/iceberg-cherry-apricot-gum-extreme\/"},"modified":"2026-05-09T10:10:58","modified_gmt":"2026-05-09T10:10:58","slug":"iceberg-cherry-apricot-gum-extreme","status":"publish","type":"product","link":"https:\/\/whitelip.com\/de\/iceberg\/iceberg-cherry-apricot-gum-extreme\/","title":{"rendered":"ICEBERG Kirsche-Aprikose-Kaugummi Extrem"},"content":{"rendered":"<h2><b>ICEBERG Kirsche-Aprikose-Kaugummi Extrem<\/b><\/h2>\n<p><span style=\"font-weight: 400;\">ICEBERG Cherry Apricot Gum Extreme Nikotinbeutel kombinieren die kr\u00e4ftige S\u00fc\u00dfe der Kirsche mit dem subtilen Geschmack der Aprikose, abgerundet mit einem weichen, kaugummiartigen Geschmack. Dieses einzigartige Geschmacksprofil bietet ein herrlich fruchtiges Erlebnis, gepaart mit einem intensiven Nikotinkick, und ist damit perfekt f\u00fcr erfahrene Raucher. Diese schlanken, tabakfreien Beutel sind f\u00fcr eine diskrete und bequeme Verwendung konzipiert und bieten eine geschmackvolle und starke Nikotinoption f\u00fcr unterwegs.<\/span><\/p>\n<table>\n<tbody>\n<tr>\n<td><b>Attribut<\/b><\/td>\n<td><b>Einzelheiten<\/b><\/td>\n<\/tr>\n<tr>\n<td><span style=\"font-weight: 400;\">Inhalt pro Dose<\/span><\/td>\n<td><span style=\"font-weight: 400;\">12g (20 Beutel)<\/span><\/td>\n<\/tr>\n<tr>\n<td><span style=\"font-weight: 400;\">Nikotingehalt<\/span><\/td>\n<td><span style=\"font-weight: 400;\">50 mg\/g (35 mg pro Beutel)<\/span><\/td>\n<\/tr>\n<tr>\n<td><span style=\"font-weight: 400;\">Format der Tasche<\/span><\/td>\n<td><span style=\"font-weight: 400;\">Schlank<\/span><\/td>\n<\/tr>\n<tr>\n<td><span style=\"font-weight: 400;\">Produzent<\/span><\/td>\n<td><span style=\"font-weight: 400;\">ICEBERG<\/span><\/td>\n<\/tr>\n<tr>\n<td><span style=\"font-weight: 400;\">Geschmack<\/span><\/td>\n<td><span style=\"font-weight: 400;\">Kirsche-Aprikose-Kaugummi<\/span><\/td>\n<\/tr>\n<tr>\n<td><span style=\"font-weight: 400;\">Typ<\/span><\/td>\n<td><span style=\"font-weight: 400;\">Wei\u00dfe Beutel, tabakfrei<\/span><\/td>\n<\/tr>\n<\/tbody>\n<\/table>\n<p>\u00a0<\/p>","protected":false},"excerpt":{"rendered":"<p><span style=\"font-weight: 400;\">ICEBERG Cherry Apricot Gum Extreme Nikotinbeutel kombinieren die kr\u00e4ftige S\u00fc\u00dfe der Kirsche mit dem subtilen Geschmack der Aprikose, abgerundet mit einem weichen, kaugummiartigen Geschmack. Dieses einzigartige Geschmacksprofil bietet ein herrlich fruchtiges Erlebnis, gepaart mit einem intensiven Nikotinkick, und ist damit perfekt f\u00fcr erfahrene Raucher. Diese schlanken, tabakfreien Beutel sind f\u00fcr eine diskrete und bequeme Verwendung konzipiert und bieten eine geschmackvolle und starke Nikotinoption f\u00fcr unterwegs.<\/span><\/p>","protected":false},"featured_media":8043,"comment_status":"open","ping_status":"closed","template":"","format":[206],"meta":{"_acf_changed":false},"product_brand":[],"product_cat":[50],"product_tag":[16603],"flavours":[196],"nicotine":[226,233],"class_list":{"0":"post-8042","1":"product","2":"type-product","3":"status-publish","4":"has-post-thumbnail","6":"product_cat-iceberg","7":"product_tag-35-mg-pouch","8":"pa_quantity-1-pack","9":"pa_quantity-10-pack","10":"pa_quantity-3-pack","11":"pa_quantity-30-pack","12":"pa_quantity-5-pack","13":"pa_quantity-60-pack","14":"flavours-fruits-berries","15":"format-slim","16":"nicotine-50-mg-g","17":"nicotine-extreme","19":"first","20":"outofstock","21":"taxable","22":"shipping-taxable","23":"purchasable","24":"product-type-variable"},"acf":[],"_links":{"self":[{"href":"https:\/\/whitelip.com\/de\/wp-json\/wp\/v2\/product\/8042","targetHints":{"allow":["GET"]}}],"collection":[{"href":"https:\/\/whitelip.com\/de\/wp-json\/wp\/v2\/product"}],"about":[{"href":"https:\/\/whitelip.com\/de\/wp-json\/wp\/v2\/types\/product"}],"replies":[{"embeddable":true,"href":"https:\/\/whitelip.com\/de\/wp-json\/wp\/v2\/comments?post=8042"}],"wp:featuredmedia":[{"embeddable":true,"href":"https:\/\/whitelip.com\/de\/wp-json\/wp\/v2\/media\/8043"}],"wp:attachment":[{"href":"https:\/\/whitelip.com\/de\/wp-json\/wp\/v2\/media?parent=8042"}],"wp:term":[{"taxonomy":"product_brand","embeddable":true,"href":"https:\/\/whitelip.com\/de\/wp-json\/wp\/v2\/product_brand?post=8042"},{"taxonomy":"product_cat","embeddable":true,"href":"https:\/\/whitelip.com\/de\/wp-json\/wp\/v2\/product_cat?post=8042"},{"taxonomy":"product_tag","embeddable":true,"href":"https:\/\/whitelip.com\/de\/wp-json\/wp\/v2\/product_tag?post=8042"},{"taxonomy":"flavours","embeddable":true,"href":"https:\/\/whitelip.com\/de\/wp-json\/wp\/v2\/flavours?post=8042"},{"taxonomy":"format","embeddable":true,"href":"https:\/\/whitelip.com\/de\/wp-json\/wp\/v2\/format?post=8042"},{"taxonomy":"nicotine","embeddable":true,"href":"https:\/\/whitelip.com\/de\/wp-json\/wp\/v2\/nicotine?post=8042"}],"curies":[{"name":"wp","href":"https:\/\/api.w.org\/{rel}","templated":true}]}}