{"id":8009,"date":"2024-12-20T19:39:08","date_gmt":"2024-12-20T19:39:08","guid":{"rendered":"https:\/\/whitelip.com\/xqs-black-cherry-light\/"},"modified":"2026-04-29T03:51:03","modified_gmt":"2026-04-29T03:51:03","slug":"xqs-black-cherry-light","status":"publish","type":"product","link":"https:\/\/whitelip.com\/de\/xqs\/xqs-black-cherry-light\/","title":{"rendered":"XQS Schwarze Kirsche Licht"},"content":{"rendered":"<h2><b>XQS Schwarze Kirsche Licht<\/b><\/h2>\n<p><span style=\"font-weight: 400;\">XQS Black Cherry Light liefert ein sanftes und <\/span><b>fruchtiges Schwarzkirsch-Aroma<\/b><span style=\"font-weight: 400;\">, und bietet ein ausgewogenes Verh\u00e4ltnis von S\u00fc\u00dfe und dezenter Herbheit f\u00fcr ein raffiniertes und angenehmes Erlebnis. Entwickelt f\u00fcr Benutzer, die eine leichtere Nikotinoption bevorzugen, enth\u00e4lt jeder schlanke, ganz wei\u00dfe Beutel <\/span><b>4 mg Nikotin<\/b><span style=\"font-weight: 400;\">, und bietet eine milde und gleichm\u00e4\u00dfige Freisetzung, die ideal f\u00fcr den t\u00e4glichen Gebrauch ist.<\/span><\/p>\n<p><span style=\"font-weight: 400;\">Das schlanke Format sorgt f\u00fcr einen bequemen und diskreten Sitz unter der Lippe und ist somit perfekt f\u00fcr den sauberen, fleckenfreien Gebrauch, jederzeit und \u00fcberall. V\u00f6llig tabakfrei und mit hochwertigen pflanzlichen Materialien hergestellt, ist XQS Black Cherry Light eine moderne Nikotin-Alternative f\u00fcr Nutzer, die einen weichen und fruchtigen Geschmack mit sanfter Nikotinst\u00e4rke sch\u00e4tzen.<\/span><\/p>\n<p><b>Spezifikationen<\/b><\/p>\n<table>\n<tbody>\n<tr>\n<td><b>Attribut<\/b><\/td>\n<td><b>Einzelheiten<\/b><\/td>\n<\/tr>\n<tr>\n<td><b>Marke<\/b><\/td>\n<td><span style=\"font-weight: 400;\">XQS<\/span><\/td>\n<\/tr>\n<tr>\n<td><b>Produkttyp<\/b><\/td>\n<td><span style=\"font-weight: 400;\">Alle wei\u00dfen Nikotinbeutel<\/span><\/td>\n<\/tr>\n<tr>\n<td><b>Format<\/b><\/td>\n<td><span style=\"font-weight: 400;\">Schlank<\/span><\/td>\n<\/tr>\n<tr>\n<td><b>Geschmack<\/b><\/td>\n<td><span style=\"font-weight: 400;\">Schwarze Kirsche<\/span><\/td>\n<\/tr>\n<tr>\n<td><b>Nikotinst\u00e4rke<\/b><\/td>\n<td><span style=\"font-weight: 400;\">4 mg pro Beutel (5 mg\/g)<\/span><\/td>\n<\/tr>\n<tr>\n<td><b>Portion Gewicht<\/b><\/td>\n<td><span style=\"font-weight: 400;\">0,75 Gramm<\/span><\/td>\n<\/tr>\n<tr>\n<td><b>Anzahl der Portionen<\/b><\/td>\n<td><span style=\"font-weight: 400;\">20 pro Dose<\/span><\/td>\n<\/tr>\n<tr>\n<td><b>Gesamtgewicht der Dose<\/b><\/td>\n<td><span style=\"font-weight: 400;\">15 Gramm<\/span><\/td>\n<\/tr>\n<tr>\n<td><b>Hersteller<\/b><\/td>\n<td><span style=\"font-weight: 400;\">XQS International<\/span><\/td>\n<\/tr>\n<tr>\n<td><b>Bemerkenswerte Merkmale<\/b><\/td>\n<td><span style=\"font-weight: 400;\">Tabakfrei, schlankes Format, sanfter und s\u00fc\u00dfer Schwarzkirschen-Geschmack<\/span><\/td>\n<\/tr>\n<\/tbody>\n<\/table>","protected":false},"excerpt":{"rendered":"<p><span style=\"font-weight: 400;\">XQS Black Cherry Light liefert ein sanftes und <\/span><b>fruchtiges Schwarzkirsch-Aroma<\/b><span style=\"font-weight: 400;\">, und bietet ein ausgewogenes Verh\u00e4ltnis von S\u00fc\u00dfe und dezenter Herbheit f\u00fcr ein raffiniertes und angenehmes Erlebnis. Entwickelt f\u00fcr Benutzer, die eine leichtere Nikotinoption bevorzugen, enth\u00e4lt jeder schlanke, ganz wei\u00dfe Beutel <\/span><b>4 mg Nikotin<\/b><span style=\"font-weight: 400;\">, und bietet eine milde und gleichm\u00e4\u00dfige Freisetzung, die ideal f\u00fcr den t\u00e4glichen Gebrauch ist.<\/span><\/p>","protected":false},"featured_media":63913,"comment_status":"open","ping_status":"closed","template":"","format":[206],"meta":{"_acf_changed":false},"product_brand":[],"product_cat":[27],"product_tag":[16585],"flavours":[196],"nicotine":[230,236],"class_list":{"0":"post-8009","1":"product","2":"type-product","3":"status-publish","4":"has-post-thumbnail","6":"product_cat-xqs","7":"product_tag-4-mg-pouch","8":"pa_quantity-1-pack","9":"pa_quantity-10-pack","10":"pa_quantity-3-pack","11":"pa_quantity-30-pack","12":"pa_quantity-5-pack","13":"pa_quantity-60-pack","14":"flavours-fruits-berries","15":"format-slim","16":"nicotine-8-mg-g","17":"nicotine-strong","19":"first","20":"instock","21":"taxable","22":"shipping-taxable","23":"purchasable","24":"product-type-variable"},"acf":[],"_links":{"self":[{"href":"https:\/\/whitelip.com\/de\/wp-json\/wp\/v2\/product\/8009","targetHints":{"allow":["GET"]}}],"collection":[{"href":"https:\/\/whitelip.com\/de\/wp-json\/wp\/v2\/product"}],"about":[{"href":"https:\/\/whitelip.com\/de\/wp-json\/wp\/v2\/types\/product"}],"replies":[{"embeddable":true,"href":"https:\/\/whitelip.com\/de\/wp-json\/wp\/v2\/comments?post=8009"}],"wp:featuredmedia":[{"embeddable":true,"href":"https:\/\/whitelip.com\/de\/wp-json\/wp\/v2\/media\/63913"}],"wp:attachment":[{"href":"https:\/\/whitelip.com\/de\/wp-json\/wp\/v2\/media?parent=8009"}],"wp:term":[{"taxonomy":"product_brand","embeddable":true,"href":"https:\/\/whitelip.com\/de\/wp-json\/wp\/v2\/product_brand?post=8009"},{"taxonomy":"product_cat","embeddable":true,"href":"https:\/\/whitelip.com\/de\/wp-json\/wp\/v2\/product_cat?post=8009"},{"taxonomy":"product_tag","embeddable":true,"href":"https:\/\/whitelip.com\/de\/wp-json\/wp\/v2\/product_tag?post=8009"},{"taxonomy":"flavours","embeddable":true,"href":"https:\/\/whitelip.com\/de\/wp-json\/wp\/v2\/flavours?post=8009"},{"taxonomy":"format","embeddable":true,"href":"https:\/\/whitelip.com\/de\/wp-json\/wp\/v2\/format?post=8009"},{"taxonomy":"nicotine","embeddable":true,"href":"https:\/\/whitelip.com\/de\/wp-json\/wp\/v2\/nicotine?post=8009"}],"curies":[{"name":"wp","href":"https:\/\/api.w.org\/{rel}","templated":true}]}}