{"id":8005,"date":"2024-12-20T19:39:10","date_gmt":"2024-12-20T19:39:10","guid":{"rendered":"https:\/\/whitelip.com\/xqs-twin-apple-light\/"},"modified":"2026-05-06T10:11:08","modified_gmt":"2026-05-06T10:11:08","slug":"xqs-twin-apple-light","status":"publish","type":"product","link":"https:\/\/whitelip.com\/de\/xqs\/xqs-twin-apple-light\/","title":{"rendered":"XQS Zwilling Apfel Licht"},"content":{"rendered":"<h2><b>XQS Zwilling Apfel Licht<\/b><\/h2>\n<p><span style=\"font-weight: 400;\">XQS Twin Apple Light liefert ein <\/span><b>erfrischender und ausgewogener Apfelgeschmack<\/b><span style=\"font-weight: 400;\">, Sie kombiniert die Knackigkeit gr\u00fcner \u00c4pfel mit der S\u00fc\u00dfe roter \u00c4pfel f\u00fcr ein sanftes und nat\u00fcrliches Geschmackserlebnis. Diese milde und fruchtige Mischung ist perfekt f\u00fcr Nutzer, die eine leichtere Nikotinoption suchen. Jeder schlanke, ganz wei\u00dfe Beutel enth\u00e4lt <\/span><b>4 mg Nikotin<\/b><span style=\"font-weight: 400;\">, und bietet eine sanfte und gleichm\u00e4\u00dfige Freisetzung, die f\u00fcr den t\u00e4glichen Gebrauch geeignet ist.<\/span><\/p>\n<p><span style=\"font-weight: 400;\">Das schlanke Format sorgt f\u00fcr einen diskreten und bequemen Sitz unter der Lippe und erm\u00f6glicht einen sauberen, fleckenfreien Gebrauch, wann immer Sie ihn brauchen. XQS Twin Apple Light ist komplett tabakfrei und wird aus hochwertigen pflanzlichen Materialien hergestellt. Sie bietet eine moderne Nikotin-Alternative mit einem fruchtigen Geschmack, der befriedigt, ohne zu \u00fcberw\u00e4ltigen.<\/span><\/p>\n<table>\n<tbody>\n<tr>\n<td><b>Attribut<\/b><\/td>\n<td><b>Einzelheiten<\/b><\/td>\n<\/tr>\n<tr>\n<td><b>Marke<\/b><\/td>\n<td><span style=\"font-weight: 400;\">XQS<\/span><\/td>\n<\/tr>\n<tr>\n<td><b>Produkttyp<\/b><\/td>\n<td><span style=\"font-weight: 400;\">Alle wei\u00dfen Nikotinbeutel<\/span><\/td>\n<\/tr>\n<tr>\n<td><b>Format<\/b><\/td>\n<td><span style=\"font-weight: 400;\">Schlank<\/span><\/td>\n<\/tr>\n<tr>\n<td><b>Geschmack<\/b><\/td>\n<td><span style=\"font-weight: 400;\">Gr\u00fcner Apfel und roter Apfel<\/span><\/td>\n<\/tr>\n<tr>\n<td><b>Nikotinst\u00e4rke<\/b><\/td>\n<td><span style=\"font-weight: 400;\">4 mg pro Beutel (5 mg\/g)<\/span><\/td>\n<\/tr>\n<tr>\n<td><b>Portion Gewicht<\/b><\/td>\n<td><span style=\"font-weight: 400;\">0,75 Gramm<\/span><\/td>\n<\/tr>\n<tr>\n<td><b>Anzahl der Portionen<\/b><\/td>\n<td><span style=\"font-weight: 400;\">20 pro Dose<\/span><\/td>\n<\/tr>\n<tr>\n<td><b>Gesamtgewicht der Dose<\/b><\/td>\n<td><span style=\"font-weight: 400;\">15 Gramm<\/span><\/td>\n<\/tr>\n<tr>\n<td><b>Hersteller<\/b><\/td>\n<td><span style=\"font-weight: 400;\">XQS International<\/span><\/td>\n<\/tr>\n<tr>\n<td><b>Bemerkenswerte Merkmale<\/b><\/td>\n<td><span style=\"font-weight: 400;\">Tabakfreies, schlankes Format, sanfter und fruchtiger Doppel-Apfel-Geschmack<\/span><\/td>\n<\/tr>\n<\/tbody>\n<\/table>","protected":false},"excerpt":{"rendered":"<p>XQS <strong data-start=\"4\" data-end=\"18\">Zwillingsapfel<\/strong> <strong data-start=\"19\" data-end=\"28\">Licht<\/strong> mischt knackig gr\u00fcne und s\u00fc\u00dfe rote \u00c4pfel f\u00fcr ein erfrischendes, nat\u00fcrliches Profil. Die <strong data-start=\"107\" data-end=\"115\">schlank<\/strong>, Die ganz in Wei\u00df gehaltenen Beutel sind diskret und bequem. Jeder Beutel enth\u00e4lt <strong data-start=\"185\" data-end=\"202\">4 mg Nikotin<\/strong> f\u00fcr eine sanfte, gleichm\u00e4\u00dfige Freisetzung, die f\u00fcr den t\u00e4glichen Gebrauch geeignet ist.<\/p>","protected":false},"featured_media":8006,"comment_status":"open","ping_status":"closed","template":"","format":[206],"meta":{"_acf_changed":false},"product_brand":[],"product_cat":[27],"product_tag":[],"flavours":[196],"nicotine":[230,236],"class_list":{"0":"post-8005","1":"product","2":"type-product","3":"status-publish","4":"has-post-thumbnail","6":"product_cat-xqs","7":"pa_quantity-1-pack","8":"pa_quantity-10-pack","9":"pa_quantity-3-pack","10":"pa_quantity-30-pack","11":"pa_quantity-5-pack","12":"pa_quantity-60-pack","13":"flavours-fruits-berries","14":"format-slim","15":"nicotine-8-mg-g","16":"nicotine-strong","18":"first","19":"outofstock","20":"taxable","21":"shipping-taxable","22":"purchasable","23":"product-type-variable"},"acf":[],"_links":{"self":[{"href":"https:\/\/whitelip.com\/de\/wp-json\/wp\/v2\/product\/8005","targetHints":{"allow":["GET"]}}],"collection":[{"href":"https:\/\/whitelip.com\/de\/wp-json\/wp\/v2\/product"}],"about":[{"href":"https:\/\/whitelip.com\/de\/wp-json\/wp\/v2\/types\/product"}],"replies":[{"embeddable":true,"href":"https:\/\/whitelip.com\/de\/wp-json\/wp\/v2\/comments?post=8005"}],"wp:featuredmedia":[{"embeddable":true,"href":"https:\/\/whitelip.com\/de\/wp-json\/wp\/v2\/media\/8006"}],"wp:attachment":[{"href":"https:\/\/whitelip.com\/de\/wp-json\/wp\/v2\/media?parent=8005"}],"wp:term":[{"taxonomy":"product_brand","embeddable":true,"href":"https:\/\/whitelip.com\/de\/wp-json\/wp\/v2\/product_brand?post=8005"},{"taxonomy":"product_cat","embeddable":true,"href":"https:\/\/whitelip.com\/de\/wp-json\/wp\/v2\/product_cat?post=8005"},{"taxonomy":"product_tag","embeddable":true,"href":"https:\/\/whitelip.com\/de\/wp-json\/wp\/v2\/product_tag?post=8005"},{"taxonomy":"flavours","embeddable":true,"href":"https:\/\/whitelip.com\/de\/wp-json\/wp\/v2\/flavours?post=8005"},{"taxonomy":"format","embeddable":true,"href":"https:\/\/whitelip.com\/de\/wp-json\/wp\/v2\/format?post=8005"},{"taxonomy":"nicotine","embeddable":true,"href":"https:\/\/whitelip.com\/de\/wp-json\/wp\/v2\/nicotine?post=8005"}],"curies":[{"name":"wp","href":"https:\/\/api.w.org\/{rel}","templated":true}]}}