{"id":7993,"date":"2024-12-20T19:39:10","date_gmt":"2024-12-20T19:39:10","guid":{"rendered":"https:\/\/whitelip.com\/xqs-blueberry-mint-light\/"},"modified":"2026-04-26T10:11:10","modified_gmt":"2026-04-26T10:11:10","slug":"xqs-blueberry-mint-light","status":"publish","type":"product","link":"https:\/\/whitelip.com\/de\/xqs\/xqs-blueberry-mint-light\/","title":{"rendered":"XQS Heidelbeere-Minze leicht"},"content":{"rendered":"<h2><b>XQS Heidelbeere-Minze leicht<\/b><\/h2>\n<p><span style=\"font-weight: 400;\">XQS Blueberry Mint Light liefert ein <\/span><b>sanfter Heidelbeergeschmack<\/b><span style=\"font-weight: 400;\"> erg\u00e4nzt durch eine erfrischende <\/span><b>Minzbl\u00fcte<\/b><span style=\"font-weight: 400;\">, und sorgt f\u00fcr ein delikates und belebendes Nikotinerlebnis. Diese ausgewogene Mischung bietet eine milde fruchtige S\u00fc\u00dfe gepaart mit einem k\u00fchlenden Abgang, perfekt f\u00fcr Nutzer, die eine leichtere Nikotinoption suchen. Jeder schlanke, ganz wei\u00dfe Beutel enth\u00e4lt <\/span><b>4 mg Nikotin<\/b><span style=\"font-weight: 400;\">, und bietet eine sanfte und gleichm\u00e4\u00dfige Freisetzung, ideal f\u00fcr den t\u00e4glichen Gebrauch.<\/span><\/p>\n<p><span style=\"font-weight: 400;\">Das schlanke Format sorgt f\u00fcr einen diskreten und bequemen Sitz unter der Lippe und erm\u00f6glicht jederzeit einen sauberen, fleckenfreien Gebrauch. XQS Blueberry Mint Light ist komplett tabakfrei und wird aus hochwertigen pflanzlichen Fasern hergestellt. Sie bietet eine moderne Nikotin-Alternative mit einem weichen, fruchtigen Geschmack und erfrischender K\u00fchle.<\/span><\/p>\n<table>\n<tbody>\n<tr>\n<td><b>Attribut<\/b><\/td>\n<td><b>Einzelheiten<\/b><\/td>\n<\/tr>\n<tr>\n<td><b>Marke<\/b><\/td>\n<td><span style=\"font-weight: 400;\">XQS<\/span><\/td>\n<\/tr>\n<tr>\n<td><b>Produkttyp<\/b><\/td>\n<td><span style=\"font-weight: 400;\">Alle wei\u00dfen Nikotinbeutel<\/span><\/td>\n<\/tr>\n<tr>\n<td><b>Format<\/b><\/td>\n<td><span style=\"font-weight: 400;\">Schlank<\/span><\/td>\n<\/tr>\n<tr>\n<td><b>Geschmack<\/b><\/td>\n<td><span style=\"font-weight: 400;\">Heidelbeere und Minze<\/span><\/td>\n<\/tr>\n<tr>\n<td><b>Nikotinst\u00e4rke<\/b><\/td>\n<td><span style=\"font-weight: 400;\">4 mg pro Beutel (5 mg\/g)<\/span><\/td>\n<\/tr>\n<tr>\n<td><b>Portion Gewicht<\/b><\/td>\n<td><span style=\"font-weight: 400;\">0,75 Gramm<\/span><\/td>\n<\/tr>\n<tr>\n<td><b>Anzahl der Portionen<\/b><\/td>\n<td><span style=\"font-weight: 400;\">20 pro Dose<\/span><\/td>\n<\/tr>\n<tr>\n<td><b>Gesamtgewicht der Dose<\/b><\/td>\n<td><span style=\"font-weight: 400;\">15 Gramm<\/span><\/td>\n<\/tr>\n<tr>\n<td><b>Hersteller<\/b><\/td>\n<td><span style=\"font-weight: 400;\">XQS International<\/span><\/td>\n<\/tr>\n<tr>\n<td><b>Bemerkenswerte Merkmale<\/b><\/td>\n<td><span style=\"font-weight: 400;\">Tabakfreies, schlankes Format, sanfter Blaubeergeschmack mit einem erfrischenden Hauch von Minze<\/span><\/td>\n<\/tr>\n<\/tbody>\n<\/table>","protected":false},"excerpt":{"rendered":"<p>XQS <strong data-start=\"4\" data-end=\"22\">Blaubeer-Minze<\/strong> <strong data-start=\"23\" data-end=\"32\">Licht<\/strong> liefert sanfte Blaubeeren mit einer erfrischenden Minze f\u00fcr ein delikates, belebendes Profil. Die <strong data-start=\"130\" data-end=\"138\">schlank<\/strong>, Die ganz in Wei\u00df gehaltenen Beutel sind diskret und bequem. Jeder Beutel enth\u00e4lt <strong data-start=\"208\" data-end=\"225\">4 mg Nikotin<\/strong> f\u00fcr eine sanfte, gleichm\u00e4\u00dfige Freisetzung, die f\u00fcr den t\u00e4glichen Gebrauch geeignet ist.<\/p>","protected":false},"featured_media":63915,"comment_status":"open","ping_status":"closed","template":"","format":[206],"meta":{"_acf_changed":false},"product_brand":[],"product_cat":[27],"product_tag":[16585],"flavours":[196],"nicotine":[230,236],"class_list":{"0":"post-7993","1":"product","2":"type-product","3":"status-publish","4":"has-post-thumbnail","6":"product_cat-xqs","7":"product_tag-4-mg-pouch","8":"pa_quantity-1-pack","9":"pa_quantity-10-pack","10":"pa_quantity-3-pack","11":"pa_quantity-30-pack","12":"pa_quantity-5-pack","13":"pa_quantity-60-pack","14":"flavours-fruits-berries","15":"format-slim","16":"nicotine-8-mg-g","17":"nicotine-strong","19":"first","20":"instock","21":"taxable","22":"shipping-taxable","23":"purchasable","24":"product-type-variable"},"acf":[],"_links":{"self":[{"href":"https:\/\/whitelip.com\/de\/wp-json\/wp\/v2\/product\/7993","targetHints":{"allow":["GET"]}}],"collection":[{"href":"https:\/\/whitelip.com\/de\/wp-json\/wp\/v2\/product"}],"about":[{"href":"https:\/\/whitelip.com\/de\/wp-json\/wp\/v2\/types\/product"}],"replies":[{"embeddable":true,"href":"https:\/\/whitelip.com\/de\/wp-json\/wp\/v2\/comments?post=7993"}],"wp:featuredmedia":[{"embeddable":true,"href":"https:\/\/whitelip.com\/de\/wp-json\/wp\/v2\/media\/63915"}],"wp:attachment":[{"href":"https:\/\/whitelip.com\/de\/wp-json\/wp\/v2\/media?parent=7993"}],"wp:term":[{"taxonomy":"product_brand","embeddable":true,"href":"https:\/\/whitelip.com\/de\/wp-json\/wp\/v2\/product_brand?post=7993"},{"taxonomy":"product_cat","embeddable":true,"href":"https:\/\/whitelip.com\/de\/wp-json\/wp\/v2\/product_cat?post=7993"},{"taxonomy":"product_tag","embeddable":true,"href":"https:\/\/whitelip.com\/de\/wp-json\/wp\/v2\/product_tag?post=7993"},{"taxonomy":"flavours","embeddable":true,"href":"https:\/\/whitelip.com\/de\/wp-json\/wp\/v2\/flavours?post=7993"},{"taxonomy":"format","embeddable":true,"href":"https:\/\/whitelip.com\/de\/wp-json\/wp\/v2\/format?post=7993"},{"taxonomy":"nicotine","embeddable":true,"href":"https:\/\/whitelip.com\/de\/wp-json\/wp\/v2\/nicotine?post=7993"}],"curies":[{"name":"wp","href":"https:\/\/api.w.org\/{rel}","templated":true}]}}