{"id":7989,"date":"2024-12-20T19:39:10","date_gmt":"2024-12-20T19:39:10","guid":{"rendered":"https:\/\/whitelip.com\/xqs-soft-toffee-light\/"},"modified":"2026-04-21T10:11:22","modified_gmt":"2026-04-21T10:11:22","slug":"xqs-soft-toffee-light","status":"publish","type":"product","link":"https:\/\/whitelip.com\/de\/xqs\/xqs-soft-toffee-light\/","title":{"rendered":"XQS Weiches Toffee hell"},"content":{"rendered":"<h2><b>XQS Weiches Toffee hell<\/b><\/h2>\n<p><span style=\"font-weight: 400;\">XQS Soft Toffee Light liefert ein <\/span><b>weicher und cremiger Toffee-Geschmack<\/b><span style=\"font-weight: 400;\">, und bietet ein s\u00fc\u00dfes und genussvolles Geschmackserlebnis, das sowohl beruhigend als auch befriedigend ist. Perfekt f\u00fcr Benutzer, die eine milde Nikotinoption bevorzugen, enth\u00e4lt jeder schlanke, ganz wei\u00dfe Beutel <\/span><b>4 mg Nikotin<\/b><span style=\"font-weight: 400;\">, und bietet eine sanfte und gleichm\u00e4\u00dfige Freisetzung, ideal f\u00fcr den t\u00e4glichen Gebrauch.<\/span><\/p>\n<p><span style=\"font-weight: 400;\">Das schlanke Format sorgt f\u00fcr einen diskreten und bequemen Sitz unter der Lippe und erm\u00f6glicht einen sauberen, fleckenfreien Gebrauch, wann immer Sie ihn brauchen. Die XQS Soft Toffee Light ist komplett tabakfrei und wird aus hochwertigen pflanzlichen Materialien hergestellt. Sie ist eine moderne Nikotin-Alternative mit einem k\u00f6stlich s\u00fc\u00dfen Geschmack, der heraussticht.<\/span><\/p>\n<table>\n<tbody>\n<tr>\n<td><b>Attribut<\/b><\/td>\n<td><b>Einzelheiten<\/b><\/td>\n<\/tr>\n<tr>\n<td><b>Marke<\/b><\/td>\n<td><span style=\"font-weight: 400;\">XQS<\/span><\/td>\n<\/tr>\n<tr>\n<td><b>Produkttyp<\/b><\/td>\n<td><span style=\"font-weight: 400;\">Alle wei\u00dfen Nikotinbeutel<\/span><\/td>\n<\/tr>\n<tr>\n<td><b>Format<\/b><\/td>\n<td><span style=\"font-weight: 400;\">Schlank<\/span><\/td>\n<\/tr>\n<tr>\n<td><b>Geschmack<\/b><\/td>\n<td><span style=\"font-weight: 400;\">Weiches Toffee<\/span><\/td>\n<\/tr>\n<tr>\n<td><b>Nikotinst\u00e4rke<\/b><\/td>\n<td><span style=\"font-weight: 400;\">4 mg pro Beutel (5 mg\/g)<\/span><\/td>\n<\/tr>\n<tr>\n<td><b>Portion Gewicht<\/b><\/td>\n<td><span style=\"font-weight: 400;\">0,75 Gramm<\/span><\/td>\n<\/tr>\n<tr>\n<td><b>Anzahl der Portionen<\/b><\/td>\n<td><span style=\"font-weight: 400;\">20 pro Dose<\/span><\/td>\n<\/tr>\n<tr>\n<td><b>Gesamtgewicht der Dose<\/b><\/td>\n<td><span style=\"font-weight: 400;\">15 Gramm<\/span><\/td>\n<\/tr>\n<tr>\n<td><b>Hersteller<\/b><\/td>\n<td><span style=\"font-weight: 400;\">XQS International<\/span><\/td>\n<\/tr>\n<tr>\n<td><b>Bemerkenswerte Merkmale<\/b><\/td>\n<td><span style=\"font-weight: 400;\">Tabakfrei, schlankes Format, s\u00fc\u00dfer und cremiger Toffee-Geschmack<\/span><\/td>\n<\/tr>\n<\/tbody>\n<\/table>","protected":false},"excerpt":{"rendered":"<p>XQS <strong data-start=\"4\" data-end=\"19\">Weiches Toffee<\/strong> <strong data-start=\"20\" data-end=\"29\">Licht<\/strong> liefert weiches, cremiges Toffee in einem s\u00fc\u00dfen, genussvollen Profil. Die <strong data-start=\"96\" data-end=\"104\">schlank<\/strong>, Die ganz in Wei\u00df gehaltenen Beutel sind diskret und bequem. Jeder Beutel enth\u00e4lt <strong data-start=\"174\" data-end=\"191\">4 mg Nikotin<\/strong> f\u00fcr eine sanfte, gleichm\u00e4\u00dfige Freisetzung, die f\u00fcr den t\u00e4glichen Gebrauch geeignet ist.<\/p>","protected":false},"featured_media":7990,"comment_status":"open","ping_status":"closed","template":"","format":[206],"meta":{"_acf_changed":false},"product_brand":[],"product_cat":[27],"product_tag":[16585],"flavours":[185],"nicotine":[230,236],"class_list":{"0":"post-7989","1":"product","2":"type-product","3":"status-publish","4":"has-post-thumbnail","6":"product_cat-xqs","7":"product_tag-4-mg-pouch","8":"pa_quantity-1-pack","9":"pa_quantity-10-pack","10":"pa_quantity-3-pack","11":"pa_quantity-30-pack","12":"pa_quantity-5-pack","13":"pa_quantity-60-pack","14":"flavours-candy","15":"format-slim","16":"nicotine-8-mg-g","17":"nicotine-strong","19":"first","20":"outofstock","21":"taxable","22":"shipping-taxable","23":"purchasable","24":"product-type-variable"},"acf":[],"_links":{"self":[{"href":"https:\/\/whitelip.com\/de\/wp-json\/wp\/v2\/product\/7989","targetHints":{"allow":["GET"]}}],"collection":[{"href":"https:\/\/whitelip.com\/de\/wp-json\/wp\/v2\/product"}],"about":[{"href":"https:\/\/whitelip.com\/de\/wp-json\/wp\/v2\/types\/product"}],"replies":[{"embeddable":true,"href":"https:\/\/whitelip.com\/de\/wp-json\/wp\/v2\/comments?post=7989"}],"wp:featuredmedia":[{"embeddable":true,"href":"https:\/\/whitelip.com\/de\/wp-json\/wp\/v2\/media\/7990"}],"wp:attachment":[{"href":"https:\/\/whitelip.com\/de\/wp-json\/wp\/v2\/media?parent=7989"}],"wp:term":[{"taxonomy":"product_brand","embeddable":true,"href":"https:\/\/whitelip.com\/de\/wp-json\/wp\/v2\/product_brand?post=7989"},{"taxonomy":"product_cat","embeddable":true,"href":"https:\/\/whitelip.com\/de\/wp-json\/wp\/v2\/product_cat?post=7989"},{"taxonomy":"product_tag","embeddable":true,"href":"https:\/\/whitelip.com\/de\/wp-json\/wp\/v2\/product_tag?post=7989"},{"taxonomy":"flavours","embeddable":true,"href":"https:\/\/whitelip.com\/de\/wp-json\/wp\/v2\/flavours?post=7989"},{"taxonomy":"format","embeddable":true,"href":"https:\/\/whitelip.com\/de\/wp-json\/wp\/v2\/format?post=7989"},{"taxonomy":"nicotine","embeddable":true,"href":"https:\/\/whitelip.com\/de\/wp-json\/wp\/v2\/nicotine?post=7989"}],"curies":[{"name":"wp","href":"https:\/\/api.w.org\/{rel}","templated":true}]}}