{"id":65358,"date":"2026-02-02T11:02:48","date_gmt":"2026-02-02T11:02:48","guid":{"rendered":"https:\/\/whitelip.com\/?post_type=product&#038;p=65358"},"modified":"2026-04-09T10:04:17","modified_gmt":"2026-04-09T10:04:17","slug":"nois-extreme-4mg-2","status":"publish","type":"product","link":"https:\/\/whitelip.com\/de\/nois\/nois-extreme-4mg-2\/","title":{"rendered":"NOIS Extreme 4mg"},"content":{"rendered":"<h2>NOIS Extreme 4mg<\/h2>\n<p data-start=\"267\" data-end=\"560\">NOIS Extreme 4MG ist ein Nikotinbeutel mit intensivem Minzgeschmack im Slim-Format. Der Geschmack wird fr\u00fch eingef\u00fchrt und liefert einen scharfen, eisigen Minzcharakter mit einem k\u00fchlenden Menthol-Finish. Das Produkt wurde entwickelt, um ein ausgepr\u00e4gtes Geschmackserlebnis zu bieten, w\u00e4hrend ein niedriger Nikotingehalt beibehalten wird.<\/p>\n<p data-start=\"562\" data-end=\"842\">Jeder Beutel enth\u00e4lt 4 mg Nikotin. Die Beutel werden im NOIS Slim-Format hergestellt, das f\u00fcr eine diskrete und bequeme Platzierung unter der Oberlippe entwickelt wurde. Das Material ist weich und vorgefeuchtet, um eine schnelle Freisetzung von Geschmack und Nikotin zu unterst\u00fctzen. Das Produkt ist tabakfrei.<\/p>\n<p data-start=\"844\" data-end=\"977\">Die NOIS-Nikotinbeutel werden von HRJ Production O\u00dc in Tallinn, Estland, hergestellt. Die Produktion folgt strengen Qualit\u00e4tskontrollstandards.<\/p>\n<table>\n<tbody>\n<tr>\n<td><b>Attribut<\/b><\/td>\n<td><b>Einzelheiten<\/b><\/td>\n<\/tr>\n<tr>\n<td><b>Marke<\/b><\/td>\n<td><span style=\"font-weight: 400;\">NOIS<\/span><\/td>\n<\/tr>\n<tr>\n<td><b>Produkttyp<\/b><\/td>\n<td><span style=\"font-weight: 400;\">Alle wei\u00dfen Nikotinbeutel<\/span><\/td>\n<\/tr>\n<tr>\n<td><b>Format<\/b><\/td>\n<td><span style=\"font-weight: 400;\">Schlank<\/span><\/td>\n<\/tr>\n<tr>\n<td><b>Geschmack<\/b><\/td>\n<td><span style=\"font-weight: 400;\">Minze<\/span><\/td>\n<\/tr>\n<tr>\n<td><b>Nikotinst\u00e4rke<\/b><\/td>\n<td><span style=\"font-weight: 400;\">4 mg pro Beutel\u00a0<\/span><\/td>\n<\/tr>\n<tr>\n<td><b>Portion Gewicht<\/b><\/td>\n<td><span style=\"font-weight: 400;\">0,5 Gramm<\/span><\/td>\n<\/tr>\n<tr>\n<td><b>Anzahl der Portionen<\/b><\/td>\n<td><span style=\"font-weight: 400;\">30 pro Dose<\/span><\/td>\n<\/tr>\n<tr>\n<td><b>Gesamtgewicht der Dose<\/b><\/td>\n<td><span style=\"font-weight: 400;\">15 Gramm<\/span><\/td>\n<\/tr>\n<tr>\n<td><b>Hersteller<\/b><\/td>\n<td><span style=\"font-weight: 400;\">HRJ Production O\u00dc<\/span><\/td>\n<\/tr>\n<tr>\n<td><b>Bemerkenswerte Merkmale<\/b><\/td>\n<td><span style=\"font-weight: 400;\">Tabakfrei, Slim-Format<\/span><\/td>\n<\/tr>\n<\/tbody>\n<\/table>","protected":false},"excerpt":{"rendered":"<p data-start=\"991\" data-end=\"1124\">NOIS Extreme 4MG Nikotin-Beutel mit <strong data-start=\"1048\" data-end=\"1056\">Minze<\/strong> Geschmack in <strong data-start=\"1067\" data-end=\"1075\">Schlank<\/strong> format. Jede Packung enth\u00e4lt <strong data-start=\"1104\" data-end=\"1121\">4 mg Nikotin<\/strong>.<\/p>","protected":false},"featured_media":65320,"comment_status":"open","ping_status":"closed","template":"","format":[206],"meta":{"_acf_changed":false},"product_brand":[],"product_cat":[127],"product_tag":[16585],"flavours":[199],"nicotine":[230,236],"class_list":{"0":"post-65358","1":"product","2":"type-product","3":"status-publish","4":"has-post-thumbnail","6":"product_cat-nois","7":"product_tag-4-mg-pouch","8":"pa_quantity-1-pack","9":"pa_quantity-10-pack","10":"pa_quantity-3-pack","11":"pa_quantity-30-pack","12":"pa_quantity-5-pack","13":"pa_quantity-60-pack","14":"flavours-mint","15":"format-slim","16":"nicotine-8-mg-g","17":"nicotine-strong","19":"first","20":"outofstock","21":"taxable","22":"shipping-taxable","23":"purchasable","24":"product-type-variable","25":"has-default-attributes"},"acf":[],"_links":{"self":[{"href":"https:\/\/whitelip.com\/de\/wp-json\/wp\/v2\/product\/65358","targetHints":{"allow":["GET"]}}],"collection":[{"href":"https:\/\/whitelip.com\/de\/wp-json\/wp\/v2\/product"}],"about":[{"href":"https:\/\/whitelip.com\/de\/wp-json\/wp\/v2\/types\/product"}],"replies":[{"embeddable":true,"href":"https:\/\/whitelip.com\/de\/wp-json\/wp\/v2\/comments?post=65358"}],"wp:featuredmedia":[{"embeddable":true,"href":"https:\/\/whitelip.com\/de\/wp-json\/wp\/v2\/media\/65320"}],"wp:attachment":[{"href":"https:\/\/whitelip.com\/de\/wp-json\/wp\/v2\/media?parent=65358"}],"wp:term":[{"taxonomy":"product_brand","embeddable":true,"href":"https:\/\/whitelip.com\/de\/wp-json\/wp\/v2\/product_brand?post=65358"},{"taxonomy":"product_cat","embeddable":true,"href":"https:\/\/whitelip.com\/de\/wp-json\/wp\/v2\/product_cat?post=65358"},{"taxonomy":"product_tag","embeddable":true,"href":"https:\/\/whitelip.com\/de\/wp-json\/wp\/v2\/product_tag?post=65358"},{"taxonomy":"flavours","embeddable":true,"href":"https:\/\/whitelip.com\/de\/wp-json\/wp\/v2\/flavours?post=65358"},{"taxonomy":"format","embeddable":true,"href":"https:\/\/whitelip.com\/de\/wp-json\/wp\/v2\/format?post=65358"},{"taxonomy":"nicotine","embeddable":true,"href":"https:\/\/whitelip.com\/de\/wp-json\/wp\/v2\/nicotine?post=65358"}],"curies":[{"name":"wp","href":"https:\/\/api.w.org\/{rel}","templated":true}]}}