{"id":65292,"date":"2026-02-02T10:54:55","date_gmt":"2026-02-02T10:54:55","guid":{"rendered":"https:\/\/whitelip.com\/?post_type=product&#038;p=65292"},"modified":"2026-04-09T10:04:19","modified_gmt":"2026-04-09T10:04:19","slug":"nois-extreme-4mg","status":"publish","type":"product","link":"https:\/\/whitelip.com\/de\/nois\/nois-extreme-4mg\/","title":{"rendered":"NOIS Ice Mango 4mg"},"content":{"rendered":"<h2>NOIS Ice Mango 4mg<\/h2>\n<p data-start=\"294\" data-end=\"525\">NOIS Ice Mango 4MG ist ein Nikotinbeutel mit Mango- und Minzgeschmack im Slim-Format. Der Geschmack wird fr\u00fch eingef\u00fchrt und kombiniert tropische Mango-Noten mit einem knackigen Minz-Finish. Das Produkt ist mit einem niedrigeren Nikotingehalt formuliert.<\/p>\n<p data-start=\"527\" data-end=\"749\">Jeder Beutel enth\u00e4lt 4 mg Nikotin. Die Beutel werden in einem schlanken Format hergestellt, das sich bequem und diskret unter der Oberlippe platzieren l\u00e4sst. Das Produkt ist tabakfrei, das hei\u00dft, es enth\u00e4lt keinen Tabak.<\/p>\n<p data-start=\"751\" data-end=\"972\">NOIS ist eine Marke, die entwickelt wurde, um eine breite Palette von Geschmacksrichtungen mit gleichbleibendem Nikotingehalt anzubieten. Die NOIS-Nikotinbeutel werden von HRJ Production O\u00dc in Estland hergestellt und unter festgelegten Qualit\u00e4tskontrollstandards produziert.<\/p>\n<table>\n<tbody>\n<tr>\n<td><b>Attribut<\/b><\/td>\n<td><b>Einzelheiten<\/b><\/td>\n<\/tr>\n<tr>\n<td><b>Marke<\/b><\/td>\n<td><span style=\"font-weight: 400;\">NOIS<\/span><\/td>\n<\/tr>\n<tr>\n<td><b>Produkttyp<\/b><\/td>\n<td><span style=\"font-weight: 400;\">Alle wei\u00dfen Nikotinbeutel<\/span><\/td>\n<\/tr>\n<tr>\n<td><b>Format<\/b><\/td>\n<td><span style=\"font-weight: 400;\">Schlank<\/span><\/td>\n<\/tr>\n<tr>\n<td><b>Geschmack<\/b><\/td>\n<td><span style=\"font-weight: 400;\">Mango, Minze<\/span><\/td>\n<\/tr>\n<tr>\n<td><b>Nikotinst\u00e4rke<\/b><\/td>\n<td><span style=\"font-weight: 400;\">4 mg pro Beutel\u00a0<\/span><\/td>\n<\/tr>\n<tr>\n<td><b>Portion Gewicht<\/b><\/td>\n<td><span style=\"font-weight: 400;\">0,5 Gramm<\/span><\/td>\n<\/tr>\n<tr>\n<td><b>Anzahl der Portionen<\/b><\/td>\n<td><span style=\"font-weight: 400;\">30 pro Dose<\/span><\/td>\n<\/tr>\n<tr>\n<td><b>Gesamtgewicht der Dose<\/b><\/td>\n<td><span style=\"font-weight: 400;\">15 Gramm<\/span><\/td>\n<\/tr>\n<tr>\n<td><b>Hersteller<\/b><\/td>\n<td><span style=\"font-weight: 400;\">HRJ Production O\u00dc<\/span><\/td>\n<\/tr>\n<tr>\n<td><b>Bemerkenswerte Merkmale<\/b><\/td>\n<td><span style=\"font-weight: 400;\">Tabakfrei, Slim-Format<\/span><\/td>\n<\/tr>\n<\/tbody>\n<\/table>","protected":false},"excerpt":{"rendered":"<p data-start=\"991\" data-end=\"1124\">NOIS Ice Mango 4MG Nikotin-Beutel mit <strong data-start=\"1045\" data-end=\"1063\">Mango und Minze<\/strong> Geschmack in <strong data-start=\"1074\" data-end=\"1082\">Schlank<\/strong> format. Jede Packung enth\u00e4lt <strong data-start=\"1111\" data-end=\"1128\">4 mg Nikotin<\/strong>.<\/p>","protected":false},"featured_media":65321,"comment_status":"open","ping_status":"closed","template":"","format":[206],"meta":{"_acf_changed":false},"product_brand":[],"product_cat":[127],"product_tag":[16585],"flavours":[196,199],"nicotine":[230,236],"class_list":{"0":"post-65292","1":"product","2":"type-product","3":"status-publish","4":"has-post-thumbnail","6":"product_cat-nois","7":"product_tag-4-mg-pouch","8":"pa_quantity-1-pack","9":"pa_quantity-10-pack","10":"pa_quantity-3-pack","11":"pa_quantity-30-pack","12":"pa_quantity-5-pack","13":"pa_quantity-60-pack","14":"flavours-fruits-berries","15":"flavours-mint","16":"format-slim","17":"nicotine-8-mg-g","18":"nicotine-strong","20":"first","21":"outofstock","22":"taxable","23":"shipping-taxable","24":"purchasable","25":"product-type-variable","26":"has-default-attributes"},"acf":[],"_links":{"self":[{"href":"https:\/\/whitelip.com\/de\/wp-json\/wp\/v2\/product\/65292","targetHints":{"allow":["GET"]}}],"collection":[{"href":"https:\/\/whitelip.com\/de\/wp-json\/wp\/v2\/product"}],"about":[{"href":"https:\/\/whitelip.com\/de\/wp-json\/wp\/v2\/types\/product"}],"replies":[{"embeddable":true,"href":"https:\/\/whitelip.com\/de\/wp-json\/wp\/v2\/comments?post=65292"}],"wp:featuredmedia":[{"embeddable":true,"href":"https:\/\/whitelip.com\/de\/wp-json\/wp\/v2\/media\/65321"}],"wp:attachment":[{"href":"https:\/\/whitelip.com\/de\/wp-json\/wp\/v2\/media?parent=65292"}],"wp:term":[{"taxonomy":"product_brand","embeddable":true,"href":"https:\/\/whitelip.com\/de\/wp-json\/wp\/v2\/product_brand?post=65292"},{"taxonomy":"product_cat","embeddable":true,"href":"https:\/\/whitelip.com\/de\/wp-json\/wp\/v2\/product_cat?post=65292"},{"taxonomy":"product_tag","embeddable":true,"href":"https:\/\/whitelip.com\/de\/wp-json\/wp\/v2\/product_tag?post=65292"},{"taxonomy":"flavours","embeddable":true,"href":"https:\/\/whitelip.com\/de\/wp-json\/wp\/v2\/flavours?post=65292"},{"taxonomy":"format","embeddable":true,"href":"https:\/\/whitelip.com\/de\/wp-json\/wp\/v2\/format?post=65292"},{"taxonomy":"nicotine","embeddable":true,"href":"https:\/\/whitelip.com\/de\/wp-json\/wp\/v2\/nicotine?post=65292"}],"curies":[{"name":"wp","href":"https:\/\/api.w.org\/{rel}","templated":true}]}}