{"id":65235,"date":"2026-02-02T10:46:27","date_gmt":"2026-02-02T10:46:27","guid":{"rendered":"https:\/\/whitelip.com\/?post_type=product&#038;p=65235"},"modified":"2026-04-12T22:27:50","modified_gmt":"2026-04-12T22:27:50","slug":"nois-blueberry-ice-4mg","status":"publish","type":"product","link":"https:\/\/whitelip.com\/de\/nois\/nois-blueberry-ice-4mg\/","title":{"rendered":"NOIS Blaubeer-Eis 4mg"},"content":{"rendered":"<h2>NOIS Blaubeer-Eis 4mg<\/h2>\n<p data-start=\"283\" data-end=\"577\">NOIS Blueberry Ice 4MG ist ein Nikotinbeutel mit Blaubeer- und Minzgeschmack im Slim-Format. Der Geschmack wird fr\u00fch eingef\u00fchrt und kombiniert scharfe Heidelbeernoten mit k\u00fchlendem Menthol, was zu einem frischen Abgang f\u00fchrt. Das Produkt ist tabakfrei und wurde mit einem geringeren Nikotingehalt pro Beutel entwickelt.<\/p>\n<p data-start=\"579\" data-end=\"829\">Jeder Beutel enth\u00e4lt 4 mg Nikotin. Die Beutel werden in einem schlanken Format hergestellt, das sich bequem und diskret unter der Oberlippe platzieren l\u00e4sst. Die Zusammensetzung ist so konzipiert, dass die mit tabakhaltigen Produkten verbundenen Zahnverf\u00e4rbungen vermieden werden.<\/p>\n<p data-start=\"831\" data-end=\"959\">Die NOIS-Nikotinbeutel werden von HRJ Production O\u00dc in Estland hergestellt. Die Produktion folgt strengen Qualit\u00e4tskontrollstandards.<\/p>\n<table>\n<tbody>\n<tr>\n<td><b>Attribut<\/b><\/td>\n<td><b>Einzelheiten<\/b><\/td>\n<\/tr>\n<tr>\n<td><b>Marke<\/b><\/td>\n<td><span style=\"font-weight: 400;\">NOIS<\/span><\/td>\n<\/tr>\n<tr>\n<td><b>Produkttyp<\/b><\/td>\n<td><span style=\"font-weight: 400;\">Alle wei\u00dfen Nikotinbeutel<\/span><\/td>\n<\/tr>\n<tr>\n<td><b>Format<\/b><\/td>\n<td><span style=\"font-weight: 400;\">Schlank<\/span><\/td>\n<\/tr>\n<tr>\n<td><b>Geschmack<\/b><\/td>\n<td><span style=\"font-weight: 400;\">Heidelbeere, Minze<\/span><\/td>\n<\/tr>\n<tr>\n<td><b>Nikotinst\u00e4rke<\/b><\/td>\n<td><span style=\"font-weight: 400;\">4 mg pro Beutel\u00a0<\/span><\/td>\n<\/tr>\n<tr>\n<td><b>Portion Gewicht<\/b><\/td>\n<td><span style=\"font-weight: 400;\">0,5 Gramm<\/span><\/td>\n<\/tr>\n<tr>\n<td><b>Anzahl der Portionen<\/b><\/td>\n<td><span style=\"font-weight: 400;\">30 pro Dose<\/span><\/td>\n<\/tr>\n<tr>\n<td><b>Gesamtgewicht der Dose<\/b><\/td>\n<td><span style=\"font-weight: 400;\">15 Gramm<\/span><\/td>\n<\/tr>\n<tr>\n<td><b>Hersteller<\/b><\/td>\n<td><span style=\"font-weight: 400;\">HRJ Production O\u00dc<\/span><\/td>\n<\/tr>\n<tr>\n<td><b>Bemerkenswerte Merkmale<\/b><\/td>\n<td><span style=\"font-weight: 400;\">Tabakfrei, Slim-Format<\/span><\/td>\n<\/tr>\n<\/tbody>\n<\/table>","protected":false},"excerpt":{"rendered":"<p data-start=\"991\" data-end=\"1124\">NOIS Blueberry Ice 4MG Nikotin-Beutel mit <strong data-start=\"1036\" data-end=\"1058\">Heidelbeere und Minze<\/strong> Geschmack in <strong data-start=\"1069\" data-end=\"1077\">Schlank<\/strong> format. Jede Packung enth\u00e4lt <strong data-start=\"1106\" data-end=\"1123\">4 mg Nikotin<\/strong>.<\/p>","protected":false},"featured_media":65263,"comment_status":"open","ping_status":"closed","template":"","format":[206],"meta":{"_acf_changed":false},"product_brand":[],"product_cat":[127],"product_tag":[16585],"flavours":[196,199],"nicotine":[230,236],"class_list":{"0":"post-65235","1":"product","2":"type-product","3":"status-publish","4":"has-post-thumbnail","6":"product_cat-nois","7":"product_tag-4-mg-pouch","8":"pa_quantity-1-pack","9":"pa_quantity-10-pack","10":"pa_quantity-2-pack","11":"pa_quantity-3-pack","12":"pa_quantity-30-pack","13":"pa_quantity-5-pack","14":"pa_quantity-60-pack","15":"flavours-fruits-berries","16":"flavours-mint","17":"format-slim","18":"nicotine-8-mg-g","19":"nicotine-strong","21":"first","22":"outofstock","23":"taxable","24":"shipping-taxable","25":"purchasable","26":"product-type-variable","27":"has-default-attributes"},"acf":[],"_links":{"self":[{"href":"https:\/\/whitelip.com\/de\/wp-json\/wp\/v2\/product\/65235","targetHints":{"allow":["GET"]}}],"collection":[{"href":"https:\/\/whitelip.com\/de\/wp-json\/wp\/v2\/product"}],"about":[{"href":"https:\/\/whitelip.com\/de\/wp-json\/wp\/v2\/types\/product"}],"replies":[{"embeddable":true,"href":"https:\/\/whitelip.com\/de\/wp-json\/wp\/v2\/comments?post=65235"}],"wp:featuredmedia":[{"embeddable":true,"href":"https:\/\/whitelip.com\/de\/wp-json\/wp\/v2\/media\/65263"}],"wp:attachment":[{"href":"https:\/\/whitelip.com\/de\/wp-json\/wp\/v2\/media?parent=65235"}],"wp:term":[{"taxonomy":"product_brand","embeddable":true,"href":"https:\/\/whitelip.com\/de\/wp-json\/wp\/v2\/product_brand?post=65235"},{"taxonomy":"product_cat","embeddable":true,"href":"https:\/\/whitelip.com\/de\/wp-json\/wp\/v2\/product_cat?post=65235"},{"taxonomy":"product_tag","embeddable":true,"href":"https:\/\/whitelip.com\/de\/wp-json\/wp\/v2\/product_tag?post=65235"},{"taxonomy":"flavours","embeddable":true,"href":"https:\/\/whitelip.com\/de\/wp-json\/wp\/v2\/flavours?post=65235"},{"taxonomy":"format","embeddable":true,"href":"https:\/\/whitelip.com\/de\/wp-json\/wp\/v2\/format?post=65235"},{"taxonomy":"nicotine","embeddable":true,"href":"https:\/\/whitelip.com\/de\/wp-json\/wp\/v2\/nicotine?post=65235"}],"curies":[{"name":"wp","href":"https:\/\/api.w.org\/{rel}","templated":true}]}}