{"id":65049,"date":"2026-02-02T08:35:48","date_gmt":"2026-02-02T08:35:48","guid":{"rendered":"https:\/\/whitelip.com\/?post_type=product&#038;p=65049"},"modified":"2026-04-10T03:06:52","modified_gmt":"2026-04-10T03:06:52","slug":"denssi-spearmint-zeronic","status":"publish","type":"product","link":"https:\/\/whitelip.com\/de\/uncategorized\/denssi-spearmint-zeronic\/","title":{"rendered":"Denssi Spearmint Zeronic"},"content":{"rendered":"<p data-start=\"276\" data-end=\"518\">DENSSI Spearmint Zeronic sind nikotinfreie Pouches mit einem Minzgeschmack. Der Geschmack setzt fr\u00fch ein und hat einen klaren und langanhaltenden Minzcharakter. Das Produkt enth\u00e4lt kein Nikotin und wird unter der Marke DENSSI in Europa hergestellt.<\/p>\n<p data-start=\"520\" data-end=\"882\">Die Beutel sind so konzipiert, dass sie ein vertrautes Beutelgef\u00fchl vermitteln, ohne Nikotin zu verwenden. Jeder Beutel wiegt ungef\u00e4hr 0,7 Gramm, oder 0,5 Gramm in Schweden und Finnland. Eine Dose enth\u00e4lt ungef\u00e4hr 20 Beutel. Das Produkt verwendet eine chemisch modifizierte Verbindung, die darauf abzielt, das vertraute Gef\u00fchl, das mit Denssi-Beuteln verbunden ist, nachzuahmen, w\u00e4hrend es nikotinfrei bleibt.<\/p>\n<p data-start=\"884\" data-end=\"1028\">DENSSI Spearmint Zeronic ist Teil des DENSSI-Sortiments an nikotinfreien Beuteln und wurde entwickelt, um Geschmack und Intensit\u00e4t ohne Nikotin zu liefern.<\/p>\n<table style=\"height: 395px;\" width=\"375\">\n<tbody>\n<tr>\n<td><b>Attribut<\/b><\/td>\n<td><b>Einzelheiten<\/b><\/td>\n<\/tr>\n<tr>\n<td><b>Marke<\/b><\/td>\n<td>Denssi<\/td>\n<\/tr>\n<tr>\n<td><b>Produkttyp<\/b><\/td>\n<td><span style=\"font-weight: 400;\">Alle wei\u00dfen Beutel<\/span><\/td>\n<\/tr>\n<tr>\n<td><b>Format<\/b><\/td>\n<td>Schlank<\/td>\n<\/tr>\n<tr>\n<td><b>Geschmack<\/b><\/td>\n<td>Gr\u00fcne Minze<\/td>\n<\/tr>\n<tr>\n<td><b>Hersteller<\/b><\/td>\n<td><span style=\"font-weight: 400;\">Denssi<\/span><\/td>\n<\/tr>\n<tr>\n<td><b>Anzahl der Portionen<\/b><\/td>\n<td><span style=\"font-weight: 400;\">20 pro Dose<\/span><\/td>\n<\/tr>\n<tr>\n<td><b>Bemerkenswerte Merkmale<\/b><\/td>\n<td><span style=\"font-weight: 400;\">Tabakfrei, Nikotinfrei<\/span><\/td>\n<\/tr>\n<tr>\n<td><\/td>\n<td><\/td>\n<\/tr>\n<tr>\n<td><\/td>\n<td><\/td>\n<\/tr>\n<tr>\n<td><\/td>\n<td><\/td>\n<\/tr>\n<\/tbody>\n<\/table>","protected":false},"excerpt":{"rendered":"<p data-start=\"1185\" data-end=\"1369\">DENSSI Spearmint Zeronic nikotinfreie Beutel mit <strong data-start=\"1112\" data-end=\"1125\">Gr\u00fcne Minze<\/strong> Geschmack.<\/p>","protected":false},"featured_media":65065,"comment_status":"open","ping_status":"closed","template":"","format":[206],"meta":{"_acf_changed":false},"product_brand":[],"product_cat":[15],"product_tag":[],"flavours":[199],"nicotine":[242],"class_list":{"0":"post-65049","1":"product","2":"type-product","3":"status-publish","4":"has-post-thumbnail","6":"product_cat-uncategorized","7":"pa_quantity-1-pack","8":"pa_quantity-10-pack","9":"pa_quantity-3-pack","10":"pa_quantity-30-pack","11":"pa_quantity-5-pack","12":"pa_quantity-60-pack","13":"flavours-mint","14":"format-slim","15":"nicotine-0-mg-g","17":"first","18":"instock","19":"taxable","20":"shipping-taxable","21":"purchasable","22":"product-type-variable"},"acf":[],"_links":{"self":[{"href":"https:\/\/whitelip.com\/de\/wp-json\/wp\/v2\/product\/65049","targetHints":{"allow":["GET"]}}],"collection":[{"href":"https:\/\/whitelip.com\/de\/wp-json\/wp\/v2\/product"}],"about":[{"href":"https:\/\/whitelip.com\/de\/wp-json\/wp\/v2\/types\/product"}],"replies":[{"embeddable":true,"href":"https:\/\/whitelip.com\/de\/wp-json\/wp\/v2\/comments?post=65049"}],"wp:featuredmedia":[{"embeddable":true,"href":"https:\/\/whitelip.com\/de\/wp-json\/wp\/v2\/media\/65065"}],"wp:attachment":[{"href":"https:\/\/whitelip.com\/de\/wp-json\/wp\/v2\/media?parent=65049"}],"wp:term":[{"taxonomy":"product_brand","embeddable":true,"href":"https:\/\/whitelip.com\/de\/wp-json\/wp\/v2\/product_brand?post=65049"},{"taxonomy":"product_cat","embeddable":true,"href":"https:\/\/whitelip.com\/de\/wp-json\/wp\/v2\/product_cat?post=65049"},{"taxonomy":"product_tag","embeddable":true,"href":"https:\/\/whitelip.com\/de\/wp-json\/wp\/v2\/product_tag?post=65049"},{"taxonomy":"flavours","embeddable":true,"href":"https:\/\/whitelip.com\/de\/wp-json\/wp\/v2\/flavours?post=65049"},{"taxonomy":"format","embeddable":true,"href":"https:\/\/whitelip.com\/de\/wp-json\/wp\/v2\/format?post=65049"},{"taxonomy":"nicotine","embeddable":true,"href":"https:\/\/whitelip.com\/de\/wp-json\/wp\/v2\/nicotine?post=65049"}],"curies":[{"name":"wp","href":"https:\/\/api.w.org\/{rel}","templated":true}]}}