{"id":65032,"date":"2026-02-02T08:27:35","date_gmt":"2026-02-02T08:27:35","guid":{"rendered":"https:\/\/whitelip.com\/?post_type=product&#038;p=65032"},"modified":"2026-04-01T18:49:21","modified_gmt":"2026-04-01T18:49:21","slug":"denssi-watermelon-freeze-zeronic","status":"publish","type":"product","link":"https:\/\/whitelip.com\/de\/uncategorized\/denssi-watermelon-freeze-zeronic\/","title":{"rendered":"Denssi Wassermelonen-Gefriergetr\u00e4nk Zeronic"},"content":{"rendered":"<p data-start=\"291\" data-end=\"585\">DENSSI Watermelon Freeze Zeronic sind nikotinfreie Beutel mit Wassermelonengeschmack und einem k\u00fchlenden Freeze-Charakter. Der Geschmack tritt fr\u00fch ein und kombiniert fruchtige Wassermelone mit einem deutlichen K\u00e4ltegef\u00fchl. Das Produkt enth\u00e4lt kein Nikotin und wird in Europa unter der Marke DENSSI hergestellt.<\/p>\n<p data-start=\"587\" data-end=\"929\">Die Beutel sind so konzipiert, dass sie Geschmack gleichm\u00e4\u00dfig abgeben, ohne Nikotin zu verwenden. Jeder Beutel wiegt etwa 0,7 Gramm, in Schweden und Finnland 0,5 Gramm. Eine Dose enth\u00e4lt etwa 20 Beutel. Das Produkt verwendet eine neu entwickelte Verbindung, die ein vertrautes Beutelgef\u00fchl vermitteln soll, w\u00e4hrend sie vollst\u00e4ndig nikotinfrei bleibt.<\/p>\n<p data-start=\"931\" data-end=\"1090\">DENSSI Watermelon Freeze Zeronic ist Teil der DENSSI-Reihe von nikotinfreien Beuteln und wurde f\u00fcr Benutzer entwickelt, die Geschmack und Intensit\u00e4t ohne Nikotin suchen.<\/p>\n<table style=\"height: 395px;\" width=\"375\">\n<tbody>\n<tr>\n<td><b>Attribut<\/b><\/td>\n<td><b>Einzelheiten<\/b><\/td>\n<\/tr>\n<tr>\n<td><b>Marke<\/b><\/td>\n<td>Denssi<\/td>\n<\/tr>\n<tr>\n<td><b>Produkttyp<\/b><\/td>\n<td><span style=\"font-weight: 400;\">Alle wei\u00dfen Beutel<\/span><\/td>\n<\/tr>\n<tr>\n<td><b>Format<\/b><\/td>\n<td>Schlank<\/td>\n<\/tr>\n<tr>\n<td><b>Geschmack<\/b><\/td>\n<td>Wassermelone<\/td>\n<\/tr>\n<tr>\n<td><b>Hersteller<\/b><\/td>\n<td><span style=\"font-weight: 400;\">Denssi<\/span><\/td>\n<\/tr>\n<tr>\n<td><b>Anzahl der Portionen<\/b><\/td>\n<td><span style=\"font-weight: 400;\">20 pro Dose<\/span><\/td>\n<\/tr>\n<tr>\n<td><b>Bemerkenswerte Merkmale<\/b><\/td>\n<td><span style=\"font-weight: 400;\">Tabakfrei, Nikotinfrei<\/span><\/td>\n<\/tr>\n<tr>\n<td><\/td>\n<td><\/td>\n<\/tr>\n<tr>\n<td><\/td>\n<td><\/td>\n<\/tr>\n<tr>\n<td><\/td>\n<td><\/td>\n<\/tr>\n<\/tbody>\n<\/table>","protected":false},"excerpt":{"rendered":"<p data-start=\"1185\" data-end=\"1369\">DENSSI Wassermelone Freeze Zeronic nikotinfreie Pouches mit <strong data-start=\"1182\" data-end=\"1196\">Wassermelone<\/strong> Geschmack und K\u00fchlcharakter.<\/p>","protected":false},"featured_media":65048,"comment_status":"open","ping_status":"closed","template":"","format":[206],"meta":{"_acf_changed":false},"product_brand":[],"product_cat":[15],"product_tag":[],"flavours":[196],"nicotine":[242],"class_list":{"0":"post-65032","1":"product","2":"type-product","3":"status-publish","4":"has-post-thumbnail","6":"product_cat-uncategorized","7":"pa_quantity-1-pack","8":"pa_quantity-10-pack","9":"pa_quantity-3-pack","10":"pa_quantity-30-pack","11":"pa_quantity-5-pack","12":"pa_quantity-60-pack","13":"flavours-fruits-berries","14":"format-slim","15":"nicotine-0-mg-g","17":"first","18":"instock","19":"taxable","20":"shipping-taxable","21":"purchasable","22":"product-type-variable"},"acf":[],"_links":{"self":[{"href":"https:\/\/whitelip.com\/de\/wp-json\/wp\/v2\/product\/65032","targetHints":{"allow":["GET"]}}],"collection":[{"href":"https:\/\/whitelip.com\/de\/wp-json\/wp\/v2\/product"}],"about":[{"href":"https:\/\/whitelip.com\/de\/wp-json\/wp\/v2\/types\/product"}],"replies":[{"embeddable":true,"href":"https:\/\/whitelip.com\/de\/wp-json\/wp\/v2\/comments?post=65032"}],"wp:featuredmedia":[{"embeddable":true,"href":"https:\/\/whitelip.com\/de\/wp-json\/wp\/v2\/media\/65048"}],"wp:attachment":[{"href":"https:\/\/whitelip.com\/de\/wp-json\/wp\/v2\/media?parent=65032"}],"wp:term":[{"taxonomy":"product_brand","embeddable":true,"href":"https:\/\/whitelip.com\/de\/wp-json\/wp\/v2\/product_brand?post=65032"},{"taxonomy":"product_cat","embeddable":true,"href":"https:\/\/whitelip.com\/de\/wp-json\/wp\/v2\/product_cat?post=65032"},{"taxonomy":"product_tag","embeddable":true,"href":"https:\/\/whitelip.com\/de\/wp-json\/wp\/v2\/product_tag?post=65032"},{"taxonomy":"flavours","embeddable":true,"href":"https:\/\/whitelip.com\/de\/wp-json\/wp\/v2\/flavours?post=65032"},{"taxonomy":"format","embeddable":true,"href":"https:\/\/whitelip.com\/de\/wp-json\/wp\/v2\/format?post=65032"},{"taxonomy":"nicotine","embeddable":true,"href":"https:\/\/whitelip.com\/de\/wp-json\/wp\/v2\/nicotine?post=65032"}],"curies":[{"name":"wp","href":"https:\/\/api.w.org\/{rel}","templated":true}]}}