{"id":64155,"date":"2026-01-26T13:05:29","date_gmt":"2026-01-26T13:05:29","guid":{"rendered":"https:\/\/whitelip.com\/?post_type=product&#038;p=64155"},"modified":"2026-04-09T10:03:23","modified_gmt":"2026-04-09T10:03:23","slug":"killa-flash-blueberry","status":"publish","type":"product","link":"https:\/\/whitelip.com\/de\/killa\/killa-flash-blueberry\/","title":{"rendered":"KILLA Flash Heidelbeere"},"content":{"rendered":"<h2>KILLA Flash Heidelbeere<\/h2>\n<p data-start=\"271\" data-end=\"503\">KILLA Blueberry ist ein Nikotinbeutel mit Heidelbeergeschmack. Das Aroma wird fr\u00fch eingef\u00fchrt und hat einen klaren Heidelbeercharakter mit einer milden S\u00fc\u00dfe. Das Produkt ist tabakfrei und wird von N.G.P Tobacco ApS in D\u00e4nemark hergestellt. Die Beutel werden in Form von wei\u00dfen Nikotinbeuteln hergestellt. Der Nikotingehalt ist mit 5 mg Nikotin pro Gramm angegeben. Das Gesamtnettogewicht pro Dose betr\u00e4gt 24 Gramm. Das Produkt wird unter Verwendung von Wasser, Zellulose, S\u00e4ureregulatoren, Feuchthaltemitteln, nat\u00fcrlichen Aromastoffen, Nikotin und Konservierungsmitteln formuliert. KILLA Blueberry ist Teil des KILLA-Sortiments an tabakfreien Nikotinbeuteln und wird mit einem geringeren Nikotingehalt pro Gramm hergestellt.<\/p>\n<table>\n<tbody>\n<tr>\n<td><b>Attribut<\/b><\/td>\n<td><b>Einzelheiten<\/b><\/td>\n<\/tr>\n<tr>\n<td><span style=\"font-weight: 400;\">Inhalt pro Dose<\/span><\/td>\n<td><span style=\"font-weight: 400;\">24g (20 Beutel)<\/span><\/td>\n<\/tr>\n<tr>\n<td><span style=\"font-weight: 400;\">Nikotingehalt<\/span><\/td>\n<td><span style=\"font-weight: 400;\">5 mg\/g (4 mg pro Beutel)<\/span><\/td>\n<\/tr>\n<tr>\n<td><span style=\"font-weight: 400;\">Format der Tasche<\/span><\/td>\n<td><span style=\"font-weight: 400;\">Schlank<\/span><\/td>\n<\/tr>\n<tr>\n<td><span style=\"font-weight: 400;\">Produzent<\/span><\/td>\n<td><span style=\"font-weight: 400;\">N.G.P. Empire<\/span><\/td>\n<\/tr>\n<tr>\n<td><span style=\"font-weight: 400;\">Geschmack<\/span><\/td>\n<td><span style=\"font-weight: 400;\">Blaubeere<\/span><\/td>\n<\/tr>\n<tr>\n<td><span style=\"font-weight: 400;\">Typ<\/span><\/td>\n<td><span style=\"font-weight: 400;\">Wei\u00dfe Beutel, tabakfrei<\/span><\/td>\n<\/tr>\n<\/tbody>\n<\/table>","protected":false},"excerpt":{"rendered":"<p>KILLA Blaubeer-Nikotin-Beutel mit <strong data-start=\"1003\" data-end=\"1016\">Blaubeere<\/strong> Geschmack. Nikotingehalt ist <strong data-start=\"1045\" data-end=\"1062\">5 mg pro Gramm<\/strong>.<\/p>","protected":false},"featured_media":64179,"comment_status":"open","ping_status":"closed","template":"","format":[206],"meta":{"_acf_changed":false},"product_brand":[],"product_cat":[64],"product_tag":[16585],"flavours":[196],"nicotine":[224,234],"class_list":{"0":"post-64155","1":"product","2":"type-product","3":"status-publish","4":"has-post-thumbnail","6":"product_cat-killa","7":"product_tag-4-mg-pouch","8":"pa_quantity-1-pack","9":"pa_quantity-10-pack","10":"pa_quantity-5-pack","11":"flavours-fruits-berries","12":"format-slim","13":"nicotine-4-mg-g","14":"nicotine-mild","16":"first","17":"outofstock","18":"taxable","19":"shipping-taxable","20":"purchasable","21":"product-type-variable"},"acf":[],"_links":{"self":[{"href":"https:\/\/whitelip.com\/de\/wp-json\/wp\/v2\/product\/64155","targetHints":{"allow":["GET"]}}],"collection":[{"href":"https:\/\/whitelip.com\/de\/wp-json\/wp\/v2\/product"}],"about":[{"href":"https:\/\/whitelip.com\/de\/wp-json\/wp\/v2\/types\/product"}],"replies":[{"embeddable":true,"href":"https:\/\/whitelip.com\/de\/wp-json\/wp\/v2\/comments?post=64155"}],"wp:featuredmedia":[{"embeddable":true,"href":"https:\/\/whitelip.com\/de\/wp-json\/wp\/v2\/media\/64179"}],"wp:attachment":[{"href":"https:\/\/whitelip.com\/de\/wp-json\/wp\/v2\/media?parent=64155"}],"wp:term":[{"taxonomy":"product_brand","embeddable":true,"href":"https:\/\/whitelip.com\/de\/wp-json\/wp\/v2\/product_brand?post=64155"},{"taxonomy":"product_cat","embeddable":true,"href":"https:\/\/whitelip.com\/de\/wp-json\/wp\/v2\/product_cat?post=64155"},{"taxonomy":"product_tag","embeddable":true,"href":"https:\/\/whitelip.com\/de\/wp-json\/wp\/v2\/product_tag?post=64155"},{"taxonomy":"flavours","embeddable":true,"href":"https:\/\/whitelip.com\/de\/wp-json\/wp\/v2\/flavours?post=64155"},{"taxonomy":"format","embeddable":true,"href":"https:\/\/whitelip.com\/de\/wp-json\/wp\/v2\/format?post=64155"},{"taxonomy":"nicotine","embeddable":true,"href":"https:\/\/whitelip.com\/de\/wp-json\/wp\/v2\/nicotine?post=64155"}],"curies":[{"name":"wp","href":"https:\/\/api.w.org\/{rel}","templated":true}]}}