{"id":63928,"date":"2026-01-26T12:32:24","date_gmt":"2026-01-26T12:32:24","guid":{"rendered":"https:\/\/whitelip.com\/?post_type=product&#038;p=63928"},"modified":"2026-04-29T14:17:28","modified_gmt":"2026-04-29T14:17:28","slug":"killa-flash-grape-ice","status":"publish","type":"product","link":"https:\/\/whitelip.com\/de\/killa\/killa-flash-grape-ice\/","title":{"rendered":"KILLA Flash Traubeneis"},"content":{"rendered":"<h2>KILLA Flash Traubeneis<\/h2>\n<p data-start=\"280\" data-end=\"532\">KILLA Grape Ice ist ein Nikotinbeutel mit einem Trauben- und k\u00fchlenden Eisgeschmack. Der Geschmack wird fr\u00fch eingef\u00fchrt und kombiniert ein s\u00fc\u00dfes Traubenprofil mit einem klaren k\u00fchlenden Charakter. Das Produkt ist tabakfrei und wird von N.G.P Tobacco ApS in D\u00e4nemark hergestellt. Die Beutel werden in Form von wei\u00dfen Nikotinbeuteln hergestellt. Der Nikotingehalt ist mit 5 mg Nikotin pro Gramm angegeben. Das Gesamtnettogewicht pro Dose betr\u00e4gt 24 Gramm. Das Produkt wird unter Verwendung von Wasser, Zellulose, S\u00e4ureregulatoren, Feuchthaltemitteln, nat\u00fcrlichen Aromastoffen, Nikotin und Konservierungsmitteln formuliert. KILLA Grape Ice ist Teil des KILLA-Sortiments an tabakfreien Nikotinbeuteln und wurde mit einem geringeren Nikotingehalt pro Gramm entwickelt.<\/p>\n<table>\n<tbody>\n<tr>\n<td><b>Attribut<\/b><\/td>\n<td><b>Einzelheiten<\/b><\/td>\n<\/tr>\n<tr>\n<td><span style=\"font-weight: 400;\">Inhalt pro Dose<\/span><\/td>\n<td><span style=\"font-weight: 400;\">24g (20 Beutel)<\/span><\/td>\n<\/tr>\n<tr>\n<td><span style=\"font-weight: 400;\">Nikotingehalt<\/span><\/td>\n<td><span style=\"font-weight: 400;\">5 mg\/g (4 mg pro Beutel)<\/span><\/td>\n<\/tr>\n<tr>\n<td><span style=\"font-weight: 400;\">Format der Tasche<\/span><\/td>\n<td><span style=\"font-weight: 400;\">Schlank<\/span><\/td>\n<\/tr>\n<tr>\n<td><span style=\"font-weight: 400;\">Produzent<\/span><\/td>\n<td><span style=\"font-weight: 400;\">N.G.P. Empire<\/span><\/td>\n<\/tr>\n<tr>\n<td><span style=\"font-weight: 400;\">Geschmack<\/span><\/td>\n<td><span style=\"font-weight: 400;\">Weintrauben<\/span><\/td>\n<\/tr>\n<tr>\n<td><span style=\"font-weight: 400;\">Typ<\/span><\/td>\n<td><span style=\"font-weight: 400;\">Wei\u00dfe Beutel, tabakfrei<\/span><\/td>\n<\/tr>\n<\/tbody>\n<\/table>","protected":false},"excerpt":{"rendered":"<p>KILLA Grape Ice Nikotinbeutel mit <strong data-start=\"1032\" data-end=\"1045\">Traubeneis<\/strong> Geschmack. Nikotingehalt ist <strong data-start=\"1074\" data-end=\"1091\">5 mg pro Gramm<\/strong>.<\/p>","protected":false},"featured_media":63952,"comment_status":"open","ping_status":"closed","template":"","format":[205],"meta":{"_acf_changed":false},"product_brand":[],"product_cat":[64],"product_tag":[16585],"flavours":[196],"nicotine":[224,234],"class_list":{"0":"post-63928","1":"product","2":"type-product","3":"status-publish","4":"has-post-thumbnail","6":"product_cat-killa","7":"product_tag-4-mg-pouch","8":"pa_quantity-1-pack","9":"pa_quantity-10-pack","10":"pa_quantity-3-pack","11":"pa_quantity-30-pack","12":"pa_quantity-5-pack","13":"pa_quantity-60-pack","14":"flavours-fruits-berries","15":"format-mini","16":"nicotine-4-mg-g","17":"nicotine-mild","19":"first","20":"instock","21":"taxable","22":"shipping-taxable","23":"purchasable","24":"product-type-variable"},"acf":[],"_links":{"self":[{"href":"https:\/\/whitelip.com\/de\/wp-json\/wp\/v2\/product\/63928","targetHints":{"allow":["GET"]}}],"collection":[{"href":"https:\/\/whitelip.com\/de\/wp-json\/wp\/v2\/product"}],"about":[{"href":"https:\/\/whitelip.com\/de\/wp-json\/wp\/v2\/types\/product"}],"replies":[{"embeddable":true,"href":"https:\/\/whitelip.com\/de\/wp-json\/wp\/v2\/comments?post=63928"}],"wp:featuredmedia":[{"embeddable":true,"href":"https:\/\/whitelip.com\/de\/wp-json\/wp\/v2\/media\/63952"}],"wp:attachment":[{"href":"https:\/\/whitelip.com\/de\/wp-json\/wp\/v2\/media?parent=63928"}],"wp:term":[{"taxonomy":"product_brand","embeddable":true,"href":"https:\/\/whitelip.com\/de\/wp-json\/wp\/v2\/product_brand?post=63928"},{"taxonomy":"product_cat","embeddable":true,"href":"https:\/\/whitelip.com\/de\/wp-json\/wp\/v2\/product_cat?post=63928"},{"taxonomy":"product_tag","embeddable":true,"href":"https:\/\/whitelip.com\/de\/wp-json\/wp\/v2\/product_tag?post=63928"},{"taxonomy":"flavours","embeddable":true,"href":"https:\/\/whitelip.com\/de\/wp-json\/wp\/v2\/flavours?post=63928"},{"taxonomy":"format","embeddable":true,"href":"https:\/\/whitelip.com\/de\/wp-json\/wp\/v2\/format?post=63928"},{"taxonomy":"nicotine","embeddable":true,"href":"https:\/\/whitelip.com\/de\/wp-json\/wp\/v2\/nicotine?post=63928"}],"curies":[{"name":"wp","href":"https:\/\/api.w.org\/{rel}","templated":true}]}}