{"id":63789,"date":"2026-01-26T09:47:56","date_gmt":"2026-01-26T09:47:56","guid":{"rendered":"https:\/\/whitelip.com\/?post_type=product&#038;p=63789"},"modified":"2026-04-14T07:56:30","modified_gmt":"2026-04-14T07:56:30","slug":"fumi-blackcurrant-strong-2","status":"publish","type":"product","link":"https:\/\/whitelip.com\/de\/fumi\/fumi-blackcurrant-strong-2\/","title":{"rendered":"FUMi Schwarze Johannisbeere Strong"},"content":{"rendered":"<h2>FUMi Schwarze Johannisbeere Strong<\/h2>\n<p data-start=\"258\" data-end=\"489\">FUMi Blackcurrant Strong ist ein Nikotinbeutel mit Beerengeschmack im Slim-Format. Das Aroma wird fr\u00fch eingef\u00fchrt und hat einen klaren Beerencharakter. Das Produkt ist tabakfrei und wird von Helix Schweden unter der Marke FUMi hergestellt. Die Beutel werden in einem schlanken Format geliefert, das hei\u00dft, die Beutel sind schmaler als herk\u00f6mmliche Formate. Jede Dose enth\u00e4lt 20 Nikotin-Beutel. Der Nikotingehalt betr\u00e4gt 8 mg pro Beutel und 11,4 mg Nikotin pro Gramm. Das Produkt wird aufgrund seines Nikotingehalts pro Beutel als stark eingestuft. FUMi Blackcurrant Strong ist Teil des FUMi-Sortiments an tabakfreien Nikotinbeuteln.<\/p>\n<table>\n<tbody>\n<tr>\n<td><b>Attribut<\/b><\/td>\n<td><b>Einzelheiten<\/b><\/td>\n<\/tr>\n<tr>\n<td><span style=\"font-weight: 400;\">Inhalt pro Dose<\/span><\/td>\n<td><span style=\"font-weight: 400;\">14g (20 Beutel)<\/span><\/td>\n<\/tr>\n<tr>\n<td><span style=\"font-weight: 400;\">Nikotingehalt<\/span><\/td>\n<td><span style=\"font-weight: 400;\">8 mg pro Beutel<\/span><\/td>\n<\/tr>\n<tr>\n<td><span style=\"font-weight: 400;\">Format der Tasche<\/span><\/td>\n<td><span style=\"font-weight: 400;\">Schlank<\/span><\/td>\n<\/tr>\n<tr>\n<td><span style=\"font-weight: 400;\">Produzent<\/span><\/td>\n<td><span style=\"font-weight: 400;\">FUMI<\/span><\/td>\n<\/tr>\n<tr>\n<td><span style=\"font-weight: 400;\">Geschmack<\/span><\/td>\n<td><span style=\"font-weight: 400;\">Schwarze Johannisbeere, Beeren<\/span><\/td>\n<\/tr>\n<tr>\n<td><span style=\"font-weight: 400;\">Typ<\/span><\/td>\n<td><span style=\"font-weight: 400;\">Wei\u00dfe Beutel, tabakfrei<\/span><\/td>\n<\/tr>\n<\/tbody>\n<\/table>","protected":false},"excerpt":{"rendered":"<p data-start=\"901\" data-end=\"1023\">FUMi Schwarze Johannisbeere Starke Nikotin-Beutel mit <strong data-start=\"948\" data-end=\"957\">Beeren<\/strong> Geschmack in <strong data-start=\"968\" data-end=\"976\">Schlank<\/strong> format. Jede Packung enth\u00e4lt <strong data-start=\"1005\" data-end=\"1022\">8 mg Nikotin<\/strong>.<\/p>","protected":false},"featured_media":64591,"comment_status":"open","ping_status":"closed","template":"","format":[206],"meta":{"_acf_changed":false},"product_brand":[],"product_cat":[245],"product_tag":[16583],"flavours":[196],"nicotine":[208,236],"class_list":{"0":"post-63789","1":"product","2":"type-product","3":"status-publish","4":"has-post-thumbnail","6":"product_cat-fumi","7":"product_tag-8-mg-pouch","8":"pa_quantity-1-pack","9":"pa_quantity-10-pack","10":"pa_quantity-3-pack","11":"pa_quantity-30-pack","12":"pa_quantity-5-pack","13":"pa_quantity-60-pack","14":"flavours-fruits-berries","15":"format-slim","16":"nicotine-11-mg-g","17":"nicotine-strong","19":"first","20":"instock","21":"taxable","22":"shipping-taxable","23":"purchasable","24":"product-type-variable"},"acf":[],"_links":{"self":[{"href":"https:\/\/whitelip.com\/de\/wp-json\/wp\/v2\/product\/63789","targetHints":{"allow":["GET"]}}],"collection":[{"href":"https:\/\/whitelip.com\/de\/wp-json\/wp\/v2\/product"}],"about":[{"href":"https:\/\/whitelip.com\/de\/wp-json\/wp\/v2\/types\/product"}],"replies":[{"embeddable":true,"href":"https:\/\/whitelip.com\/de\/wp-json\/wp\/v2\/comments?post=63789"}],"wp:featuredmedia":[{"embeddable":true,"href":"https:\/\/whitelip.com\/de\/wp-json\/wp\/v2\/media\/64591"}],"wp:attachment":[{"href":"https:\/\/whitelip.com\/de\/wp-json\/wp\/v2\/media?parent=63789"}],"wp:term":[{"taxonomy":"product_brand","embeddable":true,"href":"https:\/\/whitelip.com\/de\/wp-json\/wp\/v2\/product_brand?post=63789"},{"taxonomy":"product_cat","embeddable":true,"href":"https:\/\/whitelip.com\/de\/wp-json\/wp\/v2\/product_cat?post=63789"},{"taxonomy":"product_tag","embeddable":true,"href":"https:\/\/whitelip.com\/de\/wp-json\/wp\/v2\/product_tag?post=63789"},{"taxonomy":"flavours","embeddable":true,"href":"https:\/\/whitelip.com\/de\/wp-json\/wp\/v2\/flavours?post=63789"},{"taxonomy":"format","embeddable":true,"href":"https:\/\/whitelip.com\/de\/wp-json\/wp\/v2\/format?post=63789"},{"taxonomy":"nicotine","embeddable":true,"href":"https:\/\/whitelip.com\/de\/wp-json\/wp\/v2\/nicotine?post=63789"}],"curies":[{"name":"wp","href":"https:\/\/api.w.org\/{rel}","templated":true}]}}