{"id":63218,"date":"2026-01-23T09:54:17","date_gmt":"2026-01-23T09:54:17","guid":{"rendered":"https:\/\/whitelip.com\/?post_type=product&#038;p=63218"},"modified":"2026-04-13T07:44:05","modified_gmt":"2026-04-13T07:44:05","slug":"egl-berry-blast-3mg","status":"publish","type":"product","link":"https:\/\/whitelip.com\/de\/egl\/egl-berry-blast-3mg\/","title":{"rendered":"EGL Beerenmix 3mg"},"content":{"rendered":"<h1 data-start=\"2075\" data-end=\"2113\">EGL Beerenmix 3mg<\/h1>\n<p data-start=\"226\" data-end=\"455\">EGL Berry Blast ist ein Nikotinbeutel mit Beerengeschmack der Marke EGL. Die Geschmacksrichtung ist fr\u00fch eingef\u00fchrt und hat ein klares Beerenprofil. Das Produkt geh\u00f6rt zur Kategorie der Nikotinbeutel und ist f\u00fcr den tabakfreien Gebrauch bestimmt.<\/p>\n<p data-start=\"457\" data-end=\"631\">EGL Berry Blast ist Teil des EGL Sortiments an Nikotinbeuteln und ist f\u00fcr die Platzierung unter der Oberlippe bestimmt. Das Produkt enth\u00e4lt Nikotin und ist f\u00fcr erwachsene Benutzer bestimmt.<\/p>\n<table>\n<tbody>\n<tr>\n<td><b>Attribut<\/b><\/td>\n<td><b>Einzelheiten<\/b><\/td>\n<\/tr>\n<tr>\n<td><b>Inhalt pro Dose<\/b><\/td>\n<td><span style=\"font-weight: 400;\">18 S\u00e4ckchen<\/span><\/td>\n<\/tr>\n<tr>\n<td><b>Nikotingehalt<\/b><\/td>\n<td><span style=\"font-weight: 400;\">3 mg pro Beutel<\/span><\/td>\n<\/tr>\n<tr>\n<td><b>Format des Beutels<\/b><\/td>\n<td><span style=\"font-weight: 400;\">Schlank<\/span><\/td>\n<\/tr>\n<tr>\n<td><b>Produzent<\/b><\/td>\n<td>Smitify Gruppe GmbH<\/td>\n<\/tr>\n<tr>\n<td><b>Geschmack<\/b><\/td>\n<td>Beeren<\/td>\n<\/tr>\n<tr>\n<td><b>Typ<\/b><\/td>\n<td><span style=\"font-weight: 400;\">Ganz wei\u00dfe Tasche<\/span><\/td>\n<\/tr>\n<\/tbody>\n<\/table>","protected":false},"excerpt":{"rendered":"<p>EGL Berry Blast Nikotin-Beutel mit <strong data-start=\"701\" data-end=\"710\">Beeren<\/strong> Geschmack.<\/p>","protected":false},"featured_media":63276,"comment_status":"open","ping_status":"closed","template":"","format":[206],"meta":{"_acf_changed":false},"product_brand":[],"product_cat":[13692],"product_tag":[16579],"flavours":[196],"nicotine":[234],"class_list":{"0":"post-63218","1":"product","2":"type-product","3":"status-publish","4":"has-post-thumbnail","6":"product_cat-egl","7":"product_tag-3-mg-pouch","8":"pa_quantity-1-pack","9":"pa_quantity-10-pack","10":"pa_quantity-3-pack","11":"pa_quantity-30-pack","12":"pa_quantity-5-pack","13":"pa_quantity-60-pack","14":"flavours-fruits-berries","15":"format-slim","16":"nicotine-mild","18":"first","19":"instock","20":"taxable","21":"shipping-taxable","22":"purchasable","23":"product-type-variable"},"acf":[],"_links":{"self":[{"href":"https:\/\/whitelip.com\/de\/wp-json\/wp\/v2\/product\/63218","targetHints":{"allow":["GET"]}}],"collection":[{"href":"https:\/\/whitelip.com\/de\/wp-json\/wp\/v2\/product"}],"about":[{"href":"https:\/\/whitelip.com\/de\/wp-json\/wp\/v2\/types\/product"}],"replies":[{"embeddable":true,"href":"https:\/\/whitelip.com\/de\/wp-json\/wp\/v2\/comments?post=63218"}],"wp:featuredmedia":[{"embeddable":true,"href":"https:\/\/whitelip.com\/de\/wp-json\/wp\/v2\/media\/63276"}],"wp:attachment":[{"href":"https:\/\/whitelip.com\/de\/wp-json\/wp\/v2\/media?parent=63218"}],"wp:term":[{"taxonomy":"product_brand","embeddable":true,"href":"https:\/\/whitelip.com\/de\/wp-json\/wp\/v2\/product_brand?post=63218"},{"taxonomy":"product_cat","embeddable":true,"href":"https:\/\/whitelip.com\/de\/wp-json\/wp\/v2\/product_cat?post=63218"},{"taxonomy":"product_tag","embeddable":true,"href":"https:\/\/whitelip.com\/de\/wp-json\/wp\/v2\/product_tag?post=63218"},{"taxonomy":"flavours","embeddable":true,"href":"https:\/\/whitelip.com\/de\/wp-json\/wp\/v2\/flavours?post=63218"},{"taxonomy":"format","embeddable":true,"href":"https:\/\/whitelip.com\/de\/wp-json\/wp\/v2\/format?post=63218"},{"taxonomy":"nicotine","embeddable":true,"href":"https:\/\/whitelip.com\/de\/wp-json\/wp\/v2\/nicotine?post=63218"}],"curies":[{"name":"wp","href":"https:\/\/api.w.org\/{rel}","templated":true}]}}