{"id":62070,"date":"2026-01-19T12:53:20","date_gmt":"2026-01-19T12:53:20","guid":{"rendered":"https:\/\/whitelip.com\/?post_type=product&#038;p=62070"},"modified":"2026-05-12T10:11:50","modified_gmt":"2026-05-12T10:11:50","slug":"juice-head-blueberry-lemon-20mg","status":"publish","type":"product","link":"https:\/\/whitelip.com\/de\/juice-head\/juice-head-blueberry-lemon-20mg\/","title":{"rendered":"Juice Head Blaubeere-Zitrone 20mg"},"content":{"rendered":"<h1 data-start=\"235\" data-end=\"268\">Juice Head Blaubeere-Zitrone 20mg<\/h1>\n<p data-start=\"299\" data-end=\"613\">Juice Head Blueberry Lemon 20mg sind Nikotinbeutel mit Blaubeer- und Zitronengeschmack im Slim-Format. Der Geschmack wird fr\u00fch eingef\u00fchrt und kombiniert Beerennoten von Blaubeeren mit einem ausgepr\u00e4gten Zitruscharakter von Zitrone. Das Produkt ist tabakfrei und wird von Streamline Group Inc. unter der Marke Juice Head hergestellt. Die Beutel werden in einem schlanken Format geliefert und bestehen aus schmalen Beuteln. Der Nikotingehalt betr\u00e4gt 20 mg pro Beutel und 26 mg Nikotin pro Gramm. Das Produkt wird aufgrund seines Nikotingehalts pro Beutel als besonders stark eingestuft. Juice Head Blueberry Lemon 20mg ist Teil des Juice Head-Sortiments an tabakfreien Nikotinbeuteln und enth\u00e4lt synthetisches Nikotin, das tabakfrei ist.<\/p>\n<table>\n<tbody>\n<tr>\n<td><b>Attribut<\/b><\/td>\n<td><b>Einzelheiten<\/b><\/td>\n<\/tr>\n<tr>\n<td><b>Inhalt pro Dose<\/b><\/td>\n<td><span style=\"font-weight: 400;\">20 S\u00e4ckchen<\/span><\/td>\n<\/tr>\n<tr>\n<td><b>Nikotingehalt<\/b><\/td>\n<td><span style=\"font-weight: 400;\">26 mg\/g (20 mg pro Beutel)<\/span><\/td>\n<\/tr>\n<tr>\n<td><b>Format des Beutels<\/b><\/td>\n<td><span style=\"font-weight: 400;\">Schlank<\/span><\/td>\n<\/tr>\n<tr>\n<td><b>Produzent<\/b><\/td>\n<td>Streamline Gruppe Inc<\/td>\n<\/tr>\n<tr>\n<td><b>Geschmack<\/b><\/td>\n<td><span style=\"font-weight: 400;\">Heidelbeere &amp; Zitrone<\/span><\/td>\n<\/tr>\n<tr>\n<td><b>Typ<\/b><\/td>\n<td><span style=\"font-weight: 400;\">Ganz wei\u00dfe Tasche<\/span><\/td>\n<\/tr>\n<\/tbody>\n<\/table>","protected":false},"excerpt":{"rendered":"<p><strong>Europ\u00e4ische Version<\/strong><\/p>\n<p>&nbsp;<\/p>\n<p>Juice Head Blueberry Lemon 20mg Nikotinbeutel mit <strong data-start=\"1089\" data-end=\"1112\">Heidelbeere und Zitrone<\/strong> Geschmack in <strong data-start=\"1123\" data-end=\"1131\">Schlank<\/strong> format. Jede Packung enth\u00e4lt <strong data-start=\"1160\" data-end=\"1178\">20 mg Nikotin<\/strong>.<\/p>","protected":false},"featured_media":62977,"comment_status":"open","ping_status":"closed","template":"","format":[206],"meta":{"_acf_changed":false},"product_brand":[],"product_cat":[13598],"product_tag":[16545],"flavours":[196],"nicotine":[219,232],"class_list":{"0":"post-62070","1":"product","2":"type-product","3":"status-publish","4":"has-post-thumbnail","6":"product_cat-juice-head","7":"product_tag-20-mg-pouch","8":"pa_quantity-1-pack","9":"pa_quantity-10-pack","10":"pa_quantity-3-pack","11":"pa_quantity-30-pack","12":"pa_quantity-5-pack","13":"pa_quantity-60-pack","14":"flavours-fruits-berries","15":"format-slim","16":"nicotine-25-mg-g","17":"nicotine-extra-strong","19":"first","20":"instock","21":"taxable","22":"shipping-taxable","23":"purchasable","24":"product-type-variable"},"acf":[],"_links":{"self":[{"href":"https:\/\/whitelip.com\/de\/wp-json\/wp\/v2\/product\/62070","targetHints":{"allow":["GET"]}}],"collection":[{"href":"https:\/\/whitelip.com\/de\/wp-json\/wp\/v2\/product"}],"about":[{"href":"https:\/\/whitelip.com\/de\/wp-json\/wp\/v2\/types\/product"}],"replies":[{"embeddable":true,"href":"https:\/\/whitelip.com\/de\/wp-json\/wp\/v2\/comments?post=62070"}],"wp:featuredmedia":[{"embeddable":true,"href":"https:\/\/whitelip.com\/de\/wp-json\/wp\/v2\/media\/62977"}],"wp:attachment":[{"href":"https:\/\/whitelip.com\/de\/wp-json\/wp\/v2\/media?parent=62070"}],"wp:term":[{"taxonomy":"product_brand","embeddable":true,"href":"https:\/\/whitelip.com\/de\/wp-json\/wp\/v2\/product_brand?post=62070"},{"taxonomy":"product_cat","embeddable":true,"href":"https:\/\/whitelip.com\/de\/wp-json\/wp\/v2\/product_cat?post=62070"},{"taxonomy":"product_tag","embeddable":true,"href":"https:\/\/whitelip.com\/de\/wp-json\/wp\/v2\/product_tag?post=62070"},{"taxonomy":"flavours","embeddable":true,"href":"https:\/\/whitelip.com\/de\/wp-json\/wp\/v2\/flavours?post=62070"},{"taxonomy":"format","embeddable":true,"href":"https:\/\/whitelip.com\/de\/wp-json\/wp\/v2\/format?post=62070"},{"taxonomy":"nicotine","embeddable":true,"href":"https:\/\/whitelip.com\/de\/wp-json\/wp\/v2\/nicotine?post=62070"}],"curies":[{"name":"wp","href":"https:\/\/api.w.org\/{rel}","templated":true}]}}