{"id":61608,"date":"2026-01-19T12:29:58","date_gmt":"2026-01-19T12:29:58","guid":{"rendered":"https:\/\/whitelip.com\/?post_type=product&#038;p=61608"},"modified":"2026-05-09T10:11:18","modified_gmt":"2026-05-09T10:11:18","slug":"juice-head-arctic-mint-20mg","status":"publish","type":"product","link":"https:\/\/whitelip.com\/de\/juice-head\/juice-head-arctic-mint-20mg\/","title":{"rendered":"Saftkopf Arktische Minze 20mg"},"content":{"rendered":"<h2>Saftkopf Arktische Minze 20mg<\/h2>\n<p data-start=\"390\" data-end=\"644\">Juice Head Arctic Mint 20mg ist ein Nikotinbeutel mit Minzgeschmack im Slim-Format. Der Geschmack ist fr\u00fch eingef\u00fchrt und hat einen klaren und k\u00fchlenden Minzcharakter. Das Produkt ist tabakfrei und wird von Streamline Group Inc unter der Marke Juice Head hergestellt. Die Beutel werden in einem schlanken Format geliefert und bestehen aus schmalen Beuteln. Der Nikotingehalt betr\u00e4gt 20 mg pro Beutel und 26 mg Nikotin pro Gramm. Das Produkt wird aufgrund seines Nikotingehalts pro Beutel als besonders stark eingestuft. Juice Head Arctic Mint 20mg ist Teil des Juice Head-Sortiments an tabakfreien Nikotinbeuteln und enth\u00e4lt synthetisches Nikotin ohne die Verwendung von Tabakbl\u00e4ttern.<\/p>\n<table>\n<tbody>\n<tr>\n<td><b>Attribut<\/b><\/td>\n<td><b>Einzelheiten<\/b><\/td>\n<\/tr>\n<tr>\n<td><b>Inhalt pro Dose<\/b><\/td>\n<td><span style=\"font-weight: 400;\">20 S\u00e4ckchen<\/span><\/td>\n<\/tr>\n<tr>\n<td><b>Nikotingehalt<\/b><\/td>\n<td><span style=\"font-weight: 400;\">26 mg\/g (20 mg pro Beutel)<\/span><\/td>\n<\/tr>\n<tr>\n<td><b>Format des Beutels<\/b><\/td>\n<td><span style=\"font-weight: 400;\">Schlank<\/span><\/td>\n<\/tr>\n<tr>\n<td><b>Produzent<\/b><\/td>\n<td>Streamline Gruppe Inc<\/td>\n<\/tr>\n<tr>\n<td><b>Geschmack<\/b><\/td>\n<td><span style=\"font-weight: 400;\">Minze<\/span><\/td>\n<\/tr>\n<tr>\n<td><b>Typ<\/b><\/td>\n<td><span style=\"font-weight: 400;\">Ganz wei\u00dfe Tasche<\/span><\/td>\n<\/tr>\n<\/tbody>\n<\/table>","protected":false},"excerpt":{"rendered":"<p><strong>Europ\u00e4ische Version<\/strong><\/p>\n<p>&nbsp;<\/p>\n<p>Juice Head Arctic Mint 20mg Nikotin-Beutel mit <strong data-start=\"1112\" data-end=\"1120\">Minze<\/strong> Geschmack in <strong data-start=\"1131\" data-end=\"1139\">Schlank<\/strong> format. Jede Packung enth\u00e4lt <strong data-start=\"1168\" data-end=\"1186\">20 mg Nikotin<\/strong>.<\/p>","protected":false},"featured_media":62971,"comment_status":"open","ping_status":"closed","template":"","format":[206],"meta":{"_acf_changed":false},"product_brand":[],"product_cat":[13598],"product_tag":[16545],"flavours":[199],"nicotine":[219,232],"class_list":{"0":"post-61608","1":"product","2":"type-product","3":"status-publish","4":"has-post-thumbnail","6":"product_cat-juice-head","7":"product_tag-20-mg-pouch","8":"pa_quantity-1-pack","9":"pa_quantity-10-pack","10":"pa_quantity-3-pack","11":"pa_quantity-30-pack","12":"pa_quantity-5-pack","13":"pa_quantity-60-pack","14":"flavours-mint","15":"format-slim","16":"nicotine-25-mg-g","17":"nicotine-extra-strong","19":"first","20":"instock","21":"taxable","22":"shipping-taxable","23":"purchasable","24":"product-type-variable"},"acf":[],"_links":{"self":[{"href":"https:\/\/whitelip.com\/de\/wp-json\/wp\/v2\/product\/61608","targetHints":{"allow":["GET"]}}],"collection":[{"href":"https:\/\/whitelip.com\/de\/wp-json\/wp\/v2\/product"}],"about":[{"href":"https:\/\/whitelip.com\/de\/wp-json\/wp\/v2\/types\/product"}],"replies":[{"embeddable":true,"href":"https:\/\/whitelip.com\/de\/wp-json\/wp\/v2\/comments?post=61608"}],"wp:featuredmedia":[{"embeddable":true,"href":"https:\/\/whitelip.com\/de\/wp-json\/wp\/v2\/media\/62971"}],"wp:attachment":[{"href":"https:\/\/whitelip.com\/de\/wp-json\/wp\/v2\/media?parent=61608"}],"wp:term":[{"taxonomy":"product_brand","embeddable":true,"href":"https:\/\/whitelip.com\/de\/wp-json\/wp\/v2\/product_brand?post=61608"},{"taxonomy":"product_cat","embeddable":true,"href":"https:\/\/whitelip.com\/de\/wp-json\/wp\/v2\/product_cat?post=61608"},{"taxonomy":"product_tag","embeddable":true,"href":"https:\/\/whitelip.com\/de\/wp-json\/wp\/v2\/product_tag?post=61608"},{"taxonomy":"flavours","embeddable":true,"href":"https:\/\/whitelip.com\/de\/wp-json\/wp\/v2\/flavours?post=61608"},{"taxonomy":"format","embeddable":true,"href":"https:\/\/whitelip.com\/de\/wp-json\/wp\/v2\/format?post=61608"},{"taxonomy":"nicotine","embeddable":true,"href":"https:\/\/whitelip.com\/de\/wp-json\/wp\/v2\/nicotine?post=61608"}],"curies":[{"name":"wp","href":"https:\/\/api.w.org\/{rel}","templated":true}]}}