{"id":61461,"date":"2026-01-19T10:21:15","date_gmt":"2026-01-19T10:21:15","guid":{"rendered":"https:\/\/whitelip.com\/?post_type=product&#038;p=61461"},"modified":"2026-04-14T23:36:49","modified_gmt":"2026-04-14T23:36:49","slug":"apres-mochaccino-hyper-strong","status":"publish","type":"product","link":"https:\/\/whitelip.com\/de\/apres\/apres-mochaccino-hyper-strong\/","title":{"rendered":"APR\u00c8S Mochaccino Hyper Strong"},"content":{"rendered":"<h2>APR\u00c8S Mochaccino Hyper Strong<\/h2>\n<p data-start=\"219\" data-end=\"441\">APR\u00c8S Mochaccino Hyper Strong ist ein tabakfreies Nikotin-Beutelprodukt mit Kaffeegeschmack im Slim-Format. Das Aroma wird fr\u00fch eingef\u00fchrt und hat einen deutlichen Kaffeecharakter. Das Produkt wird von Apr\u00e8s Nicotine AB hergestellt. Die Beutel werden in einem schlanken Format hergestellt, das diskret unter der Oberlippe platziert werden kann. Jede Dose enth\u00e4lt 20 Nikotin-Beutel. Der Nikotingehalt betr\u00e4gt 11 mg pro Beutel, was 20 mg Nikotin pro Gramm entspricht. Das Produkt ist aufgrund seines Nikotingehalts pro Beutel als extra stark eingestuft. APR\u00c8S Mochaccino Hyper Strong ist Teil des APR\u00c8S-Sortiments an tabakfreien Nikotinbeuteln und wird ohne die Verwendung von Tabakbl\u00e4ttern hergestellt.<\/p>\n<table>\n<tbody>\n<tr>\n<td><b>Attribut<\/b><\/td>\n<td><b>Einzelheiten<\/b><\/td>\n<\/tr>\n<tr>\n<td><b>Inhalt pro Dose<\/b><\/td>\n<td><span style=\"font-weight: 400;\">11g (20 Beutel)<\/span><\/td>\n<\/tr>\n<tr>\n<td><b>Nikotingehalt<\/b><\/td>\n<td><span style=\"font-weight: 400;\">20 mg\/g (11 mg pro Beutel)<\/span><\/td>\n<\/tr>\n<tr>\n<td><b>Format des Beutels<\/b><\/td>\n<td><span style=\"font-weight: 400;\">Schlank<\/span><\/td>\n<\/tr>\n<tr>\n<td><b>Produzent<\/b><\/td>\n<td><span style=\"font-weight: 400;\">APR\u00c8S Nicotine AB<\/span><\/td>\n<\/tr>\n<tr>\n<td><b>Geschmack<\/b><\/td>\n<td><span style=\"font-weight: 400;\">Kaffee<\/span><\/td>\n<\/tr>\n<tr>\n<td><b>Typ<\/b><\/td>\n<td><span style=\"font-weight: 400;\">Ganz wei\u00dfe Tasche<\/span><\/td>\n<\/tr>\n<\/tbody>\n<\/table>","protected":false},"excerpt":{"rendered":"<p>APR\u00c8S Mochaccino Hyper Strong Nikotin-Beutel mit <strong data-start=\"957\" data-end=\"967\">Kaffee<\/strong> Geschmack in <strong data-start=\"978\" data-end=\"986\">Schlank<\/strong> format. Jede Packung enth\u00e4lt <strong data-start=\"1015\" data-end=\"1033\">11 mg Nikotin<\/strong>.<\/p>","protected":false},"featured_media":61454,"comment_status":"open","ping_status":"closed","template":"","format":[206],"meta":{"_acf_changed":false},"product_brand":[],"product_cat":[41],"product_tag":[16551],"flavours":[192],"nicotine":[218,232],"class_list":{"0":"post-61461","1":"product","2":"type-product","3":"status-publish","4":"has-post-thumbnail","6":"product_cat-apres","7":"product_tag-11-mg-pouch","8":"pa_quantity-1-pack","9":"pa_quantity-10-pack","10":"pa_quantity-3-pack","11":"pa_quantity-30-pack","12":"pa_quantity-5-pack","13":"pa_quantity-60-pack","14":"flavours-coffee","15":"format-slim","16":"nicotine-20-mg-g","17":"nicotine-extra-strong","19":"first","20":"instock","21":"taxable","22":"shipping-taxable","23":"purchasable","24":"product-type-variable"},"acf":[],"_links":{"self":[{"href":"https:\/\/whitelip.com\/de\/wp-json\/wp\/v2\/product\/61461","targetHints":{"allow":["GET"]}}],"collection":[{"href":"https:\/\/whitelip.com\/de\/wp-json\/wp\/v2\/product"}],"about":[{"href":"https:\/\/whitelip.com\/de\/wp-json\/wp\/v2\/types\/product"}],"replies":[{"embeddable":true,"href":"https:\/\/whitelip.com\/de\/wp-json\/wp\/v2\/comments?post=61461"}],"wp:featuredmedia":[{"embeddable":true,"href":"https:\/\/whitelip.com\/de\/wp-json\/wp\/v2\/media\/61454"}],"wp:attachment":[{"href":"https:\/\/whitelip.com\/de\/wp-json\/wp\/v2\/media?parent=61461"}],"wp:term":[{"taxonomy":"product_brand","embeddable":true,"href":"https:\/\/whitelip.com\/de\/wp-json\/wp\/v2\/product_brand?post=61461"},{"taxonomy":"product_cat","embeddable":true,"href":"https:\/\/whitelip.com\/de\/wp-json\/wp\/v2\/product_cat?post=61461"},{"taxonomy":"product_tag","embeddable":true,"href":"https:\/\/whitelip.com\/de\/wp-json\/wp\/v2\/product_tag?post=61461"},{"taxonomy":"flavours","embeddable":true,"href":"https:\/\/whitelip.com\/de\/wp-json\/wp\/v2\/flavours?post=61461"},{"taxonomy":"format","embeddable":true,"href":"https:\/\/whitelip.com\/de\/wp-json\/wp\/v2\/format?post=61461"},{"taxonomy":"nicotine","embeddable":true,"href":"https:\/\/whitelip.com\/de\/wp-json\/wp\/v2\/nicotine?post=61461"}],"curies":[{"name":"wp","href":"https:\/\/api.w.org\/{rel}","templated":true}]}}