{"id":61399,"date":"2026-01-19T10:16:37","date_gmt":"2026-01-19T10:16:37","guid":{"rendered":"https:\/\/whitelip.com\/?post_type=product&#038;p=61399"},"modified":"2026-05-07T10:11:41","modified_gmt":"2026-05-07T10:11:41","slug":"apres-mochaccino-mini","status":"publish","type":"product","link":"https:\/\/whitelip.com\/de\/apres\/apres-mochaccino-mini\/","title":{"rendered":"APR\u00c8S Mochaccino Mini"},"content":{"rendered":"<h2>APR\u00c8S Mochaccino Mini<\/h2>\n<p data-start=\"217\" data-end=\"431\">APR\u00c8S Mochaccino Mini ist ein tabakfreies Nikotin-Beutelprodukt mit Kaffeegeschmack im Miniformat. Das Aroma wird fr\u00fch eingef\u00fchrt und hat einen deutlichen Kaffeecharakter. Das Produkt wird von Apr\u00e8s Nicotine AB hergestellt. Die Beutel werden in einem Miniformat mit kleineren Portionen hergestellt. Jede Dose enth\u00e4lt 20 Nikotin-Beutel. Der Nikotingehalt betr\u00e4gt 3,2 mg pro Beutel, was 8 mg Nikotin pro Gramm entspricht. Das Produkt wird aufgrund seines Nikotingehalts pro Beutel als normal stark eingestuft. APR\u00c8S Mochaccino Mini ist Teil des APR\u00c8S-Sortiments an tabakfreien Nikotinbeuteln und wird ohne Tabakbl\u00e4tter hergestellt.<\/p>\n<table>\n<tbody>\n<tr>\n<td><b>Attribut<\/b><\/td>\n<td><b>Einzelheiten<\/b><\/td>\n<\/tr>\n<tr>\n<td><b>Inhalt pro Dose<\/b><\/td>\n<td><span style=\"font-weight: 400;\">11g (20 Beutel)<\/span><\/td>\n<\/tr>\n<tr>\n<td><b>Nikotingehalt<\/b><\/td>\n<td><span style=\"font-weight: 400;\">8 mg\/g (3,2 mg pro Beutel)<\/span><\/td>\n<\/tr>\n<tr>\n<td><b>Format des Beutels<\/b><\/td>\n<td><span style=\"font-weight: 400;\">Mini<\/span><\/td>\n<\/tr>\n<tr>\n<td><b>Produzent<\/b><\/td>\n<td><span style=\"font-weight: 400;\">APR\u00c8S Nicotine AB<\/span><\/td>\n<\/tr>\n<tr>\n<td><b>Geschmack<\/b><\/td>\n<td><span style=\"font-weight: 400;\">Kaffee<\/span><\/td>\n<\/tr>\n<tr>\n<td><b>Typ<\/b><\/td>\n<td><span style=\"font-weight: 400;\">Ganz wei\u00dfe Tasche<\/span><\/td>\n<\/tr>\n<\/tbody>\n<\/table>","protected":false},"excerpt":{"rendered":"<p><span style=\"font-weight: 400;\">APR\u00c8S Mochaccino Mini Nikotin-Beutel mit <strong data-start=\"913\" data-end=\"923\">Kaffee<\/strong> Geschmack in <strong data-start=\"934\" data-end=\"942\">Mini<\/strong> format. Jede Packung enth\u00e4lt <strong data-start=\"971\" data-end=\"990\">3,2 mg Nikotin<\/strong>.<\/span><\/p>","protected":false},"featured_media":61457,"comment_status":"open","ping_status":"closed","template":"","format":[205],"meta":{"_acf_changed":false},"product_brand":[],"product_cat":[41],"product_tag":[16555],"flavours":[192],"nicotine":[230,235],"class_list":{"0":"post-61399","1":"product","2":"type-product","3":"status-publish","4":"has-post-thumbnail","6":"product_cat-apres","7":"product_tag-3-2-mg-pouch","8":"pa_quantity-1-pack","9":"pa_quantity-10-pack","10":"pa_quantity-3-pack","11":"pa_quantity-30-pack","12":"pa_quantity-5-pack","13":"pa_quantity-60-pack","14":"flavours-coffee","15":"format-mini","16":"nicotine-8-mg-g","17":"nicotine-normal","19":"first","20":"instock","21":"taxable","22":"shipping-taxable","23":"purchasable","24":"product-type-variable"},"acf":[],"_links":{"self":[{"href":"https:\/\/whitelip.com\/de\/wp-json\/wp\/v2\/product\/61399","targetHints":{"allow":["GET"]}}],"collection":[{"href":"https:\/\/whitelip.com\/de\/wp-json\/wp\/v2\/product"}],"about":[{"href":"https:\/\/whitelip.com\/de\/wp-json\/wp\/v2\/types\/product"}],"replies":[{"embeddable":true,"href":"https:\/\/whitelip.com\/de\/wp-json\/wp\/v2\/comments?post=61399"}],"wp:featuredmedia":[{"embeddable":true,"href":"https:\/\/whitelip.com\/de\/wp-json\/wp\/v2\/media\/61457"}],"wp:attachment":[{"href":"https:\/\/whitelip.com\/de\/wp-json\/wp\/v2\/media?parent=61399"}],"wp:term":[{"taxonomy":"product_brand","embeddable":true,"href":"https:\/\/whitelip.com\/de\/wp-json\/wp\/v2\/product_brand?post=61399"},{"taxonomy":"product_cat","embeddable":true,"href":"https:\/\/whitelip.com\/de\/wp-json\/wp\/v2\/product_cat?post=61399"},{"taxonomy":"product_tag","embeddable":true,"href":"https:\/\/whitelip.com\/de\/wp-json\/wp\/v2\/product_tag?post=61399"},{"taxonomy":"flavours","embeddable":true,"href":"https:\/\/whitelip.com\/de\/wp-json\/wp\/v2\/flavours?post=61399"},{"taxonomy":"format","embeddable":true,"href":"https:\/\/whitelip.com\/de\/wp-json\/wp\/v2\/format?post=61399"},{"taxonomy":"nicotine","embeddable":true,"href":"https:\/\/whitelip.com\/de\/wp-json\/wp\/v2\/nicotine?post=61399"}],"curies":[{"name":"wp","href":"https:\/\/api.w.org\/{rel}","templated":true}]}}