{"id":61375,"date":"2026-01-19T10:08:03","date_gmt":"2026-01-19T10:08:03","guid":{"rendered":"https:\/\/whitelip.com\/?post_type=product&#038;p=61375"},"modified":"2026-04-10T17:34:47","modified_gmt":"2026-04-10T17:34:47","slug":"kelly-white-sweet-peach","status":"publish","type":"product","link":"https:\/\/whitelip.com\/de\/kelly-white\/kelly-white-sweet-peach\/","title":{"rendered":"KELLY WHITE Himbeer-Zitrone Mini"},"content":{"rendered":"<h2>KELLY WHITE Himbeere-Zitrone<\/h2>\n<p data-start=\"225\" data-end=\"508\">Kelly White Raspberry Lemon ist ein tabakfreies Nikotin-Beutelprodukt mit Himbeer- und Zitronengeschmack im Miniformat. Das Aroma wird fr\u00fch eingef\u00fchrt und kombiniert Beerennoten von Himbeere mit einem leichten Zitruscharakter von Zitrone. Das Produkt wird von White Industries AB hergestellt. Die Beutel werden im Miniformat hergestellt. Der Inhalt des Beutels ist feucht, w\u00e4hrend die \u00e4u\u00dfere Oberfl\u00e4che trocken ist, was zu einem geringen Tropfverhalten f\u00fchrt. Jede Dose enth\u00e4lt 20 Nikotin-Beutel. Der Nikotingehalt ist mit 13,8 mg Nikotin pro Gramm angegeben. Kelly White Raspberry Lemon wird aufgrund der verf\u00fcgbaren Informationen als normal starkes Produkt eingestuft. Das Produkt geh\u00f6rt zur Kelly White Reihe der wei\u00dfen Nikotinbeutel und enth\u00e4lt Pflanzenfasern, Aromastoffe und zugesetztes Nikotin.<\/p>\n<table>\n<tbody>\n<tr>\n<th>Attribut<\/th>\n<th>Einzelheiten<\/th>\n<\/tr>\n<tr>\n<td>Inhalt pro Dose<\/td>\n<td>8g (20 Beutel)<\/td>\n<\/tr>\n<tr>\n<td>Nikotingehalt<\/td>\n<td>13,8 mg\/g (5,5 mg pro Beutel)<\/td>\n<\/tr>\n<tr>\n<td>Format des Beutels<\/td>\n<td>Mini<\/td>\n<\/tr>\n<tr>\n<td>Produzent<\/td>\n<td>White Industries AB<\/td>\n<\/tr>\n<tr>\n<td>Geschmack<\/td>\n<td>Himbeere und Zitrone<\/td>\n<\/tr>\n<tr>\n<td>Typ<\/td>\n<td>Ganz wei\u00dfe Tasche<\/td>\n<\/tr>\n<\/tbody>\n<\/table>","protected":false},"excerpt":{"rendered":"<p data-start=\"903\" data-end=\"1033\">Kelly White Raspberry Lemon Nikotinbeutel mit <strong data-start=\"1107\" data-end=\"1130\">Himbeere und Zitrone<\/strong> Geschmack in <strong data-start=\"1141\" data-end=\"1149\">Mini<\/strong> Format<\/p>","protected":false},"featured_media":61391,"comment_status":"open","ping_status":"closed","template":"","format":[205],"meta":{"_acf_changed":false},"product_brand":[],"product_cat":[83],"product_tag":[16625],"flavours":[196],"nicotine":[211,232],"class_list":{"0":"post-61375","1":"product","2":"type-product","3":"status-publish","4":"has-post-thumbnail","6":"product_cat-kelly-white","7":"product_tag-5-5-mg-pouch","8":"pa_quantity-1-pack","9":"pa_quantity-10-pack","10":"pa_quantity-3-pack","11":"pa_quantity-30-pack","12":"pa_quantity-5-pack","13":"pa_quantity-60-pack","14":"flavours-fruits-berries","15":"format-mini","16":"nicotine-14-mg-g","17":"nicotine-extra-strong","19":"first","20":"outofstock","21":"taxable","22":"shipping-taxable","23":"purchasable","24":"product-type-variable","25":"has-default-attributes"},"acf":[],"_links":{"self":[{"href":"https:\/\/whitelip.com\/de\/wp-json\/wp\/v2\/product\/61375","targetHints":{"allow":["GET"]}}],"collection":[{"href":"https:\/\/whitelip.com\/de\/wp-json\/wp\/v2\/product"}],"about":[{"href":"https:\/\/whitelip.com\/de\/wp-json\/wp\/v2\/types\/product"}],"replies":[{"embeddable":true,"href":"https:\/\/whitelip.com\/de\/wp-json\/wp\/v2\/comments?post=61375"}],"wp:featuredmedia":[{"embeddable":true,"href":"https:\/\/whitelip.com\/de\/wp-json\/wp\/v2\/media\/61391"}],"wp:attachment":[{"href":"https:\/\/whitelip.com\/de\/wp-json\/wp\/v2\/media?parent=61375"}],"wp:term":[{"taxonomy":"product_brand","embeddable":true,"href":"https:\/\/whitelip.com\/de\/wp-json\/wp\/v2\/product_brand?post=61375"},{"taxonomy":"product_cat","embeddable":true,"href":"https:\/\/whitelip.com\/de\/wp-json\/wp\/v2\/product_cat?post=61375"},{"taxonomy":"product_tag","embeddable":true,"href":"https:\/\/whitelip.com\/de\/wp-json\/wp\/v2\/product_tag?post=61375"},{"taxonomy":"flavours","embeddable":true,"href":"https:\/\/whitelip.com\/de\/wp-json\/wp\/v2\/flavours?post=61375"},{"taxonomy":"format","embeddable":true,"href":"https:\/\/whitelip.com\/de\/wp-json\/wp\/v2\/format?post=61375"},{"taxonomy":"nicotine","embeddable":true,"href":"https:\/\/whitelip.com\/de\/wp-json\/wp\/v2\/nicotine?post=61375"}],"curies":[{"name":"wp","href":"https:\/\/api.w.org\/{rel}","templated":true}]}}