{"id":61344,"date":"2026-01-19T09:58:01","date_gmt":"2026-01-19T09:58:01","guid":{"rendered":"https:\/\/whitelip.com\/?post_type=product&#038;p=61344"},"modified":"2026-04-29T10:11:25","modified_gmt":"2026-04-29T10:11:25","slug":"pablo-ice-cold-50mg-limited-edition","status":"publish","type":"product","link":"https:\/\/whitelip.com\/de\/pablo\/pablo-ice-cold-50mg-limited-edition\/","title":{"rendered":"PABLO Eiskalt 50mg Limitierte Auflage"},"content":{"rendered":"<h1 class=\"h3 mb-0\">PABLO Eiskalt 50mg Limitierte Auflage<\/h1>\n<p data-start=\"167\" data-end=\"384\">Pablo Ice Cold ist ein tabakfreies Nikotin-Beutelprodukt mit Minzgeschmack. Der Geschmack wird fr\u00fch eingef\u00fchrt und zeichnet sich durch einen deutlich k\u00fchlenden Minzcharakter aus. Das Produkt wird von N.G.P Tobacco ApS in D\u00e4nemark hergestellt. Die Nikotinbeutel werden ohne Tabak hergestellt und enthalten 35 mg Nikotin pro Beutel, was 50 mg Nikotin pro Gramm entspricht. Jede Dose enth\u00e4lt 20 Nikotinbeutel mit einem Gesamtnettogewicht von 14 Gramm. Jeder Beutel wiegt 0,7 Gramm. Das Produkt wird unter Verwendung von Wasser, Zellulose, S\u00e4ureregulatoren, Feuchthaltemitteln, Nikotin, Konservierungsmitteln und nat\u00fcrlichen Aromastoffen formuliert. Pablo Ice Cold wird aufgrund seines Nikotingehalts als hochprozentiges Nikotinprodukt eingestuft.<\/p>\n<table>\n<tbody>\n<tr>\n<td><b>Attribut<\/b><\/td>\n<td><b>Einzelheiten<\/b><\/td>\n<\/tr>\n<tr>\n<td><b>Inhalt pro Dose<\/b><\/td>\n<td><span style=\"font-weight: 400;\">14g (20 Beutel)<\/span><\/td>\n<\/tr>\n<tr>\n<td><b>Nikotingehalt<\/b><\/td>\n<td><span style=\"font-weight: 400;\">50 mg\/g (35 mg pro Beutel)<\/span><\/td>\n<\/tr>\n<tr>\n<td><b>Format des Beutels<\/b><\/td>\n<td><span style=\"font-weight: 400;\">Schlank<\/span><\/td>\n<\/tr>\n<tr>\n<td><b>Produzent<\/b><\/td>\n<td><span style=\"font-weight: 400;\">N.G.P. Empire<\/span><\/td>\n<\/tr>\n<tr>\n<td><b>Geschmack<\/b><\/td>\n<td><span style=\"font-weight: 400;\">Minze<\/span><\/td>\n<\/tr>\n<tr>\n<td><b>Typ<\/b><\/td>\n<td><span style=\"font-weight: 400;\">Wei\u00dfe Beutel, tabakfrei<\/span><\/td>\n<\/tr>\n<\/tbody>\n<\/table>","protected":false},"excerpt":{"rendered":"<div class=\"flex flex-col text-sm pb-25\">\n<article class=\"text-token-text-primary w-full focus:outline-none [--shadow-height:45px] has-data-writing-block:pointer-events-none has-data-writing-block:-mt-(--shadow-height) has-data-writing-block:pt-(--shadow-height) [&amp;:has([data-writing-block])&gt;*]:pointer-events-auto scroll-mt-[calc(var(--header-height)+min(200px,max(70px,20svh)))]\" dir=\"auto\" tabindex=\"-1\" data-turn-id=\"b9146c3c-a125-4477-8e96-33301b0c6662\" data-testid=\"conversation-turn-32\" data-scroll-anchor=\"true\" data-turn=\"assistant\">\n<div class=\"text-base my-auto mx-auto pb-10 [--thread-content-margin:--spacing(4)] @w-sm\/main:[--thread-content-margin:--spacing(6)] @w-lg\/main:[--thread-content-margin:--spacing(16)] px-(--thread-content-margin)\">\n<div class=\"[--thread-content-max-width:40rem] @w-lg\/main:[--thread-content-max-width:48rem] mx-auto max-w-(--thread-content-max-width) flex-1 group\/turn-messages focus-visible:outline-hidden relative flex w-full min-w-0 flex-col agent-turn\" tabindex=\"-1\">\n<div class=\"flex max-w-full flex-col grow\">\n<div class=\"min-h-8 text-message relative flex w-full flex-col items-end gap-2 text-start break-words whitespace-normal [.text-message+&amp;]:mt-1\" dir=\"auto\" data-message-author-role=\"assistant\" data-message-id=\"6ea82d61-1a42-4779-a380-1ed5898dd246\" data-message-model-slug=\"gpt-5-2\">\n<div class=\"flex w-full flex-col gap-1 empty:hidden first:pt-[1px]\">\n<div class=\"markdown prose dark:prose-invert w-full break-words dark markdown-new-styling\">\n<p data-start=\"894\" data-end=\"987\" data-is-last-node=\"\" data-is-only-node=\"\">Pablo Ice Cold nicotine pouches with <strong data-start=\"931\" data-end=\"939\">Mint<\/strong> flavor. Each pouch contains <strong data-start=\"968\" data-end=\"986\">35 mg nicotine<\/strong>.<\/p>\n<\/div>\n<\/div>\n<\/div>\n<\/div>\n<\/div>\n<\/div>\n<\/article>\n<\/div>\n","protected":false},"featured_media":61374,"comment_status":"open","ping_status":"closed","template":"","format":[206],"meta":{"_acf_changed":false},"product_brand":[],"product_cat":[44],"product_tag":[16445,16603],"flavours":[199],"nicotine":[226,233],"class_list":{"0":"post-61344","1":"product","2":"type-product","3":"status-publish","4":"has-post-thumbnail","6":"product_cat-pablo","7":"product_tag-20-off","8":"product_tag-35-mg-pouch","9":"pa_quantity-1-pack","10":"pa_quantity-10-pack","11":"pa_quantity-3-pack","12":"pa_quantity-30-pack","13":"pa_quantity-5-pack","14":"pa_quantity-60-pack","15":"flavours-mint","16":"format-slim","17":"nicotine-50-mg-g","18":"nicotine-extreme","20":"first","21":"instock","22":"sale","23":"taxable","24":"shipping-taxable","25":"purchasable","26":"product-type-variable","27":"has-default-attributes"},"acf":[],"_links":{"self":[{"href":"https:\/\/whitelip.com\/de\/wp-json\/wp\/v2\/product\/61344","targetHints":{"allow":["GET"]}}],"collection":[{"href":"https:\/\/whitelip.com\/de\/wp-json\/wp\/v2\/product"}],"about":[{"href":"https:\/\/whitelip.com\/de\/wp-json\/wp\/v2\/types\/product"}],"replies":[{"embeddable":true,"href":"https:\/\/whitelip.com\/de\/wp-json\/wp\/v2\/comments?post=61344"}],"wp:featuredmedia":[{"embeddable":true,"href":"https:\/\/whitelip.com\/de\/wp-json\/wp\/v2\/media\/61374"}],"wp:attachment":[{"href":"https:\/\/whitelip.com\/de\/wp-json\/wp\/v2\/media?parent=61344"}],"wp:term":[{"taxonomy":"product_brand","embeddable":true,"href":"https:\/\/whitelip.com\/de\/wp-json\/wp\/v2\/product_brand?post=61344"},{"taxonomy":"product_cat","embeddable":true,"href":"https:\/\/whitelip.com\/de\/wp-json\/wp\/v2\/product_cat?post=61344"},{"taxonomy":"product_tag","embeddable":true,"href":"https:\/\/whitelip.com\/de\/wp-json\/wp\/v2\/product_tag?post=61344"},{"taxonomy":"flavours","embeddable":true,"href":"https:\/\/whitelip.com\/de\/wp-json\/wp\/v2\/flavours?post=61344"},{"taxonomy":"format","embeddable":true,"href":"https:\/\/whitelip.com\/de\/wp-json\/wp\/v2\/format?post=61344"},{"taxonomy":"nicotine","embeddable":true,"href":"https:\/\/whitelip.com\/de\/wp-json\/wp\/v2\/nicotine?post=61344"}],"curies":[{"name":"wp","href":"https:\/\/api.w.org\/{rel}","templated":true}]}}