{"id":60625,"date":"2026-01-13T12:02:02","date_gmt":"2026-01-13T12:02:02","guid":{"rendered":"https:\/\/whitelip.com\/?post_type=product&#038;p=60625"},"modified":"2026-04-23T10:11:30","modified_gmt":"2026-04-23T10:11:30","slug":"pablo-exclusive-cola","status":"publish","type":"product","link":"https:\/\/whitelip.com\/de\/pablo\/pablo-exclusive-cola\/","title":{"rendered":"PABLO Exklusive Cola"},"content":{"rendered":"<p data-start=\"109\" data-end=\"364\">PABLO Exclusive Cola ist ein tabakfreies Nikotin-Beutelprodukt mit einem Cola-Geschmacksprofil. Die Geschmacksrichtung wird direkt eingef\u00fchrt und zeichnet sich durch einen klassischen Cola-Geschmack aus. Das Produkt wird von NGP hergestellt und geh\u00f6rt zur PABLO Exclusive Produktserie. Die Nikotinbeutel werden in einem schlanken Format hergestellt, das sich diskret unter der Oberlippe platzieren l\u00e4sst. Jede Dose enth\u00e4lt 20 Nikotinbeutel. Der Nikotingehalt betr\u00e4gt 30 mg pro Beutel, was 50 mg Nikotin pro Gramm entspricht. Jeder Beutel wiegt 0,6 Gramm, und der Gesamtinhalt pro Dose betr\u00e4gt 12 Gramm.<\/p>\n<p data-start=\"665\" data-end=\"819\">PABLO Exclusive Cola wird aufgrund seines Nikotingehalts pro Beutel als extrem starkes Nikotinprodukt eingestuft. Das Produkt enth\u00e4lt keinen Tabak.<\/p>\n<table>\n<tbody>\n<tr>\n<td><b>Attribut<\/b><\/td>\n<td><b>Einzelheiten<\/b><\/td>\n<\/tr>\n<tr>\n<td><b>Inhalt pro Dose<\/b><\/td>\n<td><span style=\"font-weight: 400;\">12g (20 Beutel)<\/span><\/td>\n<\/tr>\n<tr>\n<td><b>Nikotingehalt<\/b><\/td>\n<td><span style=\"font-weight: 400;\">50 mg\/g (30 mg pro Beutel)<\/span><\/td>\n<\/tr>\n<tr>\n<td><b>Format des Beutels<\/b><\/td>\n<td><span style=\"font-weight: 400;\">Schlank<\/span><\/td>\n<\/tr>\n<tr>\n<td><b>Produzent<\/b><\/td>\n<td><span style=\"font-weight: 400;\">N.G.P. Empire<\/span><\/td>\n<\/tr>\n<tr>\n<td><b>Geschmack<\/b><\/td>\n<td>Cola<\/td>\n<\/tr>\n<tr>\n<td><b>Typ<\/b><\/td>\n<td><span style=\"font-weight: 400;\">Wei\u00dfe Beutel, tabakfrei<\/span><\/td>\n<\/tr>\n<\/tbody>\n<\/table>","protected":false},"excerpt":{"rendered":"<p data-start=\"851\" data-end=\"969\">PABLO Exclusive Cola Nikotinbeutel mit <strong data-start=\"894\" data-end=\"902\">Cola<\/strong> Geschmack in <strong data-start=\"913\" data-end=\"921\">Schlank<\/strong> format. Jede Packung enth\u00e4lt <strong data-start=\"950\" data-end=\"968\">30 mg Nikotin<\/strong>.<\/p>","protected":false},"featured_media":60770,"comment_status":"open","ping_status":"closed","template":"","format":[206],"meta":{"_acf_changed":false},"product_brand":[],"product_cat":[44],"product_tag":[16605],"flavours":[193],"nicotine":[233,226],"class_list":{"0":"post-60625","1":"product","2":"type-product","3":"status-publish","4":"has-post-thumbnail","6":"product_cat-pablo","7":"product_tag-30-mg-pouch","8":"pa_quantity-1-pack","9":"pa_quantity-10-pack","10":"pa_quantity-3-pack","11":"pa_quantity-30-pack","12":"pa_quantity-5-pack","13":"pa_quantity-60-pack","14":"flavours-cola","15":"format-slim","16":"nicotine-extreme","17":"nicotine-50-mg-g","19":"first","20":"instock","21":"taxable","22":"shipping-taxable","23":"purchasable","24":"product-type-variable"},"acf":[],"_links":{"self":[{"href":"https:\/\/whitelip.com\/de\/wp-json\/wp\/v2\/product\/60625","targetHints":{"allow":["GET"]}}],"collection":[{"href":"https:\/\/whitelip.com\/de\/wp-json\/wp\/v2\/product"}],"about":[{"href":"https:\/\/whitelip.com\/de\/wp-json\/wp\/v2\/types\/product"}],"replies":[{"embeddable":true,"href":"https:\/\/whitelip.com\/de\/wp-json\/wp\/v2\/comments?post=60625"}],"wp:featuredmedia":[{"embeddable":true,"href":"https:\/\/whitelip.com\/de\/wp-json\/wp\/v2\/media\/60770"}],"wp:attachment":[{"href":"https:\/\/whitelip.com\/de\/wp-json\/wp\/v2\/media?parent=60625"}],"wp:term":[{"taxonomy":"product_brand","embeddable":true,"href":"https:\/\/whitelip.com\/de\/wp-json\/wp\/v2\/product_brand?post=60625"},{"taxonomy":"product_cat","embeddable":true,"href":"https:\/\/whitelip.com\/de\/wp-json\/wp\/v2\/product_cat?post=60625"},{"taxonomy":"product_tag","embeddable":true,"href":"https:\/\/whitelip.com\/de\/wp-json\/wp\/v2\/product_tag?post=60625"},{"taxonomy":"flavours","embeddable":true,"href":"https:\/\/whitelip.com\/de\/wp-json\/wp\/v2\/flavours?post=60625"},{"taxonomy":"format","embeddable":true,"href":"https:\/\/whitelip.com\/de\/wp-json\/wp\/v2\/format?post=60625"},{"taxonomy":"nicotine","embeddable":true,"href":"https:\/\/whitelip.com\/de\/wp-json\/wp\/v2\/nicotine?post=60625"}],"curies":[{"name":"wp","href":"https:\/\/api.w.org\/{rel}","templated":true}]}}