{"id":60594,"date":"2026-01-13T11:57:29","date_gmt":"2026-01-13T11:57:29","guid":{"rendered":"https:\/\/whitelip.com\/?post_type=product&#038;p=60594"},"modified":"2026-05-09T10:11:17","modified_gmt":"2026-05-09T10:11:17","slug":"pablo-exclusive-strawberry-kiwi","status":"publish","type":"product","link":"https:\/\/whitelip.com\/de\/pablo\/pablo-exclusive-strawberry-kiwi\/","title":{"rendered":"PABLO Exklusiv Erdbeer-Kiwi"},"content":{"rendered":"<p data-start=\"109\" data-end=\"413\">PABLO Exclusive Strawberry Kiwi ist ein tabakfreies Nikotin-Beutelprodukt mit einem kombinierten Erdbeer- und Kiwi-Geschmacksprofil. Das Aroma wird direkt eingef\u00fchrt und besteht aus fruchtigen Noten von Erdbeere und Kiwi. Das Produkt wird von NGP hergestellt und geh\u00f6rt zur Produktserie PABLO Exclusive. Die Nikotinbeutel werden in einem schlanken Format hergestellt, das sich diskret unter der Oberlippe platzieren l\u00e4sst. Jede Dose enth\u00e4lt 20 Nikotinbeutel. Der Nikotingehalt betr\u00e4gt 30 mg pro Beutel, was 50 mg Nikotin pro Gramm entspricht. Jeder Beutel wiegt 0,6 Gramm, und der Gesamtinhalt pro Dose betr\u00e4gt 12 Gramm.<\/p>\n<p data-start=\"714\" data-end=\"879\">PABLO Exclusive Strawberry Kiwi wird aufgrund seines Nikotingehalts pro Beutel als extrem starkes Nikotinprodukt eingestuft. Das Produkt enth\u00e4lt keinen Tabak.<\/p>\n<table>\n<tbody>\n<tr>\n<td><b>Attribut<\/b><\/td>\n<td><b>Einzelheiten<\/b><\/td>\n<\/tr>\n<tr>\n<td><b>Inhalt pro Dose<\/b><\/td>\n<td><span style=\"font-weight: 400;\">12g (20 Beutel)<\/span><\/td>\n<\/tr>\n<tr>\n<td><b>Nikotingehalt<\/b><\/td>\n<td><span style=\"font-weight: 400;\">50 mg\/g (30 mg pro Beutel)<\/span><\/td>\n<\/tr>\n<tr>\n<td><b>Format des Beutels<\/b><\/td>\n<td><span style=\"font-weight: 400;\">Schlank<\/span><\/td>\n<\/tr>\n<tr>\n<td><b>Produzent<\/b><\/td>\n<td><span style=\"font-weight: 400;\">N.G.P. Empire<\/span><\/td>\n<\/tr>\n<tr>\n<td><b>Geschmack<\/b><\/td>\n<td>Erdbeere, Kiwi<\/td>\n<\/tr>\n<tr>\n<td><b>Typ<\/b><\/td>\n<td><span style=\"font-weight: 400;\">Wei\u00dfe Beutel, tabakfrei<\/span><\/td>\n<\/tr>\n<\/tbody>\n<\/table>","protected":false},"excerpt":{"rendered":"<p data-start=\"956\" data-end=\"1104\">PABLO Exclusive Strawberry Kiwi Nikotinbeutel mit <strong data-start=\"965\" data-end=\"984\">Erdbeer-Kiwi<\/strong> Geschmack in <strong data-start=\"995\" data-end=\"1003\">Schlank<\/strong> format. Jede Packung enth\u00e4lt <strong data-start=\"1032\" data-end=\"1050\">30 mg Nikotin<\/strong>.<\/p>","protected":false},"featured_media":60771,"comment_status":"open","ping_status":"closed","template":"","format":[206],"meta":{"_acf_changed":false},"product_brand":[],"product_cat":[44],"product_tag":[16605],"flavours":[196],"nicotine":[233,226],"class_list":{"0":"post-60594","1":"product","2":"type-product","3":"status-publish","4":"has-post-thumbnail","6":"product_cat-pablo","7":"product_tag-30-mg-pouch","8":"pa_quantity-1-pack","9":"pa_quantity-10-pack","10":"pa_quantity-3-pack","11":"pa_quantity-30-pack","12":"pa_quantity-5-pack","13":"pa_quantity-60-pack","14":"flavours-fruits-berries","15":"format-slim","16":"nicotine-extreme","17":"nicotine-50-mg-g","19":"first","20":"instock","21":"taxable","22":"shipping-taxable","23":"purchasable","24":"product-type-variable"},"acf":[],"_links":{"self":[{"href":"https:\/\/whitelip.com\/de\/wp-json\/wp\/v2\/product\/60594","targetHints":{"allow":["GET"]}}],"collection":[{"href":"https:\/\/whitelip.com\/de\/wp-json\/wp\/v2\/product"}],"about":[{"href":"https:\/\/whitelip.com\/de\/wp-json\/wp\/v2\/types\/product"}],"replies":[{"embeddable":true,"href":"https:\/\/whitelip.com\/de\/wp-json\/wp\/v2\/comments?post=60594"}],"wp:featuredmedia":[{"embeddable":true,"href":"https:\/\/whitelip.com\/de\/wp-json\/wp\/v2\/media\/60771"}],"wp:attachment":[{"href":"https:\/\/whitelip.com\/de\/wp-json\/wp\/v2\/media?parent=60594"}],"wp:term":[{"taxonomy":"product_brand","embeddable":true,"href":"https:\/\/whitelip.com\/de\/wp-json\/wp\/v2\/product_brand?post=60594"},{"taxonomy":"product_cat","embeddable":true,"href":"https:\/\/whitelip.com\/de\/wp-json\/wp\/v2\/product_cat?post=60594"},{"taxonomy":"product_tag","embeddable":true,"href":"https:\/\/whitelip.com\/de\/wp-json\/wp\/v2\/product_tag?post=60594"},{"taxonomy":"flavours","embeddable":true,"href":"https:\/\/whitelip.com\/de\/wp-json\/wp\/v2\/flavours?post=60594"},{"taxonomy":"format","embeddable":true,"href":"https:\/\/whitelip.com\/de\/wp-json\/wp\/v2\/format?post=60594"},{"taxonomy":"nicotine","embeddable":true,"href":"https:\/\/whitelip.com\/de\/wp-json\/wp\/v2\/nicotine?post=60594"}],"curies":[{"name":"wp","href":"https:\/\/api.w.org\/{rel}","templated":true}]}}