{"id":60562,"date":"2026-01-13T11:36:24","date_gmt":"2026-01-13T11:36:24","guid":{"rendered":"https:\/\/whitelip.com\/?post_type=product&#038;p=60562"},"modified":"2026-04-29T12:15:27","modified_gmt":"2026-04-29T12:15:27","slug":"pablo-exclusive-blueberry-peach-ice","status":"publish","type":"product","link":"https:\/\/whitelip.com\/de\/pablo\/pablo-exclusive-blueberry-peach-ice\/","title":{"rendered":"PABLO Exklusives Heidelbeer-Pfirsich-Eis"},"content":{"rendered":"<p data-start=\"109\" data-end=\"454\">PABLO Exclusive Blueberry Peach Ice ist ein tabakfreies Nikotin-Beutelprodukt mit einem kombinierten Heidelbeer- und Pfirsich-Geschmacksprofil und einem k\u00fchlenden Eischarakter. Das Aroma wird zu Beginn eingef\u00fchrt und ist von fruchtigen Noten gepr\u00e4gt, gefolgt von einem k\u00fchlenden Abgang. Das Produkt wird von NGP hergestellt und geh\u00f6rt zur Produktserie PABLO Exclusive. Die Nikotinbeutel werden in einem schlanken Format hergestellt, das sich diskret unter der Oberlippe platzieren l\u00e4sst. Jede Dose enth\u00e4lt 20 Nikotinbeutel. Der Nikotingehalt betr\u00e4gt 30 mg pro Beutel, was 50 mg Nikotin pro Gramm entspricht. Jeder Beutel wiegt 0,6 Gramm, und der Gesamtinhalt pro Dose betr\u00e4gt 12 Gramm.<\/p>\n<p data-start=\"755\" data-end=\"924\">PABLO Exclusive Blueberry Peach Ice wird aufgrund seines Nikotingehalts pro Beutel als extrem starkes Nikotinprodukt eingestuft. Das Produkt enth\u00e4lt keinen Tabak.<\/p>\n<table>\n<tbody>\n<tr>\n<td><b>Attribut<\/b><\/td>\n<td><b>Einzelheiten<\/b><\/td>\n<\/tr>\n<tr>\n<td><b>Inhalt pro Dose<\/b><\/td>\n<td><span style=\"font-weight: 400;\">12g (20 Beutel)<\/span><\/td>\n<\/tr>\n<tr>\n<td><b>Nikotingehalt<\/b><\/td>\n<td><span style=\"font-weight: 400;\">50 mg\/g (30 mg pro Beutel)<\/span><\/td>\n<\/tr>\n<tr>\n<td><b>Format des Beutels<\/b><\/td>\n<td><span style=\"font-weight: 400;\">Schlank<\/span><\/td>\n<\/tr>\n<tr>\n<td><b>Produzent<\/b><\/td>\n<td><span style=\"font-weight: 400;\">N.G.P. Empire<\/span><\/td>\n<\/tr>\n<tr>\n<td><b>Geschmack<\/b><\/td>\n<td>Heidelbeere, Pfirsich<\/td>\n<\/tr>\n<tr>\n<td><b>Typ<\/b><\/td>\n<td><span style=\"font-weight: 400;\">Wei\u00dfe Beutel, tabakfrei<\/span><\/td>\n<\/tr>\n<\/tbody>\n<\/table>","protected":false},"excerpt":{"rendered":"<p data-start=\"956\" data-end=\"1104\">PABLO Exclusive Blueberry Peach Ice Nikotinbeutel mit <strong data-start=\"1014\" data-end=\"1037\">Heidelbeer-Pfirsich-Eis<\/strong> Geschmack in <strong data-start=\"1048\" data-end=\"1056\">Schlank<\/strong> format. Jede Packung enth\u00e4lt <strong data-start=\"1085\" data-end=\"1103\">30 mg Nikotin<\/strong>.<\/p>","protected":false},"featured_media":60772,"comment_status":"open","ping_status":"closed","template":"","format":[206],"meta":{"_acf_changed":false},"product_brand":[],"product_cat":[44],"product_tag":[16508,16605],"flavours":[196],"nicotine":[233,226],"class_list":{"0":"post-60562","1":"product","2":"type-product","3":"status-publish","4":"has-post-thumbnail","6":"product_cat-pablo","7":"product_tag-10-off","8":"product_tag-30-mg-pouch","9":"pa_quantity-1-pack","10":"pa_quantity-10-pack","11":"pa_quantity-3-pack","12":"pa_quantity-30-pack","13":"pa_quantity-5-pack","14":"pa_quantity-60-pack","15":"flavours-fruits-berries","16":"format-slim","17":"nicotine-extreme","18":"nicotine-50-mg-g","20":"first","21":"instock","22":"sale","23":"taxable","24":"shipping-taxable","25":"purchasable","26":"product-type-variable"},"acf":[],"_links":{"self":[{"href":"https:\/\/whitelip.com\/de\/wp-json\/wp\/v2\/product\/60562","targetHints":{"allow":["GET"]}}],"collection":[{"href":"https:\/\/whitelip.com\/de\/wp-json\/wp\/v2\/product"}],"about":[{"href":"https:\/\/whitelip.com\/de\/wp-json\/wp\/v2\/types\/product"}],"replies":[{"embeddable":true,"href":"https:\/\/whitelip.com\/de\/wp-json\/wp\/v2\/comments?post=60562"}],"wp:featuredmedia":[{"embeddable":true,"href":"https:\/\/whitelip.com\/de\/wp-json\/wp\/v2\/media\/60772"}],"wp:attachment":[{"href":"https:\/\/whitelip.com\/de\/wp-json\/wp\/v2\/media?parent=60562"}],"wp:term":[{"taxonomy":"product_brand","embeddable":true,"href":"https:\/\/whitelip.com\/de\/wp-json\/wp\/v2\/product_brand?post=60562"},{"taxonomy":"product_cat","embeddable":true,"href":"https:\/\/whitelip.com\/de\/wp-json\/wp\/v2\/product_cat?post=60562"},{"taxonomy":"product_tag","embeddable":true,"href":"https:\/\/whitelip.com\/de\/wp-json\/wp\/v2\/product_tag?post=60562"},{"taxonomy":"flavours","embeddable":true,"href":"https:\/\/whitelip.com\/de\/wp-json\/wp\/v2\/flavours?post=60562"},{"taxonomy":"format","embeddable":true,"href":"https:\/\/whitelip.com\/de\/wp-json\/wp\/v2\/format?post=60562"},{"taxonomy":"nicotine","embeddable":true,"href":"https:\/\/whitelip.com\/de\/wp-json\/wp\/v2\/nicotine?post=60562"}],"curies":[{"name":"wp","href":"https:\/\/api.w.org\/{rel}","templated":true}]}}