{"id":45964,"date":"2025-12-08T12:39:15","date_gmt":"2025-12-08T12:39:15","guid":{"rendered":"https:\/\/whitelip.com\/?post_type=product&#038;p=45964"},"modified":"2026-03-27T09:17:58","modified_gmt":"2026-03-27T09:17:58","slug":"mynt-lychee-6mg","status":"publish","type":"product","link":"https:\/\/whitelip.com\/de\/mynt\/mynt-lychee-6mg\/","title":{"rendered":"MYNT Lychee 6mg"},"content":{"rendered":"<p data-start=\"212\" data-end=\"505\">MYNT Lychee 6mg liefert ein s\u00fc\u00dfes, tropisches Lychee-Aroma mit einer leichten blumigen Note und einer erfrischenden Weichheit. Der Geschmack ist hell, fruchtig und leicht exotisch und bietet ein sauberes und erhebendes Profil, ideal f\u00fcr den t\u00e4glichen Gebrauch. Es bietet ein delikates und doch geschmackvolles Erlebnis, das sich von traditionellen Minze- oder Zitrussorten abhebt.<\/p>\n<p data-start=\"507\" data-end=\"827\">Jeder schlanke Beutel enth\u00e4lt 6 mg Nikotin und bietet eine mittlere St\u00e4rke, die eine klare und gleichm\u00e4\u00dfige Freisetzung bietet, die f\u00fcr regelm\u00e4\u00dfige Nutzer geeignet ist. Das komplett wei\u00dfe, tabakfreie Format sorgt f\u00fcr ein sauberes Erlebnis ohne Flecken, Rauch oder verweilenden Geruch - perfekt f\u00fcr diskreten und erfrischenden Genuss, jederzeit und \u00fcberall.<\/p>\n<table>\n<tbody>\n<tr>\n<td><b>Attribut<\/b><\/td>\n<td><b>Einzelheiten<\/b><\/td>\n<\/tr>\n<tr>\n<td><b>Marke<\/b><\/td>\n<td><span style=\"font-weight: 400;\">MYNT<\/span><\/td>\n<\/tr>\n<tr>\n<td><b>Produkttyp<\/b><\/td>\n<td><span style=\"font-weight: 400;\">Alle wei\u00dfen Nikotinbeutel<\/span><\/td>\n<\/tr>\n<tr>\n<td><b>Format<\/b><\/td>\n<td>Schlank<\/td>\n<\/tr>\n<tr>\n<td><b>Geschmack<\/b><\/td>\n<td>Lychee<\/td>\n<\/tr>\n<tr>\n<td><b>Nikotinst\u00e4rke<\/b><\/td>\n<td><span style=\"font-weight: 400;\">6 mg pro Beutel (12 mg\/g)<\/span><\/td>\n<\/tr>\n<tr>\n<td><b>Portion Gewicht<\/b><\/td>\n<td><span style=\"font-weight: 400;\">0,5 Gramm<\/span><\/td>\n<\/tr>\n<tr>\n<td><b>Anzahl der Portionen<\/b><\/td>\n<td><span style=\"font-weight: 400;\">20 pro Dose<\/span><\/td>\n<\/tr>\n<tr>\n<td><b>Gesamtgewicht der Dose<\/b><\/td>\n<td><span style=\"font-weight: 400;\">8 Gramm<\/span><\/td>\n<\/tr>\n<tr>\n<td><b>Hersteller<\/b><\/td>\n<td>Satyam\u2019s Sun Products Pvt Ltd<\/td>\n<\/tr>\n<tr>\n<td><b>Bemerkenswerte Merkmale<\/b><\/td>\n<td><span style=\"font-weight: 400;\">Tabakfrei, Slim-Format, exotisch-erfrischender Litschi-Geschmack<\/span><\/td>\n<\/tr>\n<\/tbody>\n<\/table>","protected":false},"excerpt":{"rendered":"<p data-start=\"1386\" data-end=\"1459\"><strong>Lychee<\/strong> Geschmack in einem <b>schlank <\/b>Etui mit <strong data-start=\"1494\" data-end=\"1513\">6 mg Nikotin<\/strong> pro Beutel.<\/p>","protected":false},"featured_media":47209,"comment_status":"open","ping_status":"closed","template":"","format":[206],"meta":{"_acf_changed":false},"product_brand":[],"product_cat":[11212],"product_tag":[16559],"flavours":[196],"nicotine":[209,235],"class_list":{"0":"post-45964","1":"product","2":"type-product","3":"status-publish","4":"has-post-thumbnail","6":"product_cat-mynt","7":"product_tag-6-mg-pouch","8":"pa_quantity-1-pack","9":"pa_quantity-10-pack","10":"pa_quantity-3-pack","11":"pa_quantity-30-pack","12":"pa_quantity-5-pack","13":"pa_quantity-60-pack","14":"flavours-fruits-berries","15":"format-slim","16":"nicotine-12-mg-g","17":"nicotine-normal","19":"first","20":"outofstock","21":"taxable","22":"shipping-taxable","23":"purchasable","24":"product-type-variable"},"acf":[],"_links":{"self":[{"href":"https:\/\/whitelip.com\/de\/wp-json\/wp\/v2\/product\/45964","targetHints":{"allow":["GET"]}}],"collection":[{"href":"https:\/\/whitelip.com\/de\/wp-json\/wp\/v2\/product"}],"about":[{"href":"https:\/\/whitelip.com\/de\/wp-json\/wp\/v2\/types\/product"}],"replies":[{"embeddable":true,"href":"https:\/\/whitelip.com\/de\/wp-json\/wp\/v2\/comments?post=45964"}],"wp:featuredmedia":[{"embeddable":true,"href":"https:\/\/whitelip.com\/de\/wp-json\/wp\/v2\/media\/47209"}],"wp:attachment":[{"href":"https:\/\/whitelip.com\/de\/wp-json\/wp\/v2\/media?parent=45964"}],"wp:term":[{"taxonomy":"product_brand","embeddable":true,"href":"https:\/\/whitelip.com\/de\/wp-json\/wp\/v2\/product_brand?post=45964"},{"taxonomy":"product_cat","embeddable":true,"href":"https:\/\/whitelip.com\/de\/wp-json\/wp\/v2\/product_cat?post=45964"},{"taxonomy":"product_tag","embeddable":true,"href":"https:\/\/whitelip.com\/de\/wp-json\/wp\/v2\/product_tag?post=45964"},{"taxonomy":"flavours","embeddable":true,"href":"https:\/\/whitelip.com\/de\/wp-json\/wp\/v2\/flavours?post=45964"},{"taxonomy":"format","embeddable":true,"href":"https:\/\/whitelip.com\/de\/wp-json\/wp\/v2\/format?post=45964"},{"taxonomy":"nicotine","embeddable":true,"href":"https:\/\/whitelip.com\/de\/wp-json\/wp\/v2\/nicotine?post=45964"}],"curies":[{"name":"wp","href":"https:\/\/api.w.org\/{rel}","templated":true}]}}