{"id":45954,"date":"2025-12-08T12:27:17","date_gmt":"2025-12-08T12:27:17","guid":{"rendered":"https:\/\/whitelip.com\/?post_type=product&#038;p=45954"},"modified":"2026-03-06T21:00:35","modified_gmt":"2026-03-06T21:00:35","slug":"mynt-winter-green-12mg","status":"publish","type":"product","link":"https:\/\/whitelip.com\/de\/mynt\/mynt-winter-green-12mg\/","title":{"rendered":"MYNT Wintergr\u00fcn 12mg"},"content":{"rendered":"<p data-start=\"212\" data-end=\"505\">MYNT Winter Green 12mg liefert einen weichen und erfrischenden Wintergr\u00fcn-Geschmack mit einem k\u00fchlen, sauberen Abgang. Der Geschmack mischt s\u00fc\u00dfe Minznoten mit erdiger Tiefe und bietet ein ausgewogenes und belebendes Profil, das ideal f\u00fcr den t\u00e4glichen Gebrauch ist. Es bietet ein klassisches Wintergr\u00fcn-Erlebnis, das sowohl fett und befriedigend ist, ohne \u00fcberw\u00e4ltigende S\u00fc\u00dfe.<\/p>\n<p data-start=\"507\" data-end=\"827\">Jeder schlanke Beutel enth\u00e4lt 12 mg Nikotin und bietet eine mittlere St\u00e4rke, die eine klare und gleichm\u00e4\u00dfige Freisetzung bietet, die f\u00fcr regelm\u00e4\u00dfige Nutzer geeignet ist. Das komplett wei\u00dfe, tabakfreie Format sorgt f\u00fcr ein sauberes Erlebnis ohne Flecken, rauchfrei oder verweilenden Geruch - perfekt f\u00fcr diskreten und erfrischenden Genuss zu jeder Zeit.<\/p>\n<table>\n<tbody>\n<tr>\n<td><b>Attribut<\/b><\/td>\n<td><b>Einzelheiten<\/b><\/td>\n<\/tr>\n<tr>\n<td><b>Marke<\/b><\/td>\n<td><span style=\"font-weight: 400;\">MYNT<\/span><\/td>\n<\/tr>\n<tr>\n<td><b>Produkttyp<\/b><\/td>\n<td><span style=\"font-weight: 400;\">Alle wei\u00dfen Nikotinbeutel<\/span><\/td>\n<\/tr>\n<tr>\n<td><b>Format<\/b><\/td>\n<td>Schlank<\/td>\n<\/tr>\n<tr>\n<td><b>Geschmack<\/b><\/td>\n<td>Wintergr\u00fcn<\/td>\n<\/tr>\n<tr>\n<td><b>Nikotinst\u00e4rke<\/b><\/td>\n<td><span style=\"font-weight: 400;\">12 mg pro Beutel (24 mg\/g)<\/span><\/td>\n<\/tr>\n<tr>\n<td><b>Portion Gewicht<\/b><\/td>\n<td><span style=\"font-weight: 400;\">0,5 Gramm<\/span><\/td>\n<\/tr>\n<tr>\n<td><b>Anzahl der Portionen<\/b><\/td>\n<td><span style=\"font-weight: 400;\">20 pro Dose<\/span><\/td>\n<\/tr>\n<tr>\n<td><b>Gesamtgewicht der Dose<\/b><\/td>\n<td><span style=\"font-weight: 400;\">8 Gramm<\/span><\/td>\n<\/tr>\n<tr>\n<td><b>Hersteller<\/b><\/td>\n<td>Satyam\u2019s Sun Products Pvt Ltd<\/td>\n<\/tr>\n<tr>\n<td><b>Bemerkenswerte Merkmale<\/b><\/td>\n<td><span style=\"font-weight: 400;\">Tabakfrei, Slim-Format, erfrischender Wintergr\u00fcn-Geschmack<\/span><\/td>\n<\/tr>\n<\/tbody>\n<\/table>","protected":false},"excerpt":{"rendered":"<p data-start=\"1386\" data-end=\"1459\"><strong>Wintergr\u00fcn<\/strong> Geschmack in einem <b>schlank <\/b>Etui mit <strong data-start=\"1494\" data-end=\"1513\">12 mg Nikotin<\/strong> pro Beutel.<\/p>","protected":false},"featured_media":47206,"comment_status":"open","ping_status":"closed","template":"","format":[206],"meta":{"_acf_changed":false},"product_brand":[],"product_cat":[11212],"product_tag":[16561],"flavours":[203],"nicotine":[217,236],"class_list":{"0":"post-45954","1":"product","2":"type-product","3":"status-publish","4":"has-post-thumbnail","6":"product_cat-mynt","7":"product_tag-12-mg-pouch","8":"pa_quantity-1-pack","9":"pa_quantity-10-pack","10":"pa_quantity-3-pack","11":"pa_quantity-30-pack","12":"pa_quantity-5-pack","13":"pa_quantity-60-pack","14":"flavours-wintergreen","15":"format-slim","16":"nicotine-24-mg-g","17":"nicotine-strong","19":"first","20":"outofstock","21":"taxable","22":"shipping-taxable","23":"purchasable","24":"product-type-variable"},"acf":[],"_links":{"self":[{"href":"https:\/\/whitelip.com\/de\/wp-json\/wp\/v2\/product\/45954","targetHints":{"allow":["GET"]}}],"collection":[{"href":"https:\/\/whitelip.com\/de\/wp-json\/wp\/v2\/product"}],"about":[{"href":"https:\/\/whitelip.com\/de\/wp-json\/wp\/v2\/types\/product"}],"replies":[{"embeddable":true,"href":"https:\/\/whitelip.com\/de\/wp-json\/wp\/v2\/comments?post=45954"}],"wp:featuredmedia":[{"embeddable":true,"href":"https:\/\/whitelip.com\/de\/wp-json\/wp\/v2\/media\/47206"}],"wp:attachment":[{"href":"https:\/\/whitelip.com\/de\/wp-json\/wp\/v2\/media?parent=45954"}],"wp:term":[{"taxonomy":"product_brand","embeddable":true,"href":"https:\/\/whitelip.com\/de\/wp-json\/wp\/v2\/product_brand?post=45954"},{"taxonomy":"product_cat","embeddable":true,"href":"https:\/\/whitelip.com\/de\/wp-json\/wp\/v2\/product_cat?post=45954"},{"taxonomy":"product_tag","embeddable":true,"href":"https:\/\/whitelip.com\/de\/wp-json\/wp\/v2\/product_tag?post=45954"},{"taxonomy":"flavours","embeddable":true,"href":"https:\/\/whitelip.com\/de\/wp-json\/wp\/v2\/flavours?post=45954"},{"taxonomy":"format","embeddable":true,"href":"https:\/\/whitelip.com\/de\/wp-json\/wp\/v2\/format?post=45954"},{"taxonomy":"nicotine","embeddable":true,"href":"https:\/\/whitelip.com\/de\/wp-json\/wp\/v2\/nicotine?post=45954"}],"curies":[{"name":"wp","href":"https:\/\/api.w.org\/{rel}","templated":true}]}}