{"id":35130,"date":"2025-11-22T21:26:39","date_gmt":"2025-11-22T21:26:39","guid":{"rendered":"https:\/\/whitelip.com\/?post_type=product&#038;p=35130"},"modified":"2026-05-07T20:04:47","modified_gmt":"2026-05-07T20:04:47","slug":"denssi-berry-beast-caffeine","status":"publish","type":"product","link":"https:\/\/whitelip.com\/de\/denssi-caffeine-pouches\/denssi-berry-beast-caffeine\/","title":{"rendered":"Denssi Berry Beast Koffein"},"content":{"rendered":"<p data-start=\"146\" data-end=\"514\">Denssi Energy Berry Beast ist f\u00fcr alle, die saubere, gleichm\u00e4\u00dfige Energie mit einem kr\u00e4ftigen Schub an gemischtem Beerengeschmack wollen. Jeder schlanke Beutel liefert eine lebendige Mischung aus Erdbeere, Heidelbeere und Himbeere, die mit nat\u00fcrlichem Koffein f\u00fcr eine sanfte und lang anhaltende Konzentration ausgeglichen ist. Der Geschmack ist saftig, spritzig und erfrischend und gibt Ihnen einen Auftrieb, der sich sowohl energetisierend als auch befriedigend anf\u00fchlt.<\/p>\n<p data-start=\"516\" data-end=\"783\">Mit seinem schlanken, diskreten Format ist Berry Beast jederzeit einfach zu verwenden, bei der Arbeit, im Fitnessstudio oder unterwegs. Es ist zuckerfrei, tabakfrei und unauff\u00e4llig. Nur ein sauberer Schub, der Ihre Konzentration steigert, ohne den Absturz von Energydrinks oder die Schwere von Kaffee.<\/p>\n<table style=\"height: 395px;\" width=\"375\">\n<tbody>\n<tr>\n<td><b>Attribut<\/b><\/td>\n<td><b>Einzelheiten<\/b><\/td>\n<\/tr>\n<tr>\n<td><b>Marke<\/b><\/td>\n<td>Denssi<\/td>\n<\/tr>\n<tr>\n<td><b>Produkttyp<\/b><\/td>\n<td><span style=\"font-weight: 400;\">Alle wei\u00dfen Koffein-Beutel<\/span><\/td>\n<\/tr>\n<tr>\n<td><b>Format<\/b><\/td>\n<td>Schlank<\/td>\n<\/tr>\n<tr>\n<td><b>Geschmack<\/b><\/td>\n<td>Beerenmischung<\/td>\n<\/tr>\n<tr>\n<td><b>Koffeinst\u00e4rke<\/b><\/td>\n<td>100 mg<\/td>\n<\/tr>\n<tr>\n<td><b>Hersteller<\/b><\/td>\n<td><span style=\"font-weight: 400;\">Denssi<\/span><\/td>\n<\/tr>\n<tr>\n<td><b>Anzahl der Portionen<\/b><\/td>\n<td><span style=\"font-weight: 400;\">15 pro Dose<\/span><\/td>\n<\/tr>\n<tr>\n<td><b>Bemerkenswerte Merkmale<\/b><\/td>\n<td><span style=\"font-weight: 400;\">Tabakfrei, Slim-Format<\/span><\/td>\n<\/tr>\n<tr>\n<td><\/td>\n<td><\/td>\n<\/tr>\n<tr>\n<td><\/td>\n<td><\/td>\n<\/tr>\n<\/tbody>\n<\/table>","protected":false},"excerpt":{"rendered":"<p data-start=\"1185\" data-end=\"1369\">Berry Beast liefert eine s\u00fc\u00dfe, spritzige Mischung aus gemischten Beeren mit einem deutlichen Koffeinschub. Schlank, diskret und zuckerfrei f\u00fcr sanfte, anhaltende Energie zu jeder Zeit.<\/p>","protected":false},"featured_media":35134,"comment_status":"open","ping_status":"closed","template":"","format":[206],"meta":{"_acf_changed":false},"product_brand":[],"product_cat":[267],"product_tag":[],"flavours":[196],"nicotine":[243],"class_list":{"0":"post-35130","1":"product","2":"type-product","3":"status-publish","4":"has-post-thumbnail","6":"product_cat-denssi-caffeine-pouches","7":"pa_quantity-1-pack","8":"pa_quantity-10-pack","9":"pa_quantity-3-pack","10":"pa_quantity-30-pack","11":"pa_quantity-5-pack","12":"pa_quantity-60-pack","13":"flavours-fruits-berries","14":"format-slim","15":"nicotine-caffeine","17":"first","18":"instock","19":"taxable","20":"shipping-taxable","21":"purchasable","22":"product-type-variable"},"acf":[],"_links":{"self":[{"href":"https:\/\/whitelip.com\/de\/wp-json\/wp\/v2\/product\/35130","targetHints":{"allow":["GET"]}}],"collection":[{"href":"https:\/\/whitelip.com\/de\/wp-json\/wp\/v2\/product"}],"about":[{"href":"https:\/\/whitelip.com\/de\/wp-json\/wp\/v2\/types\/product"}],"replies":[{"embeddable":true,"href":"https:\/\/whitelip.com\/de\/wp-json\/wp\/v2\/comments?post=35130"}],"wp:featuredmedia":[{"embeddable":true,"href":"https:\/\/whitelip.com\/de\/wp-json\/wp\/v2\/media\/35134"}],"wp:attachment":[{"href":"https:\/\/whitelip.com\/de\/wp-json\/wp\/v2\/media?parent=35130"}],"wp:term":[{"taxonomy":"product_brand","embeddable":true,"href":"https:\/\/whitelip.com\/de\/wp-json\/wp\/v2\/product_brand?post=35130"},{"taxonomy":"product_cat","embeddable":true,"href":"https:\/\/whitelip.com\/de\/wp-json\/wp\/v2\/product_cat?post=35130"},{"taxonomy":"product_tag","embeddable":true,"href":"https:\/\/whitelip.com\/de\/wp-json\/wp\/v2\/product_tag?post=35130"},{"taxonomy":"flavours","embeddable":true,"href":"https:\/\/whitelip.com\/de\/wp-json\/wp\/v2\/flavours?post=35130"},{"taxonomy":"format","embeddable":true,"href":"https:\/\/whitelip.com\/de\/wp-json\/wp\/v2\/format?post=35130"},{"taxonomy":"nicotine","embeddable":true,"href":"https:\/\/whitelip.com\/de\/wp-json\/wp\/v2\/nicotine?post=35130"}],"curies":[{"name":"wp","href":"https:\/\/api.w.org\/{rel}","templated":true}]}}