{"id":35125,"date":"2025-11-22T21:24:13","date_gmt":"2025-11-22T21:24:13","guid":{"rendered":"https:\/\/whitelip.com\/?post_type=product&#038;p=35125"},"modified":"2026-04-10T15:35:34","modified_gmt":"2026-04-10T15:35:34","slug":"denssi-southern-boost-caffeine","status":"publish","type":"product","link":"https:\/\/whitelip.com\/de\/denssi-caffeine-pouches\/denssi-southern-boost-caffeine\/","title":{"rendered":"Denssi Southern Boost Koffein"},"content":{"rendered":"<p data-start=\"173\" data-end=\"550\">Denssi Energy Southern Boost bringt den sanften, erfrischenden Geschmack von Pfirsich-Eistee in einen sauberen, kraftvollen Koffein-Beutel. Jeder schlanke Beutel liefert einen leicht s\u00fc\u00dfen, gek\u00fchlten Pfirsichgeschmack, der sich wie ein klassischer Eistee aus den S\u00fcdstaaten anf\u00fchlt, ausgewogen mit nat\u00fcrlichem Koffein f\u00fcr st\u00e4ndige Konzentration und lang anhaltende Energie. Kein Zucker, tabakfrei, keine Fl\u00fcssigkeit, nur reiner Geschmack und Leistung.<\/p>\n<p data-start=\"552\" data-end=\"887\">Das schlanke, diskrete Format macht Southern Boost \u00fcberall einsetzbar, egal ob Sie arbeiten, lernen oder einen langen Tag durchhalten m\u00fcssen. Mit seinem sanft k\u00fchlenden Finish und dem authentischen Pfirsich-Tee-Profil bietet dieser Beutel einen ruhigen und doch aufmunternden Schub, der Sie konzentriert h\u00e4lt, ohne den Absturz von zuckerhaltigen Getr\u00e4nken oder die Bitterkeit von Kaffee.<\/p>\n<table style=\"height: 395px;\" width=\"375\">\n<tbody>\n<tr>\n<td><b>Attribut<\/b><\/td>\n<td><b>Einzelheiten<\/b><\/td>\n<\/tr>\n<tr>\n<td><b>Marke<\/b><\/td>\n<td>Denssi<\/td>\n<\/tr>\n<tr>\n<td><b>Produkttyp<\/b><\/td>\n<td><span style=\"font-weight: 400;\">Alle wei\u00dfen Koffein-Beutel<\/span><\/td>\n<\/tr>\n<tr>\n<td><b>Format<\/b><\/td>\n<td>Schlank<\/td>\n<\/tr>\n<tr>\n<td><b>Geschmack<\/b><\/td>\n<td>Pfirsichtee<\/td>\n<\/tr>\n<tr>\n<td><b>Koffeinst\u00e4rke<\/b><\/td>\n<td>100 mg<\/td>\n<\/tr>\n<tr>\n<td><b>Hersteller<\/b><\/td>\n<td><span style=\"font-weight: 400;\">Denssi<\/span><\/td>\n<\/tr>\n<tr>\n<td><b>Anzahl der Portionen<\/b><\/td>\n<td><span style=\"font-weight: 400;\">15 pro Dose<\/span><\/td>\n<\/tr>\n<tr>\n<td><b>Bemerkenswerte Merkmale<\/b><\/td>\n<td><span style=\"font-weight: 400;\">Tabakfrei, Slim-Format<\/span><\/td>\n<\/tr>\n<tr>\n<td><\/td>\n<td><\/td>\n<\/tr>\n<tr>\n<td><\/td>\n<td><\/td>\n<\/tr>\n<\/tbody>\n<\/table>","protected":false},"excerpt":{"rendered":"<p data-start=\"1185\" data-end=\"1369\">Southern Boost liefert den Geschmack von gek\u00fchltem Pfirsich-Eistee mit einem klaren Koffein-Kick. Schlanke, diskrete und zuckerfreie Beutel, die f\u00fcr eine sanfte, lang anhaltende Konzentration sorgen.<\/p>","protected":false},"featured_media":35129,"comment_status":"open","ping_status":"closed","template":"","format":[206],"meta":{"_acf_changed":false},"product_brand":[],"product_cat":[267],"product_tag":[],"flavours":[196],"nicotine":[243],"class_list":{"0":"post-35125","1":"product","2":"type-product","3":"status-publish","4":"has-post-thumbnail","6":"product_cat-denssi-caffeine-pouches","7":"pa_quantity-1-pack","8":"pa_quantity-10-pack","9":"pa_quantity-3-pack","10":"pa_quantity-30-pack","11":"pa_quantity-5-pack","12":"pa_quantity-60-pack","13":"flavours-fruits-berries","14":"format-slim","15":"nicotine-caffeine","17":"first","18":"instock","19":"taxable","20":"shipping-taxable","21":"purchasable","22":"product-type-variable"},"acf":[],"_links":{"self":[{"href":"https:\/\/whitelip.com\/de\/wp-json\/wp\/v2\/product\/35125","targetHints":{"allow":["GET"]}}],"collection":[{"href":"https:\/\/whitelip.com\/de\/wp-json\/wp\/v2\/product"}],"about":[{"href":"https:\/\/whitelip.com\/de\/wp-json\/wp\/v2\/types\/product"}],"replies":[{"embeddable":true,"href":"https:\/\/whitelip.com\/de\/wp-json\/wp\/v2\/comments?post=35125"}],"wp:featuredmedia":[{"embeddable":true,"href":"https:\/\/whitelip.com\/de\/wp-json\/wp\/v2\/media\/35129"}],"wp:attachment":[{"href":"https:\/\/whitelip.com\/de\/wp-json\/wp\/v2\/media?parent=35125"}],"wp:term":[{"taxonomy":"product_brand","embeddable":true,"href":"https:\/\/whitelip.com\/de\/wp-json\/wp\/v2\/product_brand?post=35125"},{"taxonomy":"product_cat","embeddable":true,"href":"https:\/\/whitelip.com\/de\/wp-json\/wp\/v2\/product_cat?post=35125"},{"taxonomy":"product_tag","embeddable":true,"href":"https:\/\/whitelip.com\/de\/wp-json\/wp\/v2\/product_tag?post=35125"},{"taxonomy":"flavours","embeddable":true,"href":"https:\/\/whitelip.com\/de\/wp-json\/wp\/v2\/flavours?post=35125"},{"taxonomy":"format","embeddable":true,"href":"https:\/\/whitelip.com\/de\/wp-json\/wp\/v2\/format?post=35125"},{"taxonomy":"nicotine","embeddable":true,"href":"https:\/\/whitelip.com\/de\/wp-json\/wp\/v2\/nicotine?post=35125"}],"curies":[{"name":"wp","href":"https:\/\/api.w.org\/{rel}","templated":true}]}}