{"id":34941,"date":"2025-11-21T15:18:30","date_gmt":"2025-11-21T15:18:30","guid":{"rendered":"https:\/\/whitelip.com\/?post_type=product&#038;p=34941"},"modified":"2026-05-07T10:11:40","modified_gmt":"2026-05-07T10:11:40","slug":"cafero-americano-caffeine","status":"publish","type":"product","link":"https:\/\/whitelip.com\/de\/cafero-caffeine-pouches\/cafero-americano-caffeine\/","title":{"rendered":"Cafero Americano Koffein"},"content":{"rendered":"<p data-start=\"211\" data-end=\"494\">Cafero Americano bietet den kr\u00e4ftigen und authentischen Geschmack des klassischen schwarzen Kaffees in einem sauberen, praktischen Beutelformat. Jede Dose enth\u00e4lt 20 ganz wei\u00dfe Beutel mit einem tiefen, ger\u00f6steten Americano-Profil, das den reinen Kaffeecharakter ohne Zucker, Kalorien oder zugesetzte Zutaten liefert.<\/p>\n<p data-start=\"496\" data-end=\"839\">Jeder Beutel enth\u00e4lt 80 mg reines Koffein, was einer Standardtasse Kaffee entspricht, und gibt Ihnen einen schnellen und zuverl\u00e4ssigen Schub, wann immer Sie erh\u00f6hte Konzentration, Energie oder geistige Klarheit ben\u00f6tigen. Ohne Zucker, ohne Kalorien und absolut nikotin- und tabakfrei ist Cafero Americano eine moderne und diskrete Methode, um den ganzen Tag \u00fcber wach zu bleiben.<\/p>\n<table>\n<tbody>\n<tr>\n<td><b>Attribut<\/b><\/td>\n<td><b>Einzelheiten<\/b><\/td>\n<\/tr>\n<tr>\n<td><b>Marke<\/b><\/td>\n<td>Cafero<\/td>\n<\/tr>\n<tr>\n<td><b>Produkttyp<\/b><\/td>\n<td><span style=\"font-weight: 400;\">Alle wei\u00dfen Nikotinbeutel<\/span><\/td>\n<\/tr>\n<tr>\n<td><b>Format<\/b><\/td>\n<td>Schlank<\/td>\n<\/tr>\n<tr>\n<td><b>Geschmack<\/b><\/td>\n<td>Americano<\/td>\n<\/tr>\n<tr>\n<td><b>Koffeinst\u00e4rke<\/b><\/td>\n<td>80 mg<\/td>\n<\/tr>\n<tr>\n<td><b>Portion Gewicht<\/b><\/td>\n<td><span style=\"font-weight: 400;\">0,65 Gramm<\/span><\/td>\n<\/tr>\n<tr>\n<td><b>Anzahl der Portionen<\/b><\/td>\n<td><span style=\"font-weight: 400;\">20 pro Dose<\/span><\/td>\n<\/tr>\n<tr>\n<td><b>Gesamtgewicht der Dose<\/b><\/td>\n<td><span style=\"font-weight: 400;\">13 Gramm<\/span><\/td>\n<\/tr>\n<tr>\n<td><b>Hersteller<\/b><\/td>\n<td><span style=\"font-weight: 400;\">Luna Konzern<\/span><\/td>\n<\/tr>\n<tr>\n<td><b>Bemerkenswerte Merkmale<\/b><\/td>\n<td><span style=\"font-weight: 400;\">Tabakfrei, Slim-Format<\/span><\/td>\n<\/tr>\n<\/tbody>\n<\/table>","protected":false},"excerpt":{"rendered":"<p data-start=\"1185\" data-end=\"1369\">Cafero Americano liefert <strong data-start=\"1211\" data-end=\"1242\">klassischer schwarzer Kaffeegeschmack<\/strong> in einem <strong data-start=\"1248\" data-end=\"1262\">Schmale Tasche<\/strong> mit <strong data-start=\"1268\" data-end=\"1296\">80 mg Koffein pro Beutel<\/strong>. Ein sauberer, zucker- und kalorienfreier Energieschub in einem diskreten Format.<\/p>","protected":false},"featured_media":34945,"comment_status":"open","ping_status":"closed","template":"","format":[206],"meta":{"_acf_changed":false},"product_brand":[],"product_cat":[266],"product_tag":[],"flavours":[192],"nicotine":[243],"class_list":{"0":"post-34941","1":"product","2":"type-product","3":"status-publish","4":"has-post-thumbnail","6":"product_cat-cafero-caffeine-pouches","7":"pa_quantity-1-pack","8":"pa_quantity-10-pack","9":"pa_quantity-3-pack","10":"pa_quantity-30-pack","11":"pa_quantity-5-pack","12":"pa_quantity-60-pack","13":"flavours-coffee","14":"format-slim","15":"nicotine-caffeine","17":"first","18":"instock","19":"taxable","20":"shipping-taxable","21":"purchasable","22":"product-type-variable"},"acf":[],"_links":{"self":[{"href":"https:\/\/whitelip.com\/de\/wp-json\/wp\/v2\/product\/34941","targetHints":{"allow":["GET"]}}],"collection":[{"href":"https:\/\/whitelip.com\/de\/wp-json\/wp\/v2\/product"}],"about":[{"href":"https:\/\/whitelip.com\/de\/wp-json\/wp\/v2\/types\/product"}],"replies":[{"embeddable":true,"href":"https:\/\/whitelip.com\/de\/wp-json\/wp\/v2\/comments?post=34941"}],"wp:featuredmedia":[{"embeddable":true,"href":"https:\/\/whitelip.com\/de\/wp-json\/wp\/v2\/media\/34945"}],"wp:attachment":[{"href":"https:\/\/whitelip.com\/de\/wp-json\/wp\/v2\/media?parent=34941"}],"wp:term":[{"taxonomy":"product_brand","embeddable":true,"href":"https:\/\/whitelip.com\/de\/wp-json\/wp\/v2\/product_brand?post=34941"},{"taxonomy":"product_cat","embeddable":true,"href":"https:\/\/whitelip.com\/de\/wp-json\/wp\/v2\/product_cat?post=34941"},{"taxonomy":"product_tag","embeddable":true,"href":"https:\/\/whitelip.com\/de\/wp-json\/wp\/v2\/product_tag?post=34941"},{"taxonomy":"flavours","embeddable":true,"href":"https:\/\/whitelip.com\/de\/wp-json\/wp\/v2\/flavours?post=34941"},{"taxonomy":"format","embeddable":true,"href":"https:\/\/whitelip.com\/de\/wp-json\/wp\/v2\/format?post=34941"},{"taxonomy":"nicotine","embeddable":true,"href":"https:\/\/whitelip.com\/de\/wp-json\/wp\/v2\/nicotine?post=34941"}],"curies":[{"name":"wp","href":"https:\/\/api.w.org\/{rel}","templated":true}]}}