{"id":34917,"date":"2025-11-21T14:28:27","date_gmt":"2025-11-21T14:28:27","guid":{"rendered":"https:\/\/whitelip.com\/?post_type=product&#038;p=34917"},"modified":"2026-04-30T10:11:11","modified_gmt":"2026-04-30T10:11:11","slug":"licorice-violet-slim","status":"publish","type":"product","link":"https:\/\/whitelip.com\/de\/nor\/licorice-violet-slim\/","title":{"rendered":"NOR Lakritz &amp; Veilchen Slim"},"content":{"rendered":"<p data-start=\"184\" data-end=\"517\">NOR Licorice &amp; Violet Slim bietet eine unverwechselbare Kombination aus reichhaltiger Lakritze und sanfter Veilchens\u00fc\u00dfe, die ein ausgewogenes, von nordischen Geschmackstraditionen inspiriertes Geschmacksprofil ergibt. Die blumigen Noten erg\u00e4nzen die tieferen Lakritzt\u00f6ne, was zu einem sanften und raffinierten Charakter f\u00fchrt, der sich von herk\u00f6mmlichen Beutelaromen abhebt.<\/p>\n<p data-start=\"519\" data-end=\"865\">Jeder schlanke Beutel enth\u00e4lt 6 mg Nikotin, was 8 mg pro Gramm entspricht und ein mildes bis mittleres Raucherlebnis bietet, das f\u00fcr Nutzer geeignet ist, die eine sanfte Nikotinabgabe bevorzugen, ohne auf die Komplexit\u00e4t des Geschmacks zu verzichten. Das schlanke, ganz wei\u00dfe Format sorgt f\u00fcr einen diskreten und bequemen Sitz unter der Lippe, w\u00e4hrend die feuchte Textur f\u00fcr eine gleichm\u00e4\u00dfige Geschmacks- und Nikotinabgabe sorgt.<\/p>\n<table>\n<tbody>\n<tr>\n<td><b>Attribut<\/b><\/td>\n<td><b>Einzelheiten<\/b><\/td>\n<\/tr>\n<tr>\n<td><b>Marke<\/b><\/td>\n<td>NOR<\/td>\n<\/tr>\n<tr>\n<td><b>Produkttyp<\/b><\/td>\n<td><span style=\"font-weight: 400;\">Alle wei\u00dfen Nikotinbeutel<\/span><\/td>\n<\/tr>\n<tr>\n<td><b>Format<\/b><\/td>\n<td>Schlank<\/td>\n<\/tr>\n<tr>\n<td><b>Geschmack<\/b><\/td>\n<td>Lakritz, Veilchen<\/td>\n<\/tr>\n<tr>\n<td><b>Nikotinst\u00e4rke<\/b><\/td>\n<td><span style=\"font-weight: 400;\">6 mg pro Beutel (8 mg\/g)<\/span><\/td>\n<\/tr>\n<tr>\n<td><b>Portion Gewicht<\/b><\/td>\n<td><span style=\"font-weight: 400;\">0,74 Gramm<\/span><\/td>\n<\/tr>\n<tr>\n<td><b>Anzahl der Portionen<\/b><\/td>\n<td><span style=\"font-weight: 400;\">20 pro Dose<\/span><\/td>\n<\/tr>\n<tr>\n<td><b>Gesamtgewicht der Dose<\/b><\/td>\n<td><span style=\"font-weight: 400;\">15,5 Gramm<\/span><\/td>\n<\/tr>\n<tr>\n<td><b>Hersteller<\/b><\/td>\n<td>NOR<\/td>\n<\/tr>\n<tr>\n<td><b>Bemerkenswerte Merkmale<\/b><\/td>\n<td><span style=\"font-weight: 400;\">Tabakfrei, schlankes Format, s\u00fc\u00dfer und spritziger Schwarzkirschgeschmack<\/span><\/td>\n<\/tr>\n<\/tbody>\n<\/table>","protected":false},"excerpt":{"rendered":"<p data-start=\"1227\" data-end=\"1357\">NOR Lakritz &amp; Veilchen Slim mit <strong data-start=\"1214\" data-end=\"1237\">Lakritz und Veilchen<\/strong>, <strong data-start=\"1239\" data-end=\"1266\">6 mg Nikotin pro Beutel<\/strong> und <strong data-start=\"1271\" data-end=\"1279\">schlank<\/strong> Format bietet ein mildes, blumiges Wei\u00dfweinerlebnis.<\/p>","protected":false},"featured_media":34984,"comment_status":"open","ping_status":"closed","template":"","format":[206],"meta":{"_acf_changed":false},"product_brand":[],"product_cat":[265],"product_tag":[16445,16559],"flavours":[198],"nicotine":[230,236],"class_list":{"0":"post-34917","1":"product","2":"type-product","3":"status-publish","4":"has-post-thumbnail","6":"product_cat-nor","7":"product_tag-20-off","8":"product_tag-6-mg-pouch","9":"pa_quantity-1-pack","10":"pa_quantity-10-pack","11":"pa_quantity-3-pack","12":"pa_quantity-30-pack","13":"pa_quantity-5-pack","14":"pa_quantity-60-pack","15":"flavours-licorice","16":"format-slim","17":"nicotine-8-mg-g","18":"nicotine-strong","20":"first","21":"instock","22":"sale","23":"taxable","24":"shipping-taxable","25":"purchasable","26":"product-type-variable"},"acf":[],"_links":{"self":[{"href":"https:\/\/whitelip.com\/de\/wp-json\/wp\/v2\/product\/34917","targetHints":{"allow":["GET"]}}],"collection":[{"href":"https:\/\/whitelip.com\/de\/wp-json\/wp\/v2\/product"}],"about":[{"href":"https:\/\/whitelip.com\/de\/wp-json\/wp\/v2\/types\/product"}],"replies":[{"embeddable":true,"href":"https:\/\/whitelip.com\/de\/wp-json\/wp\/v2\/comments?post=34917"}],"wp:featuredmedia":[{"embeddable":true,"href":"https:\/\/whitelip.com\/de\/wp-json\/wp\/v2\/media\/34984"}],"wp:attachment":[{"href":"https:\/\/whitelip.com\/de\/wp-json\/wp\/v2\/media?parent=34917"}],"wp:term":[{"taxonomy":"product_brand","embeddable":true,"href":"https:\/\/whitelip.com\/de\/wp-json\/wp\/v2\/product_brand?post=34917"},{"taxonomy":"product_cat","embeddable":true,"href":"https:\/\/whitelip.com\/de\/wp-json\/wp\/v2\/product_cat?post=34917"},{"taxonomy":"product_tag","embeddable":true,"href":"https:\/\/whitelip.com\/de\/wp-json\/wp\/v2\/product_tag?post=34917"},{"taxonomy":"flavours","embeddable":true,"href":"https:\/\/whitelip.com\/de\/wp-json\/wp\/v2\/flavours?post=34917"},{"taxonomy":"format","embeddable":true,"href":"https:\/\/whitelip.com\/de\/wp-json\/wp\/v2\/format?post=34917"},{"taxonomy":"nicotine","embeddable":true,"href":"https:\/\/whitelip.com\/de\/wp-json\/wp\/v2\/nicotine?post=34917"}],"curies":[{"name":"wp","href":"https:\/\/api.w.org\/{rel}","templated":true}]}}