{"id":34872,"date":"2025-11-21T11:57:34","date_gmt":"2025-11-21T11:57:34","guid":{"rendered":"https:\/\/whitelip.com\/?post_type=product&#038;p=34872"},"modified":"2026-05-09T10:11:16","modified_gmt":"2026-05-09T10:11:16","slug":"zyn-cool-mint-prime-6mg","status":"publish","type":"product","link":"https:\/\/whitelip.com\/de\/zyn\/zyn-cool-mint-prime-6mg\/","title":{"rendered":"ZYN K\u00fchle Minze Prime 6mg"},"content":{"rendered":"<p data-start=\"212\" data-end=\"505\">ZYN Cool Mint Prime 6mg bietet ein sauberes, erfrischendes Minzprofil mit einem k\u00fchlen und knackigen Charakter. Der Geschmack kombiniert helle Pfefferminz- und weiche Menthol-Noten, die eine ausgewogene K\u00fchle ohne Sch\u00e4rfe oder Bitterkeit liefern. Das Ergebnis ist ein weicher, belebender Geschmack, der f\u00fcr den t\u00e4glichen Gebrauch geeignet ist.<\/p>\n<p data-start=\"507\" data-end=\"827\">Jeder schlanke Minibeutel enth\u00e4lt 6 mg Nikotin und bietet eine moderate St\u00e4rke, die f\u00fcr Benutzer entwickelt wurde, die eine klare und sp\u00fcrbare Nikotinwirkung w\u00fcnschen, w\u00e4hrend sie das Erlebnis komfortabel und kontrolliert halten. Das komplett wei\u00dfe, tabakfreie Format sorgt f\u00fcr ein sauberes Erlebnis, frei von Flecken oder anhaltenden Ger\u00fcchen.<\/p>\n<table>\n<tbody>\n<tr>\n<td><b>Attribut<\/b><\/td>\n<td><b>Einzelheiten<\/b><\/td>\n<\/tr>\n<tr>\n<td><b>Marke<\/b><\/td>\n<td><span style=\"font-weight: 400;\">ZYN<\/span><\/td>\n<\/tr>\n<tr>\n<td><b>Produkttyp<\/b><\/td>\n<td><span style=\"font-weight: 400;\">Alle wei\u00dfen Nikotinbeutel<\/span><\/td>\n<\/tr>\n<tr>\n<td><b>Format<\/b><\/td>\n<td>Mini<\/td>\n<\/tr>\n<tr>\n<td><b>Geschmack<\/b><\/td>\n<td>Minze<\/td>\n<\/tr>\n<tr>\n<td><b>Nikotinst\u00e4rke<\/b><\/td>\n<td><span style=\"font-weight: 400;\">6 mg pro Beutel (15 mg\/g)<\/span><\/td>\n<\/tr>\n<tr>\n<td><b>Portion Gewicht<\/b><\/td>\n<td><span style=\"font-weight: 400;\">0,4 Gramm<\/span><\/td>\n<\/tr>\n<tr>\n<td><b>Anzahl der Portionen<\/b><\/td>\n<td><span style=\"font-weight: 400;\">15 pro Dose<\/span><\/td>\n<\/tr>\n<tr>\n<td><b>Gesamtgewicht der Dose<\/b><\/td>\n<td><span style=\"font-weight: 400;\">6 Gramm<\/span><\/td>\n<\/tr>\n<tr>\n<td><b>Hersteller<\/b><\/td>\n<td><span style=\"font-weight: 400;\">Schwedisches Streichholz<\/span><\/td>\n<\/tr>\n<tr>\n<td><b>Bemerkenswerte Merkmale<\/b><\/td>\n<td><span style=\"font-weight: 400;\">Tabakfrei, schlankes Format, s\u00fc\u00dfer und spritziger Schwarzkirschgeschmack<\/span><\/td>\n<\/tr>\n<\/tbody>\n<\/table>","protected":false},"excerpt":{"rendered":"<p data-start=\"1386\" data-end=\"1459\">K\u00fchler Minzgeschmack in einem <strong data-start=\"1474\" data-end=\"1482\">Mini<\/strong> Etui mit <strong data-start=\"1494\" data-end=\"1513\">6 mg Nikotin<\/strong> pro Beutel.<\/p>","protected":false},"featured_media":34876,"comment_status":"open","ping_status":"closed","template":"","format":[205],"meta":{"_acf_changed":false},"product_brand":[],"product_cat":[37],"product_tag":[16559],"flavours":[199],"nicotine":[212,232],"class_list":{"0":"post-34872","1":"product","2":"type-product","3":"status-publish","4":"has-post-thumbnail","6":"product_cat-zyn","7":"product_tag-6-mg-pouch","8":"pa_quantity-1-pack","9":"pa_quantity-10-pack","10":"pa_quantity-3-pack","11":"pa_quantity-30-pack","12":"pa_quantity-5-pack","13":"pa_quantity-60-pack","14":"flavours-mint","15":"format-mini","16":"nicotine-15-mg-g","17":"nicotine-extra-strong","19":"first","20":"outofstock","21":"taxable","22":"shipping-taxable","23":"purchasable","24":"product-type-variable"},"acf":[],"_links":{"self":[{"href":"https:\/\/whitelip.com\/de\/wp-json\/wp\/v2\/product\/34872","targetHints":{"allow":["GET"]}}],"collection":[{"href":"https:\/\/whitelip.com\/de\/wp-json\/wp\/v2\/product"}],"about":[{"href":"https:\/\/whitelip.com\/de\/wp-json\/wp\/v2\/types\/product"}],"replies":[{"embeddable":true,"href":"https:\/\/whitelip.com\/de\/wp-json\/wp\/v2\/comments?post=34872"}],"wp:featuredmedia":[{"embeddable":true,"href":"https:\/\/whitelip.com\/de\/wp-json\/wp\/v2\/media\/34876"}],"wp:attachment":[{"href":"https:\/\/whitelip.com\/de\/wp-json\/wp\/v2\/media?parent=34872"}],"wp:term":[{"taxonomy":"product_brand","embeddable":true,"href":"https:\/\/whitelip.com\/de\/wp-json\/wp\/v2\/product_brand?post=34872"},{"taxonomy":"product_cat","embeddable":true,"href":"https:\/\/whitelip.com\/de\/wp-json\/wp\/v2\/product_cat?post=34872"},{"taxonomy":"product_tag","embeddable":true,"href":"https:\/\/whitelip.com\/de\/wp-json\/wp\/v2\/product_tag?post=34872"},{"taxonomy":"flavours","embeddable":true,"href":"https:\/\/whitelip.com\/de\/wp-json\/wp\/v2\/flavours?post=34872"},{"taxonomy":"format","embeddable":true,"href":"https:\/\/whitelip.com\/de\/wp-json\/wp\/v2\/format?post=34872"},{"taxonomy":"nicotine","embeddable":true,"href":"https:\/\/whitelip.com\/de\/wp-json\/wp\/v2\/nicotine?post=34872"}],"curies":[{"name":"wp","href":"https:\/\/api.w.org\/{rel}","templated":true}]}}