{"id":34847,"date":"2025-11-21T11:15:14","date_gmt":"2025-11-21T11:15:14","guid":{"rendered":"https:\/\/whitelip.com\/?post_type=product&#038;p=34847"},"modified":"2026-04-16T02:01:06","modified_gmt":"2026-04-16T02:01:06","slug":"zyn-cactus-spice-slim","status":"publish","type":"product","link":"https:\/\/whitelip.com\/de\/zyn\/zyn-cactus-spice-slim\/","title":{"rendered":"ZYN Kaktus Gew\u00fcrz Slim 9mg"},"content":{"rendered":"<h2>ZYN Kaktus Gew\u00fcrz schlank<\/h2>\n<p data-start=\"168\" data-end=\"659\">ZYN Cactus Spice Slim ist ein komplett wei\u00dfer Nikotinbeutel der Marke ZYN, hergestellt von Swedish Match. Dieses Produkt im Slim-Format ist so konzipiert, dass es dank seiner schmalen, l\u00e4nglichen Form diskreter und bequemer unter der Lippe getragen werden kann. Der Beutel ist tabakfrei, enth\u00e4lt aber Nikotin und wird als starke Variante eingestuft. Der Geschmack kombiniert Kaktus, Limette und Chili, wodurch ein charakteristisches Profil mit Frische und Sch\u00e4rfe entsteht. Jede Dose enth\u00e4lt 14,3 Gramm des Produkts.<\/p>\n<p data-start=\"661\" data-end=\"964\">Die Nikotinst\u00e4rke ist auf 9 mg pro Beutel festgelegt, mit einer Nikotinkonzentration von 13,22 mg\/g. Dies macht Cactus Spice Slim S3 zu einer geeigneten Wahl f\u00fcr Nutzer, die ein sp\u00fcrbares, aber kontrolliertes Ma\u00df an Intensit\u00e4t w\u00fcnschen. Mit 21 Beuteln pro Dose bietet das Produkt ein ausgewogenes Verh\u00e4ltnis von Praktikabilit\u00e4t und Geschmackskonsistenz.<\/p>\n<table>\n<tbody>\n<tr>\n<td><b>Attribut<\/b><\/td>\n<td><b>Einzelheiten<\/b><\/td>\n<\/tr>\n<tr>\n<td><span style=\"font-weight: 400;\">Marke<\/span><\/td>\n<td><span style=\"font-weight: 400;\">ZYN<\/span><\/td>\n<\/tr>\n<tr>\n<td><span style=\"font-weight: 400;\">Produkttyp<\/span><\/td>\n<td><span style=\"font-weight: 400;\">Alle wei\u00dfen Nikotinbeutel<\/span><\/td>\n<\/tr>\n<tr>\n<td><span style=\"font-weight: 400;\">Format<\/span><\/td>\n<td><span style=\"font-weight: 400;\">Schlank<\/span><\/td>\n<\/tr>\n<tr>\n<td><span style=\"font-weight: 400;\">Geschmack<\/span><\/td>\n<td><span style=\"font-weight: 400;\">Kaktus, Limette und Chili<\/span><\/td>\n<\/tr>\n<tr>\n<td><span style=\"font-weight: 400;\">Nikotinst\u00e4rke<\/span><\/td>\n<td><span style=\"font-weight: 400;\">9 mg pro Beutel (13,22 mg\/g)<\/span><\/td>\n<\/tr>\n<tr>\n<td><span style=\"font-weight: 400;\">Portion Gewicht<\/span><\/td>\n<td><span style=\"font-weight: 400;\">0,7 Gramm<\/span><\/td>\n<\/tr>\n<tr>\n<td><span style=\"font-weight: 400;\">Anzahl der Portionen<\/span><\/td>\n<td><span style=\"font-weight: 400;\">21 pro Dose<\/span><\/td>\n<\/tr>\n<tr>\n<td><span style=\"font-weight: 400;\">Gesamtgewicht der Dose<\/span><\/td>\n<td><span style=\"font-weight: 400;\">14,3 Gramm<\/span><\/td>\n<\/tr>\n<tr>\n<td><span style=\"font-weight: 400;\">Hersteller<\/span><\/td>\n<td><span style=\"font-weight: 400;\">Schwedisches Streichholz<\/span><\/td>\n<\/tr>\n<tr>\n<td><span style=\"font-weight: 400;\">Bemerkenswerte Merkmale<\/span><\/td>\n<td><span style=\"font-weight: 400;\">Tabakfrei, schlankes Format, intensiver Menthol Geschmack mit hoher Nikotinst\u00e4rke<\/span><\/td>\n<\/tr>\n<\/tbody>\n<\/table>","protected":false},"excerpt":{"rendered":"<p data-start=\"1338\" data-end=\"1443\">Eine Geschmacksmischung aus <strong data-start=\"1354\" data-end=\"1364\">Kaktus<\/strong>, <strong data-start=\"1366\" data-end=\"1374\">Kalk<\/strong>, und <strong data-start=\"1380\" data-end=\"1389\">Chili<\/strong> in einem schlanken Etui mit <strong data-start=\"1415\" data-end=\"1432\">9 mg Nikotin<\/strong> pro Beutel.<\/p>","protected":false},"featured_media":34851,"comment_status":"open","ping_status":"closed","template":"","format":[206],"meta":{"_acf_changed":false},"product_brand":[],"product_cat":[37],"product_tag":[16563],"flavours":[187,190],"nicotine":[210,232],"class_list":{"0":"post-34847","1":"product","2":"type-product","3":"status-publish","4":"has-post-thumbnail","6":"product_cat-zyn","7":"product_tag-9-mg-pouch","8":"pa_quantity-1-pack","9":"pa_quantity-10-pack","10":"pa_quantity-3-pack","11":"pa_quantity-30-pack","12":"pa_quantity-5-pack","13":"pa_quantity-60-pack","14":"flavours-chili","15":"flavours-citrus","16":"format-slim","17":"nicotine-13-mg-g","18":"nicotine-extra-strong","20":"first","21":"instock","22":"taxable","23":"shipping-taxable","24":"purchasable","25":"product-type-variable","26":"has-default-attributes"},"acf":[],"_links":{"self":[{"href":"https:\/\/whitelip.com\/de\/wp-json\/wp\/v2\/product\/34847","targetHints":{"allow":["GET"]}}],"collection":[{"href":"https:\/\/whitelip.com\/de\/wp-json\/wp\/v2\/product"}],"about":[{"href":"https:\/\/whitelip.com\/de\/wp-json\/wp\/v2\/types\/product"}],"replies":[{"embeddable":true,"href":"https:\/\/whitelip.com\/de\/wp-json\/wp\/v2\/comments?post=34847"}],"wp:featuredmedia":[{"embeddable":true,"href":"https:\/\/whitelip.com\/de\/wp-json\/wp\/v2\/media\/34851"}],"wp:attachment":[{"href":"https:\/\/whitelip.com\/de\/wp-json\/wp\/v2\/media?parent=34847"}],"wp:term":[{"taxonomy":"product_brand","embeddable":true,"href":"https:\/\/whitelip.com\/de\/wp-json\/wp\/v2\/product_brand?post=34847"},{"taxonomy":"product_cat","embeddable":true,"href":"https:\/\/whitelip.com\/de\/wp-json\/wp\/v2\/product_cat?post=34847"},{"taxonomy":"product_tag","embeddable":true,"href":"https:\/\/whitelip.com\/de\/wp-json\/wp\/v2\/product_tag?post=34847"},{"taxonomy":"flavours","embeddable":true,"href":"https:\/\/whitelip.com\/de\/wp-json\/wp\/v2\/flavours?post=34847"},{"taxonomy":"format","embeddable":true,"href":"https:\/\/whitelip.com\/de\/wp-json\/wp\/v2\/format?post=34847"},{"taxonomy":"nicotine","embeddable":true,"href":"https:\/\/whitelip.com\/de\/wp-json\/wp\/v2\/nicotine?post=34847"}],"curies":[{"name":"wp","href":"https:\/\/api.w.org\/{rel}","templated":true}]}}