{"id":34514,"date":"2025-11-18T11:42:22","date_gmt":"2025-11-18T11:42:22","guid":{"rendered":"https:\/\/whitelip.com\/?post_type=product&#038;p=34514"},"modified":"2026-04-21T10:11:40","modified_gmt":"2026-04-21T10:11:40","slug":"kuma-blood-orange","status":"publish","type":"product","link":"https:\/\/whitelip.com\/de\/kuma\/kuma-blood-orange\/","title":{"rendered":"KUMA Blutorange"},"content":{"rendered":"<p data-start=\"128\" data-end=\"519\">KUMA Blood Orange liefert ein helles und spritziges Zitrusprofil, das sich um den ausgepr\u00e4gten Geschmack der Blutorange dreht. Dieser schlanke Nikotinbeutel ist als extra stark eingestuft und bietet 11 mg Nikotin pro Portion und einen Nikotingehalt von 20 mg pro Gramm. Das Aroma kombiniert s\u00fc\u00dfe Zitrust\u00f6ne mit einem pikanten Abgang und ist damit die richtige Wahl f\u00fcr Konsumenten, die einen frischen und fruchtigen Charakter m\u00f6gen. Jeder Beutel wiegt 0,55 Gramm und hat eine schlanke Form f\u00fcr einen diskreten und ergonomischen Sitz unter der Lippe. Jede Dose enth\u00e4lt 20 Portionen mit einem Gesamtnettogewicht von 11 Gramm und bietet eine praktische, tabakfreie Nikotinoption f\u00fcr den t\u00e4glichen Gebrauch.<\/p>\n<p data-start=\"767\" data-end=\"1037\">KUMA ist eine schwedische Marke, die von Apr\u00e8s Nicotine AB hergestellt und im Jahr 2020 gegr\u00fcndet wurde. Das Unternehmen konzentriert sich auf pflanzliche, tabakfreie Nikotinbeutel in einer Vielzahl von St\u00e4rken, Geschmacksrichtungen und Formaten. Blood Orange ist eine der fruchtbetonten Zitrusoptionen in der Produktlinie von KUMA.<\/p>\n<table>\n<tbody>\n<tr>\n<td><b>Attribut<\/b><\/td>\n<td><b>Einzelheiten<\/b><\/td>\n<\/tr>\n<tr>\n<td><b>Inhalt pro Dose<\/b><\/td>\n<td><span style=\"font-weight: 400;\">11 g (20 Beutel)<\/span><\/td>\n<\/tr>\n<tr>\n<td><b>Nikotingehalt<\/b><\/td>\n<td><span style=\"font-weight: 400;\">20 mg\/g (11 mg pro Beutel)<\/span><\/td>\n<\/tr>\n<tr>\n<td><b>Format des Beutels<\/b><\/td>\n<td><span style=\"font-weight: 400;\">Schlank<\/span><\/td>\n<\/tr>\n<tr>\n<td><b>Produzent<\/b><\/td>\n<td>Nach Nicotine AB<\/td>\n<\/tr>\n<tr>\n<td><b>Geschmack<\/b><\/td>\n<td>Blutorange, Zitrone<\/td>\n<\/tr>\n<tr>\n<td><b>Typ<\/b><\/td>\n<td><span style=\"font-weight: 400;\">Nikotinbeutel<\/span><\/td>\n<\/tr>\n<\/tbody>\n<\/table>","protected":false},"excerpt":{"rendered":"<article class=\"text-token-text-primary w-full focus:outline-none [--shadow-height:45px] has-data-writing-block:pointer-events-none has-data-writing-block:-mt-(--shadow-height) has-data-writing-block:pt-(--shadow-height) [&amp;:has([data-writing-block])&gt;*]:pointer-events-auto [content-visibility:auto] supports-[content-visibility:auto]:[contain-intrinsic-size:auto_100lvh] scroll-mt-[calc(var(--header-height)+min(200px,max(70px,20svh)))]\" dir=\"auto\" tabindex=\"-1\" data-turn-id=\"fc20af27-e3c5-4b02-a951-d8248900574e\" data-testid=\"conversation-turn-146\" data-scroll-anchor=\"true\" data-turn=\"assistant\">\n<div class=\"text-base my-auto mx-auto pb-10 [--thread-content-margin:--spacing(4)] thread-sm:[--thread-content-margin:--spacing(6)] thread-lg:[--thread-content-margin:--spacing(16)] px-(--thread-content-margin)\">\n<div class=\"[--thread-content-max-width:40rem] thread-lg:[--thread-content-max-width:48rem] mx-auto max-w-(--thread-content-max-width) flex-1 group\/turn-messages focus-visible:outline-hidden relative flex w-full min-w-0 flex-col agent-turn\" tabindex=\"-1\">\n<div class=\"flex max-w-full flex-col grow\">\n<div class=\"min-h-8 text-message relative flex w-full flex-col items-end gap-2 text-start break-words whitespace-normal [.text-message+&amp;]:mt-1\" dir=\"auto\" data-message-author-role=\"assistant\" data-message-id=\"62160f6d-af8e-4bdd-844f-59034b1f33e1\" data-message-model-slug=\"gpt-5-thinking\">\n<div class=\"flex w-full flex-col gap-1 empty:hidden first:pt-[1px]\">\n<div class=\"markdown prose dark:prose-invert w-full break-words dark markdown-new-styling\">\n<p data-start=\"0\" data-end=\"267\" data-is-last-node=\"\" data-is-only-node=\"\">A citrus-forward <strong data-start=\"1087\" data-end=\"1103\">blood orange<\/strong> flavor in a <strong data-start=\"1116\" data-end=\"1124\">slim<\/strong> pouch with <strong data-start=\"1136\" data-end=\"1154\">11 mg nicotine<\/strong> per portion.<\/p>\n<\/div>\n<\/div>\n<\/div>\n<\/div>\n<\/div>\n<\/div>\n<\/article>\n","protected":false},"featured_media":34518,"comment_status":"open","ping_status":"closed","template":"","format":[206],"meta":{"_acf_changed":false},"product_brand":[],"product_cat":[264],"product_tag":[16551],"flavours":[196],"nicotine":[218,232],"class_list":{"0":"post-34514","1":"product","2":"type-product","3":"status-publish","4":"has-post-thumbnail","6":"product_cat-kuma","7":"product_tag-11-mg-pouch","8":"pa_quantity-1-pack","9":"pa_quantity-10-pack","10":"pa_quantity-3-pack","11":"pa_quantity-30-pack","12":"pa_quantity-5-pack","13":"pa_quantity-60-pack","14":"flavours-fruits-berries","15":"format-slim","16":"nicotine-20-mg-g","17":"nicotine-extra-strong","19":"first","20":"instock","21":"taxable","22":"shipping-taxable","23":"purchasable","24":"product-type-variable"},"acf":[],"_links":{"self":[{"href":"https:\/\/whitelip.com\/de\/wp-json\/wp\/v2\/product\/34514","targetHints":{"allow":["GET"]}}],"collection":[{"href":"https:\/\/whitelip.com\/de\/wp-json\/wp\/v2\/product"}],"about":[{"href":"https:\/\/whitelip.com\/de\/wp-json\/wp\/v2\/types\/product"}],"replies":[{"embeddable":true,"href":"https:\/\/whitelip.com\/de\/wp-json\/wp\/v2\/comments?post=34514"}],"wp:featuredmedia":[{"embeddable":true,"href":"https:\/\/whitelip.com\/de\/wp-json\/wp\/v2\/media\/34518"}],"wp:attachment":[{"href":"https:\/\/whitelip.com\/de\/wp-json\/wp\/v2\/media?parent=34514"}],"wp:term":[{"taxonomy":"product_brand","embeddable":true,"href":"https:\/\/whitelip.com\/de\/wp-json\/wp\/v2\/product_brand?post=34514"},{"taxonomy":"product_cat","embeddable":true,"href":"https:\/\/whitelip.com\/de\/wp-json\/wp\/v2\/product_cat?post=34514"},{"taxonomy":"product_tag","embeddable":true,"href":"https:\/\/whitelip.com\/de\/wp-json\/wp\/v2\/product_tag?post=34514"},{"taxonomy":"flavours","embeddable":true,"href":"https:\/\/whitelip.com\/de\/wp-json\/wp\/v2\/flavours?post=34514"},{"taxonomy":"format","embeddable":true,"href":"https:\/\/whitelip.com\/de\/wp-json\/wp\/v2\/format?post=34514"},{"taxonomy":"nicotine","embeddable":true,"href":"https:\/\/whitelip.com\/de\/wp-json\/wp\/v2\/nicotine?post=34514"}],"curies":[{"name":"wp","href":"https:\/\/api.w.org\/{rel}","templated":true}]}}