{"id":33082,"date":"2025-10-31T14:32:58","date_gmt":"2025-10-31T14:32:58","guid":{"rendered":"https:\/\/whitelip.com\/?post_type=product&#038;p=33082"},"modified":"2026-05-09T10:11:15","modified_gmt":"2026-05-09T10:11:15","slug":"pablo-exclusive-blueberry-cranberry-cherry","status":"publish","type":"product","link":"https:\/\/whitelip.com\/de\/pablo\/pablo-exclusive-blueberry-cranberry-cherry\/","title":{"rendered":"PABLO Exklusiv Heidelbeere Cranberry Kirsche"},"content":{"rendered":"<p data-start=\"554\" data-end=\"884\">PABLO Exclusive Blueberry Cranberry Cherry in Slim hebt die fruchtige Intensit\u00e4t mit einer Dreifachbeerenmischung, die S\u00fc\u00dfe, S\u00e4ure und Tiefe in perfekter Balance vereint, auf ein neues Niveau. Der Geschmack vereint Blaubeere, Cranberry und Kirsche zu einem dynamischen, erfrischenden Geschmackserlebnis, das sich mit jeder Packung weiterentwickelt. Dieser komplett wei\u00dfe, tabakfreie Beutel aus der PABLO Exclusive Series wird in Europa von NGP Empire hergestellt und kombiniert Premium-Qualit\u00e4t mit auff\u00e4lligem Geschmack und extremer Nikotinst\u00e4rke. Jeder Beutel enth\u00e4lt 30 mg Nikotin (50 mg\/g) und bietet eines der st\u00e4rksten auf dem Markt erh\u00e4ltlichen Geschmackserlebnisse, das speziell f\u00fcr erfahrene Raucher entwickelt wurde, die maximale St\u00e4rke und Befriedigung suchen. Das Slim-Format sorgt f\u00fcr einen diskreten und bequemen Sitz unter der Lippe, w\u00e4hrend die allm\u00e4hliche Freisetzung von Aroma und Nikotin eine sanfte, lang anhaltende Wirkung bietet. PABLO Exclusive Blueberry Cranberry Cherry ist tabakfrei, rauchfrei und geruchsneutral und liefert eine saubere, konsistente Intensit\u00e4t, perfekt f\u00fcr den t\u00e4glichen Gebrauch oder f\u00fcr Momente, in denen Sie einen starken Kick brauchen.<\/p>\n<table>\n<tbody>\n<tr>\n<td><b>Attribut<\/b><\/td>\n<td><b>Einzelheiten<\/b><\/td>\n<\/tr>\n<tr>\n<td><b>Inhalt pro Dose<\/b><\/td>\n<td><span style=\"font-weight: 400;\">12g (20 Beutel)<\/span><\/td>\n<\/tr>\n<tr>\n<td><b>Nikotingehalt<\/b><\/td>\n<td><span style=\"font-weight: 400;\">50 mg\/g (30 mg pro Beutel)<\/span><\/td>\n<\/tr>\n<tr>\n<td><b>Format des Beutels<\/b><\/td>\n<td><span style=\"font-weight: 400;\">Schlank<\/span><\/td>\n<\/tr>\n<tr>\n<td><b>Produzent<\/b><\/td>\n<td><span style=\"font-weight: 400;\">N.G.P. Empire<\/span><\/td>\n<\/tr>\n<tr>\n<td><b>Geschmack<\/b><\/td>\n<td>Heidelbeere, Cranberry, Kirsche<\/td>\n<\/tr>\n<tr>\n<td><b>Typ<\/b><\/td>\n<td><span style=\"font-weight: 400;\">Wei\u00dfe Beutel, tabakfrei<\/span><\/td>\n<\/tr>\n<\/tbody>\n<\/table>","protected":false},"excerpt":{"rendered":"<p>PABLO Exklusiv Heidelbeere Cranberry Kirsche in <strong data-start=\"286\" data-end=\"294\">Schlank<\/strong> liefert eine k\u00fchne Mischung aus <strong data-start=\"318\" data-end=\"354\">Heidelbeere, Preiselbeere und Kirsche<\/strong> mit extremer Nikotinst\u00e4rke. Jeder tabakfreie Beutel enth\u00e4lt <strong data-start=\"424\" data-end=\"433\">30 mg<\/strong> <strong>von<\/strong> <strong>Nikotin<\/strong>, und bietet ein intensives und geschmackvolles Erlebnis f\u00fcr erfahrene Nutzer.<\/p>","protected":false},"featured_media":33087,"comment_status":"open","ping_status":"closed","template":"","format":[206],"meta":{"_acf_changed":false},"product_brand":[],"product_cat":[44],"product_tag":[16605],"flavours":[196],"nicotine":[233,226],"class_list":{"0":"post-33082","1":"product","2":"type-product","3":"status-publish","4":"has-post-thumbnail","6":"product_cat-pablo","7":"product_tag-30-mg-pouch","8":"pa_quantity-1-pack","9":"pa_quantity-10-pack","10":"pa_quantity-3-pack","11":"pa_quantity-30-pack","12":"pa_quantity-5-pack","13":"pa_quantity-60-pack","14":"flavours-fruits-berries","15":"format-slim","16":"nicotine-extreme","17":"nicotine-50-mg-g","19":"first","20":"instock","21":"taxable","22":"shipping-taxable","23":"purchasable","24":"product-type-variable"},"acf":[],"_links":{"self":[{"href":"https:\/\/whitelip.com\/de\/wp-json\/wp\/v2\/product\/33082","targetHints":{"allow":["GET"]}}],"collection":[{"href":"https:\/\/whitelip.com\/de\/wp-json\/wp\/v2\/product"}],"about":[{"href":"https:\/\/whitelip.com\/de\/wp-json\/wp\/v2\/types\/product"}],"replies":[{"embeddable":true,"href":"https:\/\/whitelip.com\/de\/wp-json\/wp\/v2\/comments?post=33082"}],"wp:featuredmedia":[{"embeddable":true,"href":"https:\/\/whitelip.com\/de\/wp-json\/wp\/v2\/media\/33087"}],"wp:attachment":[{"href":"https:\/\/whitelip.com\/de\/wp-json\/wp\/v2\/media?parent=33082"}],"wp:term":[{"taxonomy":"product_brand","embeddable":true,"href":"https:\/\/whitelip.com\/de\/wp-json\/wp\/v2\/product_brand?post=33082"},{"taxonomy":"product_cat","embeddable":true,"href":"https:\/\/whitelip.com\/de\/wp-json\/wp\/v2\/product_cat?post=33082"},{"taxonomy":"product_tag","embeddable":true,"href":"https:\/\/whitelip.com\/de\/wp-json\/wp\/v2\/product_tag?post=33082"},{"taxonomy":"flavours","embeddable":true,"href":"https:\/\/whitelip.com\/de\/wp-json\/wp\/v2\/flavours?post=33082"},{"taxonomy":"format","embeddable":true,"href":"https:\/\/whitelip.com\/de\/wp-json\/wp\/v2\/format?post=33082"},{"taxonomy":"nicotine","embeddable":true,"href":"https:\/\/whitelip.com\/de\/wp-json\/wp\/v2\/nicotine?post=33082"}],"curies":[{"name":"wp","href":"https:\/\/api.w.org\/{rel}","templated":true}]}}