{"id":33075,"date":"2025-10-31T14:26:55","date_gmt":"2025-10-31T14:26:55","guid":{"rendered":"https:\/\/whitelip.com\/?post_type=product&#038;p=33075"},"modified":"2026-05-09T10:11:15","modified_gmt":"2026-05-09T10:11:15","slug":"pablo-exclusive-pink-lemonade","status":"publish","type":"product","link":"https:\/\/whitelip.com\/de\/pablo\/pablo-exclusive-pink-lemonade\/","title":{"rendered":"PABLO Exklusive rosa Limonade"},"content":{"rendered":"<p data-start=\"481\" data-end=\"952\">PABLO Exclusive Pink Lemonade in Slim kombiniert einen belebenden Pink Lemonade-Geschmack mit einem der st\u00e4rksten Nikotingehalte im PABLO Sortiment. Dieser komplett wei\u00dfe, tabakfreie Beutel von NGP Empire liefert eine lebendige Balance aus s\u00fc\u00dfen und zitrusartigen Noten f\u00fcr ein erfrischendes und dennoch intensives Gef\u00fchl. Er wurde f\u00fcr erfahrene Raucher entwickelt und definiert neu, wie sich extreme St\u00e4rke anf\u00fchlen kann, w\u00e4hrend er die saubere und erstklassige Qualit\u00e4t der Marke PABLO beibeh\u00e4lt. Jeder Beutel enth\u00e4lt 30 mg Nikotin (entspricht 50 mg\/g) und wird im Slim-Format geliefert, damit er bequem und diskret unter die Lippe passt. Mit 20 Beuteln pro Dose, die jeweils 0,6 Gramm wiegen, liefert PABLO Exclusive Pink Lemonade in jeder Portion gleichbleibende Leistung, Geschmack und Qualit\u00e4t.<\/p>\n<table>\n<tbody>\n<tr>\n<td><b>Attribut<\/b><\/td>\n<td><b>Einzelheiten<\/b><\/td>\n<\/tr>\n<tr>\n<td><b>Inhalt pro Dose<\/b><\/td>\n<td><span style=\"font-weight: 400;\">12g (20 Beutel)<\/span><\/td>\n<\/tr>\n<tr>\n<td><b>Nikotingehalt<\/b><\/td>\n<td><span style=\"font-weight: 400;\">50 mg\/g (30 mg pro Beutel)<\/span><\/td>\n<\/tr>\n<tr>\n<td><b>Format des Beutels<\/b><\/td>\n<td><span style=\"font-weight: 400;\">Schlank<\/span><\/td>\n<\/tr>\n<tr>\n<td><b>Produzent<\/b><\/td>\n<td><span style=\"font-weight: 400;\">N.G.P. Empire<\/span><\/td>\n<\/tr>\n<tr>\n<td><b>Geschmack<\/b><\/td>\n<td>Rosa Limonade<\/td>\n<\/tr>\n<tr>\n<td><b>Typ<\/b><\/td>\n<td><span style=\"font-weight: 400;\">Wei\u00dfe Beutel, tabakfrei<\/span><\/td>\n<\/tr>\n<\/tbody>\n<\/table>","protected":false},"excerpt":{"rendered":"<p>PABLO Exklusive rosa Limonade in <strong data-start=\"219\" data-end=\"227\">Schlank<\/strong> liefert ein fruchtiges <strong data-start=\"246\" data-end=\"263\">rosa Limonade<\/strong> Geschmack mit einem extrem starken Nikotinkick. Jeder komplett wei\u00dfe, tabakfreie Beutel enth\u00e4lt <strong data-start=\"359\" data-end=\"368\">30 mg<\/strong> <strong>von Nikotin<\/strong>, und bietet eine leistungsstarke und erfrischende Erfahrung f\u00fcr erfahrene Benutzer.<\/p>","protected":false},"featured_media":33080,"comment_status":"open","ping_status":"closed","template":"","format":[206],"meta":{"_acf_changed":false},"product_brand":[],"product_cat":[44],"product_tag":[16605],"flavours":[],"nicotine":[233,226],"class_list":{"0":"post-33075","1":"product","2":"type-product","3":"status-publish","4":"has-post-thumbnail","6":"product_cat-pablo","7":"product_tag-30-mg-pouch","8":"pa_quantity-1-pack","9":"pa_quantity-10-pack","10":"pa_quantity-3-pack","11":"pa_quantity-30-pack","12":"pa_quantity-5-pack","13":"pa_quantity-60-pack","14":"format-slim","15":"nicotine-extreme","16":"nicotine-50-mg-g","18":"first","19":"outofstock","20":"taxable","21":"shipping-taxable","22":"purchasable","23":"product-type-variable"},"acf":[],"_links":{"self":[{"href":"https:\/\/whitelip.com\/de\/wp-json\/wp\/v2\/product\/33075","targetHints":{"allow":["GET"]}}],"collection":[{"href":"https:\/\/whitelip.com\/de\/wp-json\/wp\/v2\/product"}],"about":[{"href":"https:\/\/whitelip.com\/de\/wp-json\/wp\/v2\/types\/product"}],"replies":[{"embeddable":true,"href":"https:\/\/whitelip.com\/de\/wp-json\/wp\/v2\/comments?post=33075"}],"wp:featuredmedia":[{"embeddable":true,"href":"https:\/\/whitelip.com\/de\/wp-json\/wp\/v2\/media\/33080"}],"wp:attachment":[{"href":"https:\/\/whitelip.com\/de\/wp-json\/wp\/v2\/media?parent=33075"}],"wp:term":[{"taxonomy":"product_brand","embeddable":true,"href":"https:\/\/whitelip.com\/de\/wp-json\/wp\/v2\/product_brand?post=33075"},{"taxonomy":"product_cat","embeddable":true,"href":"https:\/\/whitelip.com\/de\/wp-json\/wp\/v2\/product_cat?post=33075"},{"taxonomy":"product_tag","embeddable":true,"href":"https:\/\/whitelip.com\/de\/wp-json\/wp\/v2\/product_tag?post=33075"},{"taxonomy":"flavours","embeddable":true,"href":"https:\/\/whitelip.com\/de\/wp-json\/wp\/v2\/flavours?post=33075"},{"taxonomy":"format","embeddable":true,"href":"https:\/\/whitelip.com\/de\/wp-json\/wp\/v2\/format?post=33075"},{"taxonomy":"nicotine","embeddable":true,"href":"https:\/\/whitelip.com\/de\/wp-json\/wp\/v2\/nicotine?post=33075"}],"curies":[{"name":"wp","href":"https:\/\/api.w.org\/{rel}","templated":true}]}}