{"id":32615,"date":"2025-10-27T15:09:48","date_gmt":"2025-10-27T15:09:48","guid":{"rendered":"https:\/\/whitelip.com\/?post_type=product&#038;p=32615"},"modified":"2026-03-16T17:46:56","modified_gmt":"2026-03-16T17:46:56","slug":"christmas-calendar","status":"publish","type":"product","link":"https:\/\/whitelip.com\/de\/christmas-calendar\/christmas-calendar\/","title":{"rendered":"Whitelip Weihnachtskalender"},"content":{"rendered":"<p data-start=\"440\" data-end=\"739\">Die <strong data-start=\"444\" data-end=\"472\">Whitelip Weihnachtskalender<\/strong> vereint 24 einzigartige Nikotinbeutel-Dosen von Top-Marken wie <strong data-start=\"540\" data-end=\"571\">DENSSI, 77, STNG, Apr\u00e8s, NOR<\/strong>, und mehr. Hinter jeder T\u00fcr wartet eine neue Entdeckung, eine kuratierte Auswahl an Geschmacksrichtungen, St\u00e4rken und Beutelformaten, die jeden Tag im Dezember etwas anderes bieten.<\/p>\n<p data-start=\"741\" data-end=\"1015\">Von erfrischenden Minzmischungen bis hin zu fruchtigen, limitierten Auflagen - dieser Kalender f\u00e4ngt die ganze Vielfalt der modernen Nikotinbeutel in einem exklusiven Paket ein. Er ist f\u00fcr Nutzer gedacht, die gerne neue Optionen erkunden und das Beste erleben wollen, was die Kategorie zu bieten hat.<\/p>\n<p data-start=\"1017\" data-end=\"1155\">Jeder Kalender wird in begrenzter St\u00fcckzahl produziert und ist mit einem festlichen, saisonalen Design versehen, das ihn zu einem au\u00dfergew\u00f6hnlichen Sammlerst\u00fcck f\u00fcr das Jahr 2025 macht.<\/p>","protected":false},"excerpt":{"rendered":"<p>Die Vorfreude auf Weihnachten mit dem <strong data-start=\"209\" data-end=\"237\">Whitelip Weihnachtskalender!<\/strong> Mit 24 \u00fcberraschenden Nikotinbeuteldosen von f\u00fchrenden Marken. Eine Mischung aus Geschmacksrichtungen, St\u00e4rken und Formaten in limitierter Auflage, um den Dezember ein wenig aufregender zu gestalten.<\/p>","protected":false},"featured_media":32616,"comment_status":"open","ping_status":"closed","template":"","format":[],"meta":{"_acf_changed":false},"product_brand":[],"product_cat":[259],"product_tag":[],"flavours":[],"nicotine":[],"class_list":{"0":"post-32615","1":"product","2":"type-product","3":"status-publish","4":"has-post-thumbnail","6":"product_cat-christmas-calendar","8":"first","9":"instock","10":"taxable","11":"shipping-taxable","12":"purchasable","13":"product-type-simple"},"acf":[],"_links":{"self":[{"href":"https:\/\/whitelip.com\/de\/wp-json\/wp\/v2\/product\/32615","targetHints":{"allow":["GET"]}}],"collection":[{"href":"https:\/\/whitelip.com\/de\/wp-json\/wp\/v2\/product"}],"about":[{"href":"https:\/\/whitelip.com\/de\/wp-json\/wp\/v2\/types\/product"}],"replies":[{"embeddable":true,"href":"https:\/\/whitelip.com\/de\/wp-json\/wp\/v2\/comments?post=32615"}],"wp:featuredmedia":[{"embeddable":true,"href":"https:\/\/whitelip.com\/de\/wp-json\/wp\/v2\/media\/32616"}],"wp:attachment":[{"href":"https:\/\/whitelip.com\/de\/wp-json\/wp\/v2\/media?parent=32615"}],"wp:term":[{"taxonomy":"product_brand","embeddable":true,"href":"https:\/\/whitelip.com\/de\/wp-json\/wp\/v2\/product_brand?post=32615"},{"taxonomy":"product_cat","embeddable":true,"href":"https:\/\/whitelip.com\/de\/wp-json\/wp\/v2\/product_cat?post=32615"},{"taxonomy":"product_tag","embeddable":true,"href":"https:\/\/whitelip.com\/de\/wp-json\/wp\/v2\/product_tag?post=32615"},{"taxonomy":"flavours","embeddable":true,"href":"https:\/\/whitelip.com\/de\/wp-json\/wp\/v2\/flavours?post=32615"},{"taxonomy":"format","embeddable":true,"href":"https:\/\/whitelip.com\/de\/wp-json\/wp\/v2\/format?post=32615"},{"taxonomy":"nicotine","embeddable":true,"href":"https:\/\/whitelip.com\/de\/wp-json\/wp\/v2\/nicotine?post=32615"}],"curies":[{"name":"wp","href":"https:\/\/api.w.org\/{rel}","templated":true}]}}