{"id":32600,"date":"2025-10-27T14:41:20","date_gmt":"2025-10-27T14:41:20","guid":{"rendered":"https:\/\/whitelip.com\/?post_type=product&#038;p=32600"},"modified":"2026-02-25T11:10:35","modified_gmt":"2026-02-25T11:10:35","slug":"whitelip-golf-cap","status":"publish","type":"product","link":"https:\/\/whitelip.com\/de\/merch\/whitelip-golf-cap\/","title":{"rendered":"Whitelip Golf Kappe"},"content":{"rendered":"<h2 data-start=\"148\" data-end=\"169\"><strong data-start=\"148\" data-end=\"169\">Whitelip Golf Kappe<\/strong><\/h2>\n<p data-start=\"171\" data-end=\"793\">Entworfen f\u00fcr Pr\u00e4zision. Getragen mit Haltung. Das Whitelip Golf Cap kombiniert sportliche Funktionalit\u00e4t mit der klaren \u00c4sthetik, die Whitelip auszeichnet. Sie ist aus 100% GRS-zertifiziertem, recyceltem Polyester gefertigt und bietet eine leichte, langlebige und umweltbewusste Konstruktion. Das integrierte Coolmax\u00ae-Schwei\u00dfband h\u00e4lt Sie w\u00e4hrend des Spiels trocken, w\u00e4hrend die abgesteppten Bel\u00fcftungs\u00f6sen und das halb gebogene Visier f\u00fcr optimalen Komfort sorgen. Ein kontrastierendes Kordeldetail auf der Vorderseite und das dezente Whitelip-Logo sorgen f\u00fcr einen raffinierten Touch - eine Balance aus Sport und Stil. Geeignet f\u00fcr den Golfplatz, das B\u00fcro oder als Teil der Whitelip-Kollektion.<\/p>\n<p data-start=\"795\" data-end=\"814\"><strong data-start=\"795\" data-end=\"812\">Wesentliche Merkmale:<\/strong><\/p>\n<ul data-start=\"815\" data-end=\"1100\">\n<li data-start=\"815\" data-end=\"866\">\n<p data-start=\"817\" data-end=\"866\">Hergestellt aus 100% GRS-zertifiziertem, recyceltem Polyester<\/p>\n<\/li>\n<li data-start=\"867\" data-end=\"913\">\n<p data-start=\"869\" data-end=\"913\">Coolmax\u00ae-Schwei\u00dfband f\u00fcr maximale Bel\u00fcftung<\/p>\n<\/li>\n<li data-start=\"914\" data-end=\"959\">\n<p data-start=\"916\" data-end=\"959\">5-Panel-Design mit halbstrukturierter Front<\/p>\n<\/li>\n<li data-start=\"960\" data-end=\"1009\">\n<p data-start=\"962\" data-end=\"1009\">Kontrastreiches Seil-Detail und halbgekr\u00fcmmtes Visier<\/p>\n<\/li>\n<li data-start=\"1010\" data-end=\"1061\">\n<p data-start=\"1012\" data-end=\"1061\">Verstellbarer Snapback-Verschluss f\u00fcr perfekten Sitz<\/p>\n<\/li>\n<li data-start=\"1062\" data-end=\"1100\">\n<p data-start=\"1064\" data-end=\"1100\">TearAway-Etikett f\u00fcr einfaches Rebranding<\/p>\n<\/li>\n<\/ul>","protected":false},"excerpt":{"rendered":"<article class=\"text-token-text-primary w-full focus:outline-none [--shadow-height:45px] has-data-writing-block:pointer-events-none has-data-writing-block:-mt-(--shadow-height) has-data-writing-block:pt-(--shadow-height) [&amp;:has([data-writing-block])&gt;*]:pointer-events-auto [content-visibility:auto] supports-[content-visibility:auto]:[contain-intrinsic-size:auto_100lvh] scroll-mt-[calc(var(--header-height)+min(200px,max(70px,20svh)))]\" dir=\"auto\" tabindex=\"-1\" data-turn-id=\"request-WEB:427feabd-8015-4221-a8a2-f2b39ead3cc6-11\" data-testid=\"conversation-turn-22\" data-scroll-anchor=\"true\" data-turn=\"assistant\">\n<div class=\"text-base my-auto mx-auto pb-10 [--thread-content-margin:--spacing(4)] thread-sm:[--thread-content-margin:--spacing(6)] thread-lg:[--thread-content-margin:--spacing(16)] px-(--thread-content-margin)\">\n<div class=\"[--thread-content-max-width:40rem] thread-lg:[--thread-content-max-width:48rem] mx-auto max-w-(--thread-content-max-width) flex-1 group\/turn-messages focus-visible:outline-hidden relative flex w-full min-w-0 flex-col agent-turn\" tabindex=\"-1\">\n<div class=\"flex max-w-full flex-col grow\">\n<div class=\"min-h-8 text-message relative flex w-full flex-col items-end gap-2 text-start break-words whitespace-normal [.text-message+&amp;]:mt-1\" dir=\"auto\" data-message-author-role=\"assistant\" data-message-id=\"28ee1544-72f8-48b6-bb10-b1d5131dd33f\" data-message-model-slug=\"gpt-5\">\n<div class=\"flex w-full flex-col gap-1 empty:hidden first:pt-[1px]\">\n<div class=\"markdown prose dark:prose-invert w-full break-words dark markdown-new-styling\">\n<p data-start=\"853\" data-end=\"1092\" data-is-last-node=\"\" data-is-only-node=\"\">Stay stylish on and off the course with the Whitelip Golf Cap. Made from recycled polyester with a ventilating Coolmax\u00ae sweatband and a classic front rope detail. A modern cap with a premium feel &#8211; built for comfort, created for Whitelip.<\/p>\n<\/div>\n<\/div>\n<\/div>\n<\/div>\n<\/div>\n<\/div>\n<\/article>\n","protected":false},"featured_media":32602,"comment_status":"open","ping_status":"closed","template":"","format":[],"meta":{"_acf_changed":false},"product_brand":[],"product_cat":[81],"product_tag":[],"flavours":[],"nicotine":[],"class_list":{"0":"post-32600","1":"product","2":"type-product","3":"status-publish","4":"has-post-thumbnail","6":"product_cat-merch","7":"pa_size-onesize","9":"first","10":"instock","11":"taxable","12":"shipping-taxable","13":"purchasable","14":"product-type-variable"},"acf":[],"_links":{"self":[{"href":"https:\/\/whitelip.com\/de\/wp-json\/wp\/v2\/product\/32600","targetHints":{"allow":["GET"]}}],"collection":[{"href":"https:\/\/whitelip.com\/de\/wp-json\/wp\/v2\/product"}],"about":[{"href":"https:\/\/whitelip.com\/de\/wp-json\/wp\/v2\/types\/product"}],"replies":[{"embeddable":true,"href":"https:\/\/whitelip.com\/de\/wp-json\/wp\/v2\/comments?post=32600"}],"wp:featuredmedia":[{"embeddable":true,"href":"https:\/\/whitelip.com\/de\/wp-json\/wp\/v2\/media\/32602"}],"wp:attachment":[{"href":"https:\/\/whitelip.com\/de\/wp-json\/wp\/v2\/media?parent=32600"}],"wp:term":[{"taxonomy":"product_brand","embeddable":true,"href":"https:\/\/whitelip.com\/de\/wp-json\/wp\/v2\/product_brand?post=32600"},{"taxonomy":"product_cat","embeddable":true,"href":"https:\/\/whitelip.com\/de\/wp-json\/wp\/v2\/product_cat?post=32600"},{"taxonomy":"product_tag","embeddable":true,"href":"https:\/\/whitelip.com\/de\/wp-json\/wp\/v2\/product_tag?post=32600"},{"taxonomy":"flavours","embeddable":true,"href":"https:\/\/whitelip.com\/de\/wp-json\/wp\/v2\/flavours?post=32600"},{"taxonomy":"format","embeddable":true,"href":"https:\/\/whitelip.com\/de\/wp-json\/wp\/v2\/format?post=32600"},{"taxonomy":"nicotine","embeddable":true,"href":"https:\/\/whitelip.com\/de\/wp-json\/wp\/v2\/nicotine?post=32600"}],"curies":[{"name":"wp","href":"https:\/\/api.w.org\/{rel}","templated":true}]}}