{"id":32593,"date":"2025-10-27T14:31:45","date_gmt":"2025-10-27T14:31:45","guid":{"rendered":"https:\/\/whitelip.com\/?post_type=product&#038;p=32593"},"modified":"2026-03-26T13:14:58","modified_gmt":"2026-03-26T13:14:58","slug":"whitelip-low-profile-dad-cap","status":"publish","type":"product","link":"https:\/\/whitelip.com\/de\/merch\/whitelip-low-profile-dad-cap\/","title":{"rendered":"Whitelip Low Profile Dad Cap"},"content":{"rendered":"<h2 data-start=\"159\" data-end=\"191\"><strong data-start=\"159\" data-end=\"191\">Whitelip Low Profile Dad Cap<\/strong><\/h2>\n<p data-start=\"193\" data-end=\"732\">Raffinierter Stil. Maximaler Komfort. Die Low Profile Dad Cap von Whitelip kombiniert eine zeitlose Silhouette mit hochwertiger Handwerkskunst. Sie ist aus 100% Chino-Baumwolle gefertigt und bietet ein weiches, leichtes und flexibles Tragegef\u00fchl. Das niedrige Profil und die unstrukturierte Krone sorgen f\u00fcr eine entspannte Passform, w\u00e4hrend der vorgew\u00f6lbte Schirm und die eingen\u00e4hten Bel\u00fcftungs\u00f6ffnungen an warmen Tagen f\u00fcr Atmungsaktivit\u00e4t sorgen. Dank des selbsttragenden Riemens mit Metallschnalle l\u00e4sst sich die Passform leicht verstellen, so dass sie in Einheitsgr\u00f6\u00dfe getragen werden kann. Ein subtiles, aber selbstbewusstes Accessoire, das sich sowohl f\u00fcr den Alltag als auch f\u00fcr das Branding eignet.<\/p>\n<p data-start=\"734\" data-end=\"753\"><strong data-start=\"734\" data-end=\"751\">Wesentliche Merkmale:<\/strong><\/p>\n<ul data-start=\"754\" data-end=\"1044\">\n<li data-start=\"754\" data-end=\"803\">\n<p data-start=\"756\" data-end=\"803\">100% Chino-Baumwolle - weiches und strapazierf\u00e4higes Material<\/p>\n<\/li>\n<li data-start=\"804\" data-end=\"839\">\n<p data-start=\"806\" data-end=\"839\">6-Felder-Design mit niedrigem Profil<\/p>\n<\/li>\n<li data-start=\"840\" data-end=\"881\">\n<p data-start=\"842\" data-end=\"881\">Unstrukturierte Krone f\u00fcr einen entspannten Look<\/p>\n<\/li>\n<li data-start=\"882\" data-end=\"938\">\n<p data-start=\"884\" data-end=\"938\">Vorgeformtes Visier und Bel\u00fcftungs\u00f6ffnungen f\u00fcr mehr Komfort<\/p>\n<\/li>\n<li data-start=\"939\" data-end=\"1005\">\n<p data-start=\"941\" data-end=\"1005\">Selbsttragender Gurt mit Tri-Glide-Schnalle - verstellbar, Einheitsgr\u00f6\u00dfe<\/p>\n<\/li>\n<li data-start=\"1006\" data-end=\"1044\">\n<p data-start=\"1008\" data-end=\"1044\">TearAway-Etikett f\u00fcr einfaches Rebranding<\/p>\n<\/li>\n<\/ul>","protected":false},"excerpt":{"rendered":"<article class=\"text-token-text-primary w-full focus:outline-none [--shadow-height:45px] has-data-writing-block:pointer-events-none has-data-writing-block:-mt-(--shadow-height) has-data-writing-block:pt-(--shadow-height) [&amp;:has([data-writing-block])&gt;*]:pointer-events-auto [content-visibility:auto] supports-[content-visibility:auto]:[contain-intrinsic-size:auto_100lvh] scroll-mt-[calc(var(--header-height)+min(200px,max(70px,20svh)))]\" dir=\"auto\" tabindex=\"-1\" data-turn-id=\"request-WEB:427feabd-8015-4221-a8a2-f2b39ead3cc6-11\" data-testid=\"conversation-turn-22\" data-scroll-anchor=\"true\" data-turn=\"assistant\">\n<div class=\"text-base my-auto mx-auto pb-10 [--thread-content-margin:--spacing(4)] thread-sm:[--thread-content-margin:--spacing(6)] thread-lg:[--thread-content-margin:--spacing(16)] px-(--thread-content-margin)\">\n<div class=\"[--thread-content-max-width:40rem] thread-lg:[--thread-content-max-width:48rem] mx-auto max-w-(--thread-content-max-width) flex-1 group\/turn-messages focus-visible:outline-hidden relative flex w-full min-w-0 flex-col agent-turn\" tabindex=\"-1\">\n<div class=\"flex max-w-full flex-col grow\">\n<div class=\"min-h-8 text-message relative flex w-full flex-col items-end gap-2 text-start break-words whitespace-normal [.text-message+&amp;]:mt-1\" dir=\"auto\" data-message-author-role=\"assistant\" data-message-id=\"28ee1544-72f8-48b6-bb10-b1d5131dd33f\" data-message-model-slug=\"gpt-5\">\n<div class=\"flex w-full flex-col gap-1 empty:hidden first:pt-[1px]\">\n<div class=\"markdown prose dark:prose-invert w-full break-words dark markdown-new-styling\">\n<p data-start=\"853\" data-end=\"1092\" data-is-last-node=\"\" data-is-only-node=\"\">Clean design and relaxed elegance. The Whitelip Low Profile Dad Cap is made from soft chino cotton with a low profile and classic fit. The curved visor, ventilation eyelets, and adjustable strap make it an essential everyday piece with the Whitelip touch.<\/p>\n<\/div>\n<\/div>\n<\/div>\n<\/div>\n<\/div>\n<\/div>\n<\/article>\n","protected":false},"featured_media":32596,"comment_status":"open","ping_status":"closed","template":"","format":[],"meta":{"_acf_changed":false},"product_brand":[],"product_cat":[81],"product_tag":[],"flavours":[],"nicotine":[],"class_list":{"0":"post-32593","1":"product","2":"type-product","3":"status-publish","4":"has-post-thumbnail","6":"product_cat-merch","7":"pa_size-onesize","9":"first","10":"instock","11":"taxable","12":"shipping-taxable","13":"purchasable","14":"product-type-variable"},"acf":[],"_links":{"self":[{"href":"https:\/\/whitelip.com\/de\/wp-json\/wp\/v2\/product\/32593","targetHints":{"allow":["GET"]}}],"collection":[{"href":"https:\/\/whitelip.com\/de\/wp-json\/wp\/v2\/product"}],"about":[{"href":"https:\/\/whitelip.com\/de\/wp-json\/wp\/v2\/types\/product"}],"replies":[{"embeddable":true,"href":"https:\/\/whitelip.com\/de\/wp-json\/wp\/v2\/comments?post=32593"}],"wp:featuredmedia":[{"embeddable":true,"href":"https:\/\/whitelip.com\/de\/wp-json\/wp\/v2\/media\/32596"}],"wp:attachment":[{"href":"https:\/\/whitelip.com\/de\/wp-json\/wp\/v2\/media?parent=32593"}],"wp:term":[{"taxonomy":"product_brand","embeddable":true,"href":"https:\/\/whitelip.com\/de\/wp-json\/wp\/v2\/product_brand?post=32593"},{"taxonomy":"product_cat","embeddable":true,"href":"https:\/\/whitelip.com\/de\/wp-json\/wp\/v2\/product_cat?post=32593"},{"taxonomy":"product_tag","embeddable":true,"href":"https:\/\/whitelip.com\/de\/wp-json\/wp\/v2\/product_tag?post=32593"},{"taxonomy":"flavours","embeddable":true,"href":"https:\/\/whitelip.com\/de\/wp-json\/wp\/v2\/flavours?post=32593"},{"taxonomy":"format","embeddable":true,"href":"https:\/\/whitelip.com\/de\/wp-json\/wp\/v2\/format?post=32593"},{"taxonomy":"nicotine","embeddable":true,"href":"https:\/\/whitelip.com\/de\/wp-json\/wp\/v2\/nicotine?post=32593"}],"curies":[{"name":"wp","href":"https:\/\/api.w.org\/{rel}","templated":true}]}}