{"id":32553,"date":"2025-10-27T11:28:52","date_gmt":"2025-10-27T11:28:52","guid":{"rendered":"https:\/\/whitelip.com\/?post_type=product&#038;p=32553"},"modified":"2026-05-09T10:11:23","modified_gmt":"2026-05-09T10:11:23","slug":"velo-shift-hot-grape","status":"publish","type":"product","link":"https:\/\/whitelip.com\/de\/velo\/velo-shift-hot-grape\/","title":{"rendered":"VELO-Schicht Hei\u00dfe Traube"},"content":{"rendered":"<p data-start=\"401\" data-end=\"769\">VELO <strong data-start=\"406\" data-end=\"425\">Verschiebung Hot Grape<\/strong> in <strong data-start=\"429\" data-end=\"437\">Schlank<\/strong> ist ein wei\u00dfer Nikotinbeutel von BAT mit einem s\u00fc\u00dfen und fruchtigen Traubengeschmack. Das Produkt enth\u00e4lt Nikotin, ist aber tabakfrei und wird als stark eingestuft. Die Beutel sind aus pflanzlichen Fasern hergestellt und mit abgerundeten Kanten versehen, damit sie bequem unter der Lippe sitzen. Die Dose hat eine sechseckige Form, typisch f\u00fcr das VELO Shift-Sortiment. Jeder Beutel enth\u00e4lt <strong data-start=\"791\" data-end=\"799\">8 mg<\/strong> von Nikotin (Nikotinst\u00e4rke 11,4 mg\/g), und die <strong data-start=\"851\" data-end=\"859\">Schlank<\/strong> Format bietet ein schmales und diskretes Profil.<\/p>\n<table>\n<tbody>\n<tr>\n<td><b>Attribut<\/b><\/td>\n<td><b>Einzelheiten<\/b><\/td>\n<\/tr>\n<tr>\n<td><span style=\"font-weight: 400;\">Marke<\/span><\/td>\n<td><span style=\"font-weight: 400;\">VELO<\/span><\/td>\n<\/tr>\n<tr>\n<td><span style=\"font-weight: 400;\">Produkttyp<\/span><\/td>\n<td><span style=\"font-weight: 400;\">Alle wei\u00dfen Nikotinbeutel<\/span><\/td>\n<\/tr>\n<tr>\n<td><span style=\"font-weight: 400;\">Format<\/span><\/td>\n<td><span style=\"font-weight: 400;\">Schlank<\/span><\/td>\n<\/tr>\n<tr>\n<td><span style=\"font-weight: 400;\">Geschmack<\/span><\/td>\n<td><span style=\"font-weight: 400;\">Grapefruit<\/span><\/td>\n<\/tr>\n<tr>\n<td><span style=\"font-weight: 400;\">Nikotinst\u00e4rke<\/span><\/td>\n<td><span style=\"font-weight: 400;\">11,4 mg\/g (8 mg pro Beutel)<\/span><\/td>\n<\/tr>\n<tr>\n<td><span style=\"font-weight: 400;\">Portion Gewicht<\/span><\/td>\n<td><span style=\"font-weight: 400;\">0,7 Gramm<\/span><\/td>\n<\/tr>\n<tr>\n<td><span style=\"font-weight: 400;\">Anzahl der Portionen<\/span><\/td>\n<td><span style=\"font-weight: 400;\">20 pro Dose<\/span><\/td>\n<\/tr>\n<tr>\n<td><span style=\"font-weight: 400;\">Gesamtgewicht der Dose<\/span><\/td>\n<td><span style=\"font-weight: 400;\">14 Gramm<\/span><\/td>\n<\/tr>\n<tr>\n<td><span style=\"font-weight: 400;\">Hersteller<\/span><\/td>\n<td><span style=\"font-weight: 400;\">BAT<\/span><\/td>\n<\/tr>\n<tr>\n<td><span style=\"font-weight: 400;\">Bemerkenswerte Merkmale<\/span><\/td>\n<td><span style=\"font-weight: 400;\">Tabakfreie, diskrete Slim-Portionen, ausgewogenes Geschmacksprofil<\/span><\/td>\n<\/tr>\n<\/tbody>\n<\/table>\n<h2 data-start=\"913\" data-end=\"926\">Merkmale<\/h2>\n<ul data-start=\"927\" data-end=\"1126\">\n<li data-start=\"927\" data-end=\"954\">\n<p data-start=\"929\" data-end=\"954\">Fruchtig <strong data-start=\"936\" data-end=\"945\">Trauben<\/strong> Geschmack<\/p>\n<\/li>\n<li data-start=\"955\" data-end=\"993\">\n<p data-start=\"957\" data-end=\"993\"><strong data-start=\"957\" data-end=\"965\">Schlank<\/strong> Format mit abgerundeten Kanten<\/p>\n<\/li>\n<li data-start=\"994\" data-end=\"1063\">\n<p data-start=\"996\" data-end=\"1063\">Tabakfreier wei\u00dfer Beutel mit starker Nikotinst\u00e4rke (<strong data-start=\"1052\" data-end=\"1060\">8 mg<\/strong>)<\/p>\n<\/li>\n<li data-start=\"1064\" data-end=\"1102\">\n<p data-start=\"1066\" data-end=\"1102\">Sechseckige Dose mit modernem Design<\/p>\n<\/li>\n<li data-start=\"1103\" data-end=\"1126\">\n<p data-start=\"1105\" data-end=\"1126\">Hergestellt von BAT<\/p>\n<\/li>\n<\/ul>","protected":false},"excerpt":{"rendered":"<p>VELO <strong data-start=\"156\" data-end=\"175\">Verschiebung Hot Grape<\/strong> in <strong data-start=\"179\" data-end=\"187\">Schlank<\/strong> ist ein tabakfreier wei\u00dfer Beutel mit fruchtigem Traubengeschmack und starker Nikotinst\u00e4rke. Jeder Beutel enth\u00e4lt <strong data-start=\"295\" data-end=\"303\">8 mg<\/strong> von Nikotin und wird in einer sechseckigen Dose mit abgerundeten Teilen geliefert.<\/p>","protected":false},"featured_media":96191,"comment_status":"open","ping_status":"closed","template":"","format":[206],"meta":{"_acf_changed":false},"product_brand":[],"product_cat":[48],"product_tag":[16445,16583],"flavours":[196],"nicotine":[208,236],"class_list":{"0":"post-32553","1":"product","2":"type-product","3":"status-publish","4":"has-post-thumbnail","6":"product_cat-velo","7":"product_tag-20-off","8":"product_tag-8-mg-pouch","9":"pa_quantity-1-pack","10":"pa_quantity-10-pack","11":"pa_quantity-3-pack","12":"pa_quantity-30-pack","13":"pa_quantity-5-pack","14":"pa_quantity-60-pack","15":"flavours-fruits-berries","16":"format-slim","17":"nicotine-11-mg-g","18":"nicotine-strong","20":"first","21":"instock","22":"sale","23":"taxable","24":"shipping-taxable","25":"purchasable","26":"product-type-variable"},"acf":[],"_links":{"self":[{"href":"https:\/\/whitelip.com\/de\/wp-json\/wp\/v2\/product\/32553","targetHints":{"allow":["GET"]}}],"collection":[{"href":"https:\/\/whitelip.com\/de\/wp-json\/wp\/v2\/product"}],"about":[{"href":"https:\/\/whitelip.com\/de\/wp-json\/wp\/v2\/types\/product"}],"replies":[{"embeddable":true,"href":"https:\/\/whitelip.com\/de\/wp-json\/wp\/v2\/comments?post=32553"}],"wp:featuredmedia":[{"embeddable":true,"href":"https:\/\/whitelip.com\/de\/wp-json\/wp\/v2\/media\/96191"}],"wp:attachment":[{"href":"https:\/\/whitelip.com\/de\/wp-json\/wp\/v2\/media?parent=32553"}],"wp:term":[{"taxonomy":"product_brand","embeddable":true,"href":"https:\/\/whitelip.com\/de\/wp-json\/wp\/v2\/product_brand?post=32553"},{"taxonomy":"product_cat","embeddable":true,"href":"https:\/\/whitelip.com\/de\/wp-json\/wp\/v2\/product_cat?post=32553"},{"taxonomy":"product_tag","embeddable":true,"href":"https:\/\/whitelip.com\/de\/wp-json\/wp\/v2\/product_tag?post=32553"},{"taxonomy":"flavours","embeddable":true,"href":"https:\/\/whitelip.com\/de\/wp-json\/wp\/v2\/flavours?post=32553"},{"taxonomy":"format","embeddable":true,"href":"https:\/\/whitelip.com\/de\/wp-json\/wp\/v2\/format?post=32553"},{"taxonomy":"nicotine","embeddable":true,"href":"https:\/\/whitelip.com\/de\/wp-json\/wp\/v2\/nicotine?post=32553"}],"curies":[{"name":"wp","href":"https:\/\/api.w.org\/{rel}","templated":true}]}}