{"id":32547,"date":"2025-10-27T11:24:03","date_gmt":"2025-10-27T11:24:03","guid":{"rendered":"https:\/\/whitelip.com\/?post_type=product&#038;p=32547"},"modified":"2026-05-06T17:40:08","modified_gmt":"2026-05-06T17:40:08","slug":"velo-shift-hot-dragonfruit","status":"publish","type":"product","link":"https:\/\/whitelip.com\/de\/velo\/velo-shift-hot-dragonfruit\/","title":{"rendered":"VELO-Schicht Hei\u00dfe Drachenfrucht"},"content":{"rendered":"<p data-start=\"442\" data-end=\"827\">VELO <strong data-start=\"447\" data-end=\"472\">Verschiebung Hei\u00dfe Drachenfrucht<\/strong> in <strong data-start=\"476\" data-end=\"484\">Schlank<\/strong> ist ein wei\u00dfer Nikotinbeutel von BAT, der den Geschmack von Drachenfr\u00fcchten mit einem Hauch von Gew\u00fcrzen kombiniert. Das Produkt enth\u00e4lt Nikotin, ist aber tabakfrei und wird als stark eingestuft. Die Beutel sind aus pflanzlichen Fasern hergestellt und mit abgerundeten Kanten versehen, damit sie gut unter die Lippe passen. Die Dose hat eine sechseckige Form, typisch f\u00fcr die VELO Shift-Serie. Jeder Beutel enth\u00e4lt <strong data-start=\"849\" data-end=\"857\">8 mg<\/strong> von Nikotin (Nikotinst\u00e4rke 11,4 mg\/g) und wird in der <strong data-start=\"917\" data-end=\"925\">Schlank<\/strong> Format f\u00fcr ein diskretes und schmales Profil.<\/p>\n<table>\n<tbody>\n<tr>\n<td><b>Attribut<\/b><\/td>\n<td><b>Einzelheiten<\/b><\/td>\n<\/tr>\n<tr>\n<td><span style=\"font-weight: 400;\">Marke<\/span><\/td>\n<td><span style=\"font-weight: 400;\">VELO<\/span><\/td>\n<\/tr>\n<tr>\n<td><span style=\"font-weight: 400;\">Produkttyp<\/span><\/td>\n<td><span style=\"font-weight: 400;\">Alle wei\u00dfen Nikotinbeutel<\/span><\/td>\n<\/tr>\n<tr>\n<td><span style=\"font-weight: 400;\">Format<\/span><\/td>\n<td><span style=\"font-weight: 400;\">Schlank<\/span><\/td>\n<\/tr>\n<tr>\n<td><span style=\"font-weight: 400;\">Geschmack<\/span><\/td>\n<td><span style=\"font-weight: 400;\">Drachenfrucht<\/span><\/td>\n<\/tr>\n<tr>\n<td><span style=\"font-weight: 400;\">Nikotinst\u00e4rke<\/span><\/td>\n<td><span style=\"font-weight: 400;\">11,4 mg\/g (8 mg pro Beutel)<\/span><\/td>\n<\/tr>\n<tr>\n<td><span style=\"font-weight: 400;\">Portion Gewicht<\/span><\/td>\n<td><span style=\"font-weight: 400;\">0,7 Gramm<\/span><\/td>\n<\/tr>\n<tr>\n<td><span style=\"font-weight: 400;\">Anzahl der Portionen<\/span><\/td>\n<td><span style=\"font-weight: 400;\">20 pro Dose<\/span><\/td>\n<\/tr>\n<tr>\n<td><span style=\"font-weight: 400;\">Gesamtgewicht der Dose<\/span><\/td>\n<td><span style=\"font-weight: 400;\">14 Gramm<\/span><\/td>\n<\/tr>\n<tr>\n<td><span style=\"font-weight: 400;\">Hersteller<\/span><\/td>\n<td><span style=\"font-weight: 400;\">BAT<\/span><\/td>\n<\/tr>\n<tr>\n<td><span style=\"font-weight: 400;\">Bemerkenswerte Merkmale<\/span><\/td>\n<td><span style=\"font-weight: 400;\">Tabakfreie, diskrete Slim-Portionen, ausgewogenes Geschmacksprofil<\/span><\/td>\n<\/tr>\n<\/tbody>\n<\/table>\n<h2 data-start=\"974\" data-end=\"987\">Merkmale<\/h2>\n<ul data-start=\"988\" data-end=\"1212\">\n<li data-start=\"988\" data-end=\"1040\">\n<p data-start=\"990\" data-end=\"1040\">Geschmack von <strong data-start=\"1000\" data-end=\"1016\">Drachenfrucht<\/strong> mit einem Hauch von Gew\u00fcrzen<\/p>\n<\/li>\n<li data-start=\"1041\" data-end=\"1079\">\n<p data-start=\"1043\" data-end=\"1079\"><strong data-start=\"1043\" data-end=\"1051\">Schlank<\/strong> Format mit abgerundeten Kanten<\/p>\n<\/li>\n<li data-start=\"1080\" data-end=\"1149\">\n<p data-start=\"1082\" data-end=\"1149\">Tabakfreier wei\u00dfer Beutel mit starker Nikotinst\u00e4rke (<strong data-start=\"1138\" data-end=\"1146\">8 mg<\/strong>)<\/p>\n<\/li>\n<li data-start=\"1150\" data-end=\"1188\">\n<p data-start=\"1152\" data-end=\"1188\">Sechseckige Dose mit modernem Design<\/p>\n<\/li>\n<li data-start=\"1189\" data-end=\"1212\">\n<p data-start=\"1191\" data-end=\"1212\">Hergestellt von BAT<\/p>\n<\/li>\n<\/ul>","protected":false},"excerpt":{"rendered":"<p>VELO <strong data-start=\"177\" data-end=\"202\">Verschiebung Hei\u00dfe Drachenfrucht<\/strong> in <strong data-start=\"206\" data-end=\"214\">Schlank<\/strong> ist ein tabakfreier wei\u00dfer Beutel mit dem Geschmack von Drachenfr\u00fcchten und subtilen Gew\u00fcrznoten. Jeder Beutel enth\u00e4lt <strong data-start=\"319\" data-end=\"327\">8 mg<\/strong> von Nikotin und verf\u00fcgt \u00fcber abgerundete Kanten f\u00fcr einen bequemen Sitz in einer sechseckigen Dose.<\/p>","protected":false},"featured_media":32551,"comment_status":"open","ping_status":"closed","template":"","format":[206],"meta":{"_acf_changed":false},"product_brand":[],"product_cat":[48],"product_tag":[16445,16583],"flavours":[196],"nicotine":[208,236],"class_list":{"0":"post-32547","1":"product","2":"type-product","3":"status-publish","4":"has-post-thumbnail","6":"product_cat-velo","7":"product_tag-20-off","8":"product_tag-8-mg-pouch","9":"pa_quantity-1-pack","10":"pa_quantity-10-pack","11":"pa_quantity-3-pack","12":"pa_quantity-30-pack","13":"pa_quantity-5-pack","14":"pa_quantity-60-pack","15":"flavours-fruits-berries","16":"format-slim","17":"nicotine-11-mg-g","18":"nicotine-strong","20":"first","21":"instock","22":"sale","23":"taxable","24":"shipping-taxable","25":"purchasable","26":"product-type-variable"},"acf":[],"_links":{"self":[{"href":"https:\/\/whitelip.com\/de\/wp-json\/wp\/v2\/product\/32547","targetHints":{"allow":["GET"]}}],"collection":[{"href":"https:\/\/whitelip.com\/de\/wp-json\/wp\/v2\/product"}],"about":[{"href":"https:\/\/whitelip.com\/de\/wp-json\/wp\/v2\/types\/product"}],"replies":[{"embeddable":true,"href":"https:\/\/whitelip.com\/de\/wp-json\/wp\/v2\/comments?post=32547"}],"wp:featuredmedia":[{"embeddable":true,"href":"https:\/\/whitelip.com\/de\/wp-json\/wp\/v2\/media\/32551"}],"wp:attachment":[{"href":"https:\/\/whitelip.com\/de\/wp-json\/wp\/v2\/media?parent=32547"}],"wp:term":[{"taxonomy":"product_brand","embeddable":true,"href":"https:\/\/whitelip.com\/de\/wp-json\/wp\/v2\/product_brand?post=32547"},{"taxonomy":"product_cat","embeddable":true,"href":"https:\/\/whitelip.com\/de\/wp-json\/wp\/v2\/product_cat?post=32547"},{"taxonomy":"product_tag","embeddable":true,"href":"https:\/\/whitelip.com\/de\/wp-json\/wp\/v2\/product_tag?post=32547"},{"taxonomy":"flavours","embeddable":true,"href":"https:\/\/whitelip.com\/de\/wp-json\/wp\/v2\/flavours?post=32547"},{"taxonomy":"format","embeddable":true,"href":"https:\/\/whitelip.com\/de\/wp-json\/wp\/v2\/format?post=32547"},{"taxonomy":"nicotine","embeddable":true,"href":"https:\/\/whitelip.com\/de\/wp-json\/wp\/v2\/nicotine?post=32547"}],"curies":[{"name":"wp","href":"https:\/\/api.w.org\/{rel}","templated":true}]}}